{"id":6810,"date":"2021-05-17T16:56:34","date_gmt":"2021-05-17T16:56:34","guid":{"rendered":"https:\/\/mongonzalez.es\/?page_id=6810"},"modified":"2024-05-29T23:30:08","modified_gmt":"2024-05-29T23:30:08","slug":"%d9%85%d9%88%d9%86-%d9%81%d9%8a-%d8%a7%d9%84%d9%88%d8%b3%d8%a7%d8%a6%d9%84","status":"publish","type":"page","link":"https:\/\/mongonzalez.es\/ar\/mon\/%d9%85%d9%88%d9%86-%d9%81%d9%8a-%d8%a7%d9%84%d9%88%d8%b3%d8%a7%d8%a6%d9%84\/","title":{"rendered":"\u0645\u0648\u0646 \u0641\u064a \u0627\u0644\u0648\u0633\u0627\u0626\u0644"},"content":{"rendered":"\t\t<div data-elementor-type=\"wp-page\" data-elementor-id=\"6810\" class=\"elementor elementor-6810\" data-elementor-post-type=\"page\">\n\t\t\t\t\t\t<section class=\"elementor-section elementor-top-section elementor-element elementor-element-324c68b elementor-section-boxed elementor-section-height-default elementor-section-height-default\" data-id=\"324c68b\" data-element_type=\"section\" data-e-type=\"section\">\n\t\t\t\t\t\t<div class=\"elementor-container elementor-column-gap-default\">\n\t\t\t\t\t<div class=\"elementor-column elementor-col-50 elementor-top-column elementor-element elementor-element-69a1d25\" data-id=\"69a1d25\" data-element_type=\"column\" data-e-type=\"column\">\n\t\t\t<div class=\"elementor-widget-wrap\">\n\t\t\t\t\t\t\t<\/div>\n\t\t<\/div>\n\t\t\t\t<div class=\"elementor-column elementor-col-50 elementor-top-column elementor-element elementor-element-7704beb\" data-id=\"7704beb\" data-element_type=\"column\" data-e-type=\"column\">\n\t\t\t<div class=\"elementor-widget-wrap elementor-element-populated\">\n\t\t\t\t\t\t<div class=\"elementor-element elementor-element-f5122d8 elementor-widget elementor-widget-heading\" data-id=\"f5122d8\" data-element_type=\"widget\" data-e-type=\"widget\" data-widget_type=\"heading.default\">\n\t\t\t\t<div class=\"elementor-widget-container\">\n\t\t\t\t\t<h2 class=\"elementor-heading-title elementor-size-default\">Mon en los medios.<\/h2>\t\t\t\t<\/div>\n\t\t\t\t<\/div>\n\t\t\t\t\t<\/div>\n\t\t<\/div>\n\t\t\t\t\t<\/div>\n\t\t<\/section>\n\t\t\t\t<section class=\"elementor-section elementor-top-section elementor-element elementor-element-e89389c elementor-section-boxed elementor-section-height-default elementor-section-height-default\" data-id=\"e89389c\" data-element_type=\"section\" data-e-type=\"section\">\n\t\t\t\t\t\t<div class=\"elementor-container elementor-column-gap-default\">\n\t\t\t\t\t<div class=\"elementor-column elementor-col-100 elementor-top-column elementor-element elementor-element-e3bf099\" data-id=\"e3bf099\" data-element_type=\"column\" data-e-type=\"column\">\n\t\t\t<div class=\"elementor-widget-wrap elementor-element-populated\">\n\t\t\t\t\t\t<div class=\"elementor-element elementor-element-76dc1ef elementor-widget elementor-widget-heading\" data-id=\"76dc1ef\" data-element_type=\"widget\" data-e-type=\"widget\" data-widget_type=\"heading.default\">\n\t\t\t\t<div class=\"elementor-widget-container\">\n\t\t\t\t\t<h2 class=\"elementor-heading-title elementor-size-default\">\u00daltimas publicaciones<\/h2>\t\t\t\t<\/div>\n\t\t\t\t<\/div>\n\t\t\t\t\t<\/div>\n\t\t<\/div>\n\t\t\t\t\t<\/div>\n\t\t<\/section>\n\t\t\t\t<\/div>\n\t\t","protected":false},"excerpt":{"rendered":"<p>Mon en los medios. \u00daltimas publicaciones La consulta actual no tiene entradas. Por favor, aseg\u00farate de que has publicado art\u00edculos que coincidan con tu consulta.<\/p>\n","protected":false},"author":2,"featured_media":0,"parent":6802,"menu_order":20,"comment_status":"closed","ping_status":"closed","template":"","meta":{"footnotes":""},"class_list":["post-6810","page","type-page","status-publish","hentry"],"_links":{"self":[{"href":"https:\/\/mongonzalez.es\/ar\/wp-json\/wp\/v2\/pages\/6810","targetHints":{"allow":["GET"]}}],"collection":[{"href":"https:\/\/mongonzalez.es\/ar\/wp-json\/wp\/v2\/pages"}],"about":[{"href":"https:\/\/mongonzalez.es\/ar\/wp-json\/wp\/v2\/types\/page"}],"author":[{"embeddable":true,"href":"https:\/\/mongonzalez.es\/ar\/wp-json\/wp\/v2\/users\/2"}],"replies":[{"embeddable":true,"href":"https:\/\/mongonzalez.es\/ar\/wp-json\/wp\/v2\/comments?post=6810"}],"version-history":[{"count":0,"href":"https:\/\/mongonzalez.es\/ar\/wp-json\/wp\/v2\/pages\/6810\/revisions"}],"up":[{"embeddable":true,"href":"https:\/\/mongonzalez.es\/ar\/wp-json\/wp\/v2\/pages\/6802"}],"wp:attachment":[{"href":"https:\/\/mongonzalez.es\/ar\/wp-json\/wp\/v2\/media?parent=6810"}],"curies":[{"name":"wp","href":"https:\/\/api.w.org\/{rel}","templated":true}]}}