{"id":6830,"date":"2021-01-27T20:22:06","date_gmt":"2021-01-27T20:22:06","guid":{"rendered":"https:\/\/mongonzalez.es\/?page_id=6830"},"modified":"2025-09-02T19:42:34","modified_gmt":"2025-09-02T17:42:34","slug":"linguistica","status":"publish","type":"page","link":"https:\/\/mongonzalez.es\/ar\/%d9%85%d9%88%d9%86%d8%aa%d8%ad%d9%84%d9%8a%d9%84\/linguistica\/","title":{"rendered":"\u0627\u0644\u0644\u063a\u0648\u064a\u0629"},"content":{"rendered":"\t\t<div data-elementor-type=\"wp-page\" data-elementor-id=\"6830\" class=\"elementor elementor-6830 elementor-5870\" data-elementor-post-type=\"page\">\n\t\t\t\t\t\t<section class=\"elementor-section elementor-top-section elementor-element elementor-element-11f609f elementor-section-boxed elementor-section-height-default elementor-section-height-default\" data-id=\"11f609f\" data-element_type=\"section\" data-e-type=\"section\">\n\t\t\t\t\t\t<div class=\"elementor-container elementor-column-gap-default\">\n\t\t\t\t\t<div class=\"elementor-column elementor-col-100 elementor-top-column elementor-element elementor-element-3f8c140\" data-id=\"3f8c140\" data-element_type=\"column\" data-e-type=\"column\">\n\t\t\t<div class=\"elementor-widget-wrap elementor-element-populated\">\n\t\t\t\t\t\t<div class=\"elementor-element elementor-element-69a5cd6 elementor-widget elementor-widget-heading\" data-id=\"69a5cd6\" data-element_type=\"widget\" data-e-type=\"widget\" data-widget_type=\"heading.default\">\n\t\t\t\t<div class=\"elementor-widget-container\">\n\t\t\t\t\t<h2 class=\"elementor-heading-title elementor-size-default\">\u0627\u0644\u0644\u063a\u0648\u064a\u0629<\/h2>\t\t\t\t<\/div>\n\t\t\t\t<\/div>\n\t\t\t\t<div class=\"elementor-element elementor-element-eb0f037 elementor-widget elementor-widget-text-editor\" data-id=\"eb0f037\" data-element_type=\"widget\" data-e-type=\"widget\" data-widget_type=\"text-editor.default\">\n\t\t\t\t<div class=\"elementor-widget-container\">\n\t\t\t\t\t\t\t\t\t<p style=\"direction: rtl;\">\u064a\u0639\u0631\u0651\u0641 \u0642\u0627\u0645\u0648\u0633 \u0627\u0644\u0644\u063a\u0629 \u0627\u0644\u0625\u0633\u0628\u0627\u0646\u064a\u0629 (DLE) \u0627\u0644\u0644\u063a\u0648\u064a\u0629 \u0628\u0623\u0646\u0647\u0627 \u201d<em>\u0639\u0644\u0645 \u0627\u0644\u0644\u063a\u0629<\/em>\u201c. \u0648\u0647\u064a \u0639\u0644\u0645 \u062c\u0645\u064a\u0644 \u0648\u0648\u0627\u0633\u0639 \u0627\u0644\u0646\u0637\u0627\u0642.<\/p><p style=\"direction: rtl;\">\u0633\u062a\u0631\u0643\u0632 \u0647\u0630\u0647 \u0627\u0644\u0639\u0644\u0627\u0645\u0629 \u0627\u0644\u062a\u0628\u0648\u064a\u0628\u064a\u0629 \u0639\u0644\u0649 \u0645\u062c\u0627\u0644 \u0645\u062d\u062f\u062f \u0648\u0645\u062a\u0648\u0627\u0636\u0639 \u0644\u0644\u063a\u0627\u064a\u0629: \u062a\u0642\u062f\u064a\u0645 \u0627\u0644\u0623\u062f\u0648\u0627\u062a \u0627\u0644\u062a\u064a \u0642\u0645\u062a \u0628\u062a\u0646\u0638\u064a\u0645\u0647\u0627 \u0641\u064a \u0639\u0645\u0644\u064a\u0629 \u062a\u0639\u0644\u0645 \u0627\u0644\u0644\u063a\u0627\u062a.<\/p><p style=\"direction: rtl;\">\u0644\u0648 \u0643\u0627\u0646\u062a \u0623\u062c\u0647\u0632\u0629 \u0627\u0644\u0643\u0645\u0628\u064a\u0648\u062a\u0631 \u0648\u0627\u0644\u0625\u0646\u062a\u0631\u0646\u062a \u0645\u0648\u062c\u0648\u062f\u0629 \u0639\u0646\u062f\u0645\u0627 \u0643\u0646\u062a \u0634\u0627\u0628\u064b\u0627 \u0648\u0623\u062f\u0631\u0633 \u0644\u063a\u0627\u062a\u064a\u060c \u0644\u0643\u0627\u0646 \u0644\u062f\u064a \u0627\u0644\u0643\u062b\u064a\u0631 \u0645\u0646 \u0627\u0644\u0645\u0648\u0627\u062f \u0644\u0623\u0631\u0641\u0639\u0647\u0627. \u0644\u0644\u0623\u0633\u0641\u060c \u0644\u0645 \u064a\u0643\u0646 \u0627\u0644\u0623\u0645\u0631 \u0643\u0630\u0644\u0643.<\/p><p style=\"direction: rtl;\">\u0644\u0630\u0644\u0643\u060c \u0641\u064a \u0627\u0644\u0628\u062f\u0627\u064a\u0629\u060c \u0623\u0642\u0648\u0645 \u0628\u062a\u062d\u0645\u064a\u0644 \u0627\u0644\u0645\u0644\u062e\u0635\u0627\u062a \u0648\/\u0623\u0648 \u0627\u0644\u0645\u062e\u0637\u0637\u0627\u062a \u0627\u0644\u062a\u064a \u0623\u0639\u062f\u062f\u062a\u0647\u0627 \u0641\u064a \u0627\u0644\u0645\u0627\u0636\u064a\u060c \u0648\u0627\u0644\u062a\u064a \u0623\u0635\u0628\u062d\u062a \u062c\u0627\u0647\u0632\u0629 \u0644\u0644\u062a\u062d\u0645\u064a\u0644. \u0641\u064a \u0627\u0644\u0648\u0642\u062a \u0627\u0644\u062d\u0627\u0644\u064a\u060c \u062a\u062a\u0639\u0644\u0642 \u0647\u0630\u0647 \u0627\u0644\u0645\u0644\u062e\u0635\u0627\u062a \u0648\u0627\u0644\u0645\u062e\u0637\u0637\u0627\u062a \u0628\u0644\u063a\u062a\u064a\u0646 \u0641\u0642\u0637: \u0627\u0644\u0625\u0633\u0628\u0627\u0646\u064a\u0629-\u0627\u0644\u0643\u0627\u0633\u062a\u064a\u0644\u064a\u0629\u060c \u0648\u0627\u0644\u0625\u064a\u0648\u0633\u0643\u0627\u0631\u0627 \u0623\u0648 \u0627\u0644\u0625\u0633\u0628\u0627\u0646\u064a\u0629-\u0627\u0644\u0628\u0627\u0633\u0643\u064a\u0629.<\/p><p style=\"direction: rtl;\">\u0645\u0639 \u0645\u0631\u0648\u0631 \u0627\u0644\u0648\u0642\u062a\u060c \u0622\u0645\u0644 \u0623\u0646 \u0623\u062a\u0645\u0643\u0646 \u0645\u0646 \u0625\u062b\u0631\u0627\u0621 \u0647\u0630\u0647 \u0627\u0644\u0639\u0644\u0627\u0645\u0629 \u0627\u0644\u062a\u0628\u0648\u064a\u0628\u064a\u0629 \u0623\u0643\u062b\u0631&#8230; \u0633\u064a\u0643\u0648\u0646 \u0630\u0644\u0643 \u0631\u0627\u0626\u0639\u064b\u0627!<\/p>\t\t\t\t\t\t\t\t<\/div>\n\t\t\t\t<\/div>\n\t\t\t\t<div class=\"elementor-element elementor-element-e5f1fd0 elementor-widget elementor-widget-text-editor\" data-id=\"e5f1fd0\" data-element_type=\"widget\" data-e-type=\"widget\" data-widget_type=\"text-editor.default\">\n\t\t\t\t<div class=\"elementor-widget-container\">\n\t\t\t\t\t\t\t\t\t<p style=\"direction: rtl;\"><strong>\u0627\u0644\u0625\u0633\u0628\u0627\u0646\u064a\u0629-\u0627\u0644\u0643\u0627\u0633\u062a\u064a\u0644\u064a\u0629<\/strong><\/p><ul><li style=\"direction: rtl;\"><a href=\"https:\/\/mongonzalez.es\/wp-content\/uploads\/2025\/05\/Esquema-de-Morfologia.pdf\" target=\"_blank\" rel=\"noopener\">\u0645\u062e\u0637\u0637 \u0627\u0644\u0635\u0631\u0641<\/a><\/li><li style=\"direction: rtl;\"><a href=\"https:\/\/mongonzalez.es\/wp-content\/uploads\/2025\/05\/Esquema-de-Sintaxis.pdf\" target=\"_blank\" rel=\"noopener\">\u0645\u062e\u0637\u0637 \u0627\u0644\u0646\u062d\u0648<\/a><\/li><li style=\"direction: rtl;\"><a href=\"https:\/\/mongonzalez.es\/wp-content\/uploads\/2025\/05\/Reglas-de-la-ortografia-castellana.pdf\" target=\"_blank\" rel=\"noopener\">\u0642\u0648\u0627\u0639\u062f \u0627\u0644\u0625\u0645\u0644\u0627\u0621 \u0627\u0644\u0643\u0627\u0633\u062a\u064a\u0644\u064a\u0629<\/a><\/li><\/ul>\t\t\t\t\t\t\t\t<\/div>\n\t\t\t\t<\/div>\n\t\t\t\t<div class=\"elementor-element elementor-element-5d2e5bb elementor-widget elementor-widget-text-editor\" data-id=\"5d2e5bb\" data-element_type=\"widget\" data-e-type=\"widget\" data-widget_type=\"text-editor.default\">\n\t\t\t\t<div class=\"elementor-widget-container\">\n\t\t\t\t\t\t\t\t\t<p style=\"direction: rtl;\"><strong>\u0627\u0644\u0625\u0633\u0628\u0627\u0646\u064a\u0629-\u0627\u0644\u0628\u0627\u0633\u0643\u064a\u0629<\/strong><\/p><ul><li><a href=\"https:\/\/mongonzalez.es\/wp-content\/uploads\/2025\/05\/ADITZAK.pdf\">Aditzak<\/a><\/li><li><a href=\"https:\/\/mongonzalez.es\/wp-content\/uploads\/2025\/05\/ADITZ-TRINKOAK.pdf\">Aditz trinkoak<\/a><\/li><li><a href=\"https:\/\/mongonzalez.es\/wp-content\/uploads\/2025\/05\/ADITZAK-NOR-Y-NOR-ZER.pdf\">Aditzak nor y nor-zer<\/a><\/li><li><a href=\"https:\/\/mongonzalez.es\/wp-content\/uploads\/2025\/05\/ADITZAK-NOR-NORK.pdf\">Aditzak nor-nork<\/a><\/li><li><a href=\"https:\/\/mongonzalez.es\/wp-content\/uploads\/2025\/05\/ADITZAK-NOR-NORI-NORK.pdf\">Aditzak nor-nori-nork<\/a><\/li><li><a href=\"https:\/\/mongonzalez.es\/wp-content\/uploads\/2025\/05\/DEKLINABIDEA-FINAL.pdf\">Deklinabidea<\/a><\/li><li><a href=\"https:\/\/mongonzalez.es\/wp-content\/uploads\/2025\/05\/PERPAUSAK.pdf\">Perpausak<\/a><\/li><\/ul>\t\t\t\t\t\t\t\t<\/div>\n\t\t\t\t<\/div>\n\t\t\t\t\t<\/div>\n\t\t<\/div>\n\t\t\t\t\t<\/div>\n\t\t<\/section>\n\t\t\t\t<section class=\"elementor-section elementor-top-section elementor-element elementor-element-d570c5e elementor-hidden-desktop elementor-hidden-tablet elementor-hidden-mobile elementor-section-boxed elementor-section-height-default elementor-section-height-default\" data-id=\"d570c5e\" data-element_type=\"section\" data-e-type=\"section\">\n\t\t\t\t\t\t<div class=\"elementor-container elementor-column-gap-default\">\n\t\t\t\t\t<div class=\"elementor-column elementor-col-100 elementor-top-column elementor-element elementor-element-02d4b83\" data-id=\"02d4b83\" data-element_type=\"column\" data-e-type=\"column\">\n\t\t\t<div class=\"elementor-widget-wrap elementor-element-populated\">\n\t\t\t\t\t\t<div class=\"elementor-element elementor-element-48a2653 elementor-widget elementor-widget-heading\" data-id=\"48a2653\" data-element_type=\"widget\" data-e-type=\"widget\" data-widget_type=\"heading.default\">\n\t\t\t\t<div class=\"elementor-widget-container\">\n\t\t\t\t\t<h2 class=\"elementor-heading-title elementor-size-default\">Todas las publicaciones de Ling\u00fc\u00edstica<\/h2>\t\t\t\t<\/div>\n\t\t\t\t<\/div>\n\t\t\t\t\t<\/div>\n\t\t<\/div>\n\t\t\t\t\t<\/div>\n\t\t<\/section>\n\t\t\t\t<\/div>\n\t\t","protected":false},"excerpt":{"rendered":"<p>LING\u00dc\u00cdSTICA El Diccionario de la Lengua Espa\u00f1ola (DLE) define la ling\u00fc\u00edstica como \u201cciencia del lenguaje\u201d. Y es una ciencia hermos\u00edsima y muy amplia. Esta pesta\u00f1a se centrar\u00e1 en un \u00e1mbito muy concreto y muy modesto: ofrecer las herramientas que sistematic\u00e9 en el proceso de aprendizaje de mis idiomas. Si los ordenadores e internet hubieran existido [&hellip;]<\/p>\n","protected":false},"author":1,"featured_media":0,"parent":6824,"menu_order":30,"comment_status":"closed","ping_status":"closed","template":"elementor_header_footer","meta":{"footnotes":""},"class_list":["post-6830","page","type-page","status-publish","hentry"],"_links":{"self":[{"href":"https:\/\/mongonzalez.es\/ar\/wp-json\/wp\/v2\/pages\/6830","targetHints":{"allow":["GET"]}}],"collection":[{"href":"https:\/\/mongonzalez.es\/ar\/wp-json\/wp\/v2\/pages"}],"about":[{"href":"https:\/\/mongonzalez.es\/ar\/wp-json\/wp\/v2\/types\/page"}],"author":[{"embeddable":true,"href":"https:\/\/mongonzalez.es\/ar\/wp-json\/wp\/v2\/users\/1"}],"replies":[{"embeddable":true,"href":"https:\/\/mongonzalez.es\/ar\/wp-json\/wp\/v2\/comments?post=6830"}],"version-history":[{"count":0,"href":"https:\/\/mongonzalez.es\/ar\/wp-json\/wp\/v2\/pages\/6830\/revisions"}],"up":[{"embeddable":true,"href":"https:\/\/mongonzalez.es\/ar\/wp-json\/wp\/v2\/pages\/6824"}],"wp:attachment":[{"href":"https:\/\/mongonzalez.es\/ar\/wp-json\/wp\/v2\/media?parent=6830"}],"curies":[{"name":"wp","href":"https:\/\/api.w.org\/{rel}","templated":true}]}}