{"id":6163,"date":"2021-01-27T19:20:20","date_gmt":"2021-01-27T19:20:20","guid":{"rendered":"https:\/\/mongonzalez.es\/?page_id=6163"},"modified":"2024-06-20T20:29:52","modified_gmt":"2024-06-20T20:29:52","slug":"connectant","status":"publish","type":"page","link":"https:\/\/mongonzalez.es\/ca\/connectant\/","title":{"rendered":"Connectant"},"content":{"rendered":"\t\t<div data-elementor-type=\"wp-page\" data-elementor-id=\"6163\" class=\"elementor elementor-6163 elementor-5811\" data-elementor-post-type=\"page\">\n\t\t\t\t\t\t<section class=\"elementor-section elementor-top-section elementor-element elementor-element-0fa0af5 elementor-section-content-middle elementor-section-boxed elementor-section-height-default elementor-section-height-default\" data-id=\"0fa0af5\" data-element_type=\"section\" data-e-type=\"section\">\n\t\t\t\t\t\t<div class=\"elementor-container elementor-column-gap-default\">\n\t\t\t\t\t<div class=\"elementor-column elementor-col-50 elementor-top-column elementor-element elementor-element-ef29d1e\" data-id=\"ef29d1e\" data-element_type=\"column\" data-e-type=\"column\">\n\t\t\t<div class=\"elementor-widget-wrap\">\n\t\t\t\t\t\t\t<\/div>\n\t\t<\/div>\n\t\t\t\t<div class=\"elementor-column elementor-col-50 elementor-top-column elementor-element elementor-element-e9e076e\" data-id=\"e9e076e\" data-element_type=\"column\" data-e-type=\"column\">\n\t\t\t<div class=\"elementor-widget-wrap elementor-element-populated\">\n\t\t\t\t\t\t<div class=\"elementor-element elementor-element-eeb8a2e elementor-widget elementor-widget-heading\" data-id=\"eeb8a2e\" data-element_type=\"widget\" data-e-type=\"widget\" data-widget_type=\"heading.default\">\n\t\t\t\t<div class=\"elementor-widget-container\">\n\t\t\t\t\t<h2 class=\"elementor-heading-title elementor-size-default\">Connectant<\/h2>\t\t\t\t<\/div>\n\t\t\t\t<\/div>\n\t\t\t\t\t<\/div>\n\t\t<\/div>\n\t\t\t\t\t<\/div>\n\t\t<\/section>\n\t\t\t\t<section class=\"elementor-section elementor-top-section elementor-element elementor-element-831e1c8 elementor-section-content-middle elementor-section-boxed elementor-section-height-default elementor-section-height-default\" data-id=\"831e1c8\" data-element_type=\"section\" data-e-type=\"section\">\n\t\t\t\t\t\t<div class=\"elementor-container elementor-column-gap-default\">\n\t\t\t\t\t<div class=\"elementor-column elementor-col-50 elementor-top-column elementor-element elementor-element-3b09add\" data-id=\"3b09add\" data-element_type=\"column\" data-e-type=\"column\">\n\t\t\t<div class=\"elementor-widget-wrap elementor-element-populated\">\n\t\t\t\t\t\t<div class=\"elementor-element elementor-element-be2e8a0 elementor-widget elementor-widget-image\" data-id=\"be2e8a0\" data-element_type=\"widget\" data-e-type=\"widget\" data-widget_type=\"image.default\">\n\t\t\t\t<div class=\"elementor-widget-container\">\n\t\t\t\t\t\t\t\t\t\t\t\t\t\t\t<img decoding=\"async\" src=\"https:\/\/mongonzalez.es\/wp-content\/uploads\/2021\/01\/categoria-sororidad.png\" title=\"\" alt=\"\" loading=\"lazy\" \/>\t\t\t\t\t\t\t\t\t\t\t\t\t\t\t<\/div>\n\t\t\t\t<\/div>\n\t\t\t\t\t<\/div>\n\t\t<\/div>\n\t\t\t\t<div class=\"elementor-column elementor-col-50 elementor-top-column elementor-element elementor-element-040fe30\" data-id=\"040fe30\" data-element_type=\"column\" data-e-type=\"column\">\n\t\t\t<div class=\"elementor-widget-wrap elementor-element-populated\">\n\t\t\t\t\t\t<div class=\"elementor-element elementor-element-95997ef elementor-widget elementor-widget-text-editor\" data-id=\"95997ef\" data-element_type=\"widget\" data-e-type=\"widget\" data-widget_type=\"text-editor.default\">\n\t\t\t\t<div class=\"elementor-widget-container\">\n\t\t\t\t\t\t\t\t\t<p>Desitjo que aquesta pestanya serveixi per tendir ponts cap a altres, ja siguin persones o organitzacions, que busquin tamb\u00e9 construir un m\u00f3n millor a trav\u00e9s del poder moll o transversal i la serend\u00edpia.<\/p><p>Des d&#8217;aquesta perspectiva, considero important el progressiu empoderament de tots els \u00e9ssers humans, fent especial \u00e8mfasi en les dones i nenes, que els permeti reivindicar la seva dignitat i llibertat actuant en peu d&#8217;igualtat (en &#8220;Sororitat\u201d).<\/p><p>Aix\u00ed mateix, advoco per unir energies per crear un m\u00f3n sostenible en el qual tots els \u00e9ssers humans tinguin les seves necessitats b\u00e0siques cobertes (acc\u00e9s a aigua potable, a aliments suficients i nutritius, a un sostre digne, a una educaci\u00f3 b\u00e0sica i a una feina justament remunerada) i que aix\u00f2 s&#8217;aconsegueixi respectant i cuidant a la nostra Mare Terra o Pachamama (en &#8220;Sostenibilitat&#8221;).<\/p>\t\t\t\t\t\t\t\t<\/div>\n\t\t\t\t<\/div>\n\t\t\t\t\t<\/div>\n\t\t<\/div>\n\t\t\t\t\t<\/div>\n\t\t<\/section>\n\t\t\t\t<section class=\"elementor-section elementor-top-section elementor-element elementor-element-a5f3e5c elementor-section-content-middle elementor-section-boxed elementor-section-height-default elementor-section-height-default\" data-id=\"a5f3e5c\" data-element_type=\"section\" data-e-type=\"section\">\n\t\t\t\t\t\t<div class=\"elementor-container elementor-column-gap-default\">\n\t\t\t\t\t<div class=\"elementor-column elementor-col-100 elementor-top-column elementor-element elementor-element-3c5c0af\" data-id=\"3c5c0af\" data-element_type=\"column\" data-e-type=\"column\">\n\t\t\t<div class=\"elementor-widget-wrap elementor-element-populated\">\n\t\t\t\t\t\t<div class=\"elementor-element elementor-element-6982cda elementor-widget elementor-widget-text-editor\" data-id=\"6982cda\" data-element_type=\"widget\" data-e-type=\"widget\" data-widget_type=\"text-editor.default\">\n\t\t\t\t<div class=\"elementor-widget-container\">\n\t\t\t\t\t\t\t\t\t<p>Finalment, res d&#8217;aix\u00f2 ser\u00e0 possible si no busquem amb totes les nostres forces i energies establir les bases de la pau. Com b\u00e9 diu el pre\u00e0mbul de la <a href=\"https:\/\/documents.un.org\/doc\/undoc\/gen\/n15\/291\/93\/pdf\/n1529193.pdf?token=T28JNcE6V8ixCfoAVp&amp;fe=true\" target=\"_blank\" rel=\"noopener\">Resoluci\u00f3 70\/1 de l&#8217;Assemblea General de Nacions Unides de 21 d&#8217;octubre de 2015<\/a> en el qual es fixen l&#8217;Agenda 2030 i els seus 17 Objectius de Desenvolupament Sostenible (ODS): &#8220;No hi pot haver desenvolupament sostenible sense pau, ni pau sense desenvolupament sostenible&#8221; (en &#8220;Pacifisme&#8221;).<\/p>\t\t\t\t\t\t\t\t<\/div>\n\t\t\t\t<\/div>\n\t\t\t\t\t<\/div>\n\t\t<\/div>\n\t\t\t\t\t<\/div>\n\t\t<\/section>\n\t\t\t\t<section class=\"elementor-section elementor-top-section elementor-element elementor-element-43db580 elementor-section-boxed elementor-section-height-default elementor-section-height-default\" data-id=\"43db580\" data-element_type=\"section\" data-e-type=\"section\">\n\t\t\t\t\t\t<div class=\"elementor-container elementor-column-gap-default\">\n\t\t\t\t\t<div class=\"elementor-column elementor-col-100 elementor-top-column elementor-element elementor-element-dc9b05a\" data-id=\"dc9b05a\" data-element_type=\"column\" data-e-type=\"column\">\n\t\t\t<div class=\"elementor-widget-wrap elementor-element-populated\">\n\t\t\t\t\t\t<div class=\"elementor-element elementor-element-78ca3ac elementor-widget elementor-widget-heading\" data-id=\"78ca3ac\" data-element_type=\"widget\" data-e-type=\"widget\" data-widget_type=\"heading.default\">\n\t\t\t\t<div class=\"elementor-widget-container\">\n\t\t\t\t\t<h2 class=\"elementor-heading-title elementor-size-default\">Totes les publicacions de Connectant<\/h2>\t\t\t\t<\/div>\n\t\t\t\t<\/div>\n\t\t\t\t\t<\/div>\n\t\t<\/div>\n\t\t\t\t\t<\/div>\n\t\t<\/section>\n\t\t\t\t<\/div>\n\t\t","protected":false},"excerpt":{"rendered":"<p>Connectant Desitjo que aquesta pestanya serveixi per tendir ponts cap a altres, ja siguin persones o organitzacions, que busquin tamb\u00e9 construir un m\u00f3n millor a trav\u00e9s del poder moll o transversal i la serend\u00edpia. Des d&#8217;aquesta perspectiva, considero important el progressiu empoderament de tots els \u00e9ssers humans, fent especial \u00e8mfasi en les dones i nenes, [&hellip;]<\/p>\n","protected":false},"author":1,"featured_media":0,"parent":0,"menu_order":40,"comment_status":"closed","ping_status":"closed","template":"elementor_header_footer","meta":{"footnotes":""},"class_list":["post-6163","page","type-page","status-publish","hentry"],"_links":{"self":[{"href":"https:\/\/mongonzalez.es\/ca\/wp-json\/wp\/v2\/pages\/6163","targetHints":{"allow":["GET"]}}],"collection":[{"href":"https:\/\/mongonzalez.es\/ca\/wp-json\/wp\/v2\/pages"}],"about":[{"href":"https:\/\/mongonzalez.es\/ca\/wp-json\/wp\/v2\/types\/page"}],"author":[{"embeddable":true,"href":"https:\/\/mongonzalez.es\/ca\/wp-json\/wp\/v2\/users\/1"}],"replies":[{"embeddable":true,"href":"https:\/\/mongonzalez.es\/ca\/wp-json\/wp\/v2\/comments?post=6163"}],"version-history":[{"count":0,"href":"https:\/\/mongonzalez.es\/ca\/wp-json\/wp\/v2\/pages\/6163\/revisions"}],"wp:attachment":[{"href":"https:\/\/mongonzalez.es\/ca\/wp-json\/wp\/v2\/media?parent=6163"}],"curies":[{"name":"wp","href":"https:\/\/api.w.org\/{rel}","templated":true}]}}