{"id":6207,"date":"2021-01-27T20:22:06","date_gmt":"2021-01-27T20:22:06","guid":{"rendered":"https:\/\/mongonzalez.es\/?page_id=6207"},"modified":"2025-09-02T20:42:52","modified_gmt":"2025-09-02T18:42:52","slug":"linguistica","status":"publish","type":"page","link":"https:\/\/mongonzalez.es\/ca\/monanalisis\/linguistica\/","title":{"rendered":"Ling\u00fc\u00edstica"},"content":{"rendered":"\t\t<div data-elementor-type=\"wp-page\" data-elementor-id=\"6207\" class=\"elementor elementor-6207 elementor-5870\" data-elementor-post-type=\"page\">\n\t\t\t\t\t\t<section class=\"elementor-section elementor-top-section elementor-element elementor-element-11f609f elementor-section-boxed elementor-section-height-default elementor-section-height-default\" data-id=\"11f609f\" data-element_type=\"section\" data-e-type=\"section\">\n\t\t\t\t\t\t<div class=\"elementor-container elementor-column-gap-default\">\n\t\t\t\t\t<div class=\"elementor-column elementor-col-100 elementor-top-column elementor-element elementor-element-3f8c140\" data-id=\"3f8c140\" data-element_type=\"column\" data-e-type=\"column\">\n\t\t\t<div class=\"elementor-widget-wrap elementor-element-populated\">\n\t\t\t\t\t\t<div class=\"elementor-element elementor-element-69a5cd6 elementor-widget elementor-widget-heading\" data-id=\"69a5cd6\" data-element_type=\"widget\" data-e-type=\"widget\" data-widget_type=\"heading.default\">\n\t\t\t\t<div class=\"elementor-widget-container\">\n\t\t\t\t\t<h2 class=\"elementor-heading-title elementor-size-default\">LING\u00dc\u00cdSTICA<\/h2>\t\t\t\t<\/div>\n\t\t\t\t<\/div>\n\t\t\t\t<div class=\"elementor-element elementor-element-eb0f037 elementor-widget elementor-widget-text-editor\" data-id=\"eb0f037\" data-element_type=\"widget\" data-e-type=\"widget\" data-widget_type=\"text-editor.default\">\n\t\t\t\t<div class=\"elementor-widget-container\">\n\t\t\t\t\t\t\t\t\t<p>El Diccionari de la Llengua Espanyola (DLE) defineix la ling\u00fc\u00edstica com a \u201c<em>ci\u00e8ncia del llenguatge<\/em>\u201d. I \u00e9s una ci\u00e8ncia bell\u00edssima i molt \u00e0mplia.<\/p><p>Aquesta pestanya se centrar\u00e0 en un \u00e0mbit molt concret i molt modest: oferir les eines que vaig sistematitzar en el proc\u00e9s d&#8217;aprenentatge dels meus idiomes.<\/p><p>Si els ordinadors i internet haguessin existit quan jo era jove i estava estudiant els meus idiomes, tindria molt material per a pujar. Per desgr\u00e0cia, no va anar aix\u00ed.<\/p><p>Per tant, en un primer moment, pujo aquells resums i\/o esquemes que vaig elaborar en el passat, i que estan ja llestos per a ser pujats. Ara com ara, en relaci\u00f3 nom\u00e9s amb dues lleng\u00fces: espanyol-castell\u00e0, i euskara o espanyol-basc.<\/p><p>Amb el temps, tant de bo aconsegueixi enriquir molt m\u00e9s aquesta pestanya\u2026 Seria preci\u00f3s!<\/p>\t\t\t\t\t\t\t\t<\/div>\n\t\t\t\t<\/div>\n\t\t\t\t<div class=\"elementor-element elementor-element-e5f1fd0 elementor-widget elementor-widget-text-editor\" data-id=\"e5f1fd0\" data-element_type=\"widget\" data-e-type=\"widget\" data-widget_type=\"text-editor.default\">\n\t\t\t\t<div class=\"elementor-widget-container\">\n\t\t\t\t\t\t\t\t\t<p><strong>ESPANYOL-CASTELL\u00c0<\/strong><\/p><ul><li><a href=\"https:\/\/mongonzalez.es\/wp-content\/uploads\/2025\/05\/Esquema-de-Morfologia.pdf\" target=\"_blank\" rel=\"noopener\">Esquema de morfologia\u00a0<\/a><\/li><li><a href=\"https:\/\/mongonzalez.es\/wp-content\/uploads\/2025\/05\/Esquema-de-Sintaxis.pdf\" target=\"_blank\" rel=\"noopener\">Esquema de sintaxi\u00a0<\/a><\/li><li><a href=\"https:\/\/mongonzalez.es\/wp-content\/uploads\/2025\/05\/Reglas-de-la-ortografia-castellana.pdf\" target=\"_blank\" rel=\"noopener\">Regles d&#8217;ortografia castellana\u00a0<\/a><\/li><\/ul>\t\t\t\t\t\t\t\t<\/div>\n\t\t\t\t<\/div>\n\t\t\t\t<div class=\"elementor-element elementor-element-5d2e5bb elementor-widget elementor-widget-text-editor\" data-id=\"5d2e5bb\" data-element_type=\"widget\" data-e-type=\"widget\" data-widget_type=\"text-editor.default\">\n\t\t\t\t<div class=\"elementor-widget-container\">\n\t\t\t\t\t\t\t\t\t<p><strong>EUSKARA O ESPANYOL-BASC<\/strong><\/p><ul><li><a href=\"https:\/\/mongonzalez.es\/wp-content\/uploads\/2025\/05\/ADITZAK.pdf\" target=\"_blank\" rel=\"noopener\">Aditzak\u00a0<\/a><\/li><li><a href=\"https:\/\/mongonzalez.es\/wp-content\/uploads\/2025\/05\/ADITZ-TRINKOAK.pdf\" target=\"_blank\" rel=\"noopener\">Aditz trinkoak\u00a0<\/a><\/li><li><a href=\"https:\/\/mongonzalez.es\/wp-content\/uploads\/2025\/05\/ADITZAK-NOR-Y-NOR-ZER.pdf\" target=\"_blank\" rel=\"noopener\">Aditzak nor y nor-zer<\/a><\/li><li><a href=\"https:\/\/mongonzalez.es\/wp-content\/uploads\/2025\/05\/ADITZAK-NOR-NORK.pdf\" target=\"_blank\" rel=\"noopener\">Aditzak nor-nork<\/a><\/li><li><a href=\"https:\/\/mongonzalez.es\/wp-content\/uploads\/2025\/05\/ADITZAK-NOR-NORI-NORK.pdf\" target=\"_blank\" rel=\"noopener\">Aditzak nor-nori-nork<\/a><\/li><li><a href=\"https:\/\/mongonzalez.es\/wp-content\/uploads\/2025\/05\/DEKLINABIDEA-FINAL.pdf\" target=\"_blank\" rel=\"noopener\">Deklinabidea<\/a>\u00a0<\/li><li><a href=\"https:\/\/mongonzalez.es\/wp-content\/uploads\/2025\/05\/PERPAUSAK.pdf\" target=\"_blank\" rel=\"noopener\">Perpausak<\/a><\/li><\/ul>\t\t\t\t\t\t\t\t<\/div>\n\t\t\t\t<\/div>\n\t\t\t\t\t<\/div>\n\t\t<\/div>\n\t\t\t\t\t<\/div>\n\t\t<\/section>\n\t\t\t\t<section class=\"elementor-section elementor-top-section elementor-element elementor-element-d570c5e elementor-hidden-desktop elementor-hidden-tablet elementor-hidden-mobile elementor-section-boxed elementor-section-height-default elementor-section-height-default\" data-id=\"d570c5e\" data-element_type=\"section\" data-e-type=\"section\">\n\t\t\t\t\t\t<div class=\"elementor-container elementor-column-gap-default\">\n\t\t\t\t\t<div class=\"elementor-column elementor-col-100 elementor-top-column elementor-element elementor-element-02d4b83\" data-id=\"02d4b83\" data-element_type=\"column\" data-e-type=\"column\">\n\t\t\t<div class=\"elementor-widget-wrap elementor-element-populated\">\n\t\t\t\t\t\t<div class=\"elementor-element elementor-element-48a2653 elementor-widget elementor-widget-heading\" data-id=\"48a2653\" data-element_type=\"widget\" data-e-type=\"widget\" data-widget_type=\"heading.default\">\n\t\t\t\t<div class=\"elementor-widget-container\">\n\t\t\t\t\t<h2 class=\"elementor-heading-title elementor-size-default\">Todas las publicaciones de Ling\u00fc\u00edstica<\/h2>\t\t\t\t<\/div>\n\t\t\t\t<\/div>\n\t\t\t\t\t<\/div>\n\t\t<\/div>\n\t\t\t\t\t<\/div>\n\t\t<\/section>\n\t\t\t\t<\/div>\n\t\t","protected":false},"excerpt":{"rendered":"<p>LING\u00dc\u00cdSTICA El Diccionari de la Llengua Espanyola (DLE) defineix la ling\u00fc\u00edstica com a \u201cci\u00e8ncia del llenguatge\u201d. I \u00e9s una ci\u00e8ncia bell\u00edssima i molt \u00e0mplia. Aquesta pestanya se centrar\u00e0 en un \u00e0mbit molt concret i molt modest: oferir les eines que vaig sistematitzar en el proc\u00e9s d&#8217;aprenentatge dels meus idiomes. Si els ordinadors i internet haguessin [&hellip;]<\/p>\n","protected":false},"author":1,"featured_media":0,"parent":6157,"menu_order":30,"comment_status":"closed","ping_status":"closed","template":"elementor_header_footer","meta":{"footnotes":""},"class_list":["post-6207","page","type-page","status-publish","hentry"],"_links":{"self":[{"href":"https:\/\/mongonzalez.es\/ca\/wp-json\/wp\/v2\/pages\/6207","targetHints":{"allow":["GET"]}}],"collection":[{"href":"https:\/\/mongonzalez.es\/ca\/wp-json\/wp\/v2\/pages"}],"about":[{"href":"https:\/\/mongonzalez.es\/ca\/wp-json\/wp\/v2\/types\/page"}],"author":[{"embeddable":true,"href":"https:\/\/mongonzalez.es\/ca\/wp-json\/wp\/v2\/users\/1"}],"replies":[{"embeddable":true,"href":"https:\/\/mongonzalez.es\/ca\/wp-json\/wp\/v2\/comments?post=6207"}],"version-history":[{"count":0,"href":"https:\/\/mongonzalez.es\/ca\/wp-json\/wp\/v2\/pages\/6207\/revisions"}],"up":[{"embeddable":true,"href":"https:\/\/mongonzalez.es\/ca\/wp-json\/wp\/v2\/pages\/6157"}],"wp:attachment":[{"href":"https:\/\/mongonzalez.es\/ca\/wp-json\/wp\/v2\/media?parent=6207"}],"curies":[{"name":"wp","href":"https:\/\/api.w.org\/{rel}","templated":true}]}}