{"id":6219,"date":"2021-01-21T21:20:08","date_gmt":"2021-01-21T21:20:08","guid":{"rendered":"https:\/\/mongonzalez.es\/?page_id=6219"},"modified":"2024-06-14T14:49:30","modified_gmt":"2024-06-14T14:49:30","slug":"aviso-legal","status":"publish","type":"page","link":"https:\/\/mongonzalez.es\/ca\/aviso-legal\/","title":{"rendered":"Av\u00eds legal"},"content":{"rendered":"\t\t<div data-elementor-type=\"wp-page\" data-elementor-id=\"6219\" class=\"elementor elementor-6219 elementor-5569\" data-elementor-post-type=\"page\">\n\t\t\t\t\t\t<section class=\"elementor-section elementor-top-section elementor-element elementor-element-4c7c9f16 elementor-section-boxed elementor-section-height-default elementor-section-height-default\" data-id=\"4c7c9f16\" data-element_type=\"section\" data-e-type=\"section\">\n\t\t\t\t\t\t<div class=\"elementor-container elementor-column-gap-default\">\n\t\t\t\t\t<div class=\"elementor-column elementor-col-100 elementor-top-column elementor-element elementor-element-5d68221e\" data-id=\"5d68221e\" data-element_type=\"column\" data-e-type=\"column\">\n\t\t\t<div class=\"elementor-widget-wrap elementor-element-populated\">\n\t\t\t\t\t\t<div class=\"elementor-element elementor-element-342eb220 elementor-widget elementor-widget-text-editor\" data-id=\"342eb220\" data-element_type=\"widget\" data-e-type=\"widget\" data-widget_type=\"text-editor.default\">\n\t\t\t\t<div class=\"elementor-widget-container\">\n\t\t\t\t\t\t\t\t\t<p><strong>AV\u00cdS LEGAL<\/strong><\/p><p>L&#8217;acc\u00e9s, navegaci\u00f3 i utilitzaci\u00f3 de la p\u00e0gina web www.mongonzalez.es (d&#8217;ara endavant, el \u201cLloc web\u201d) implica l&#8217;acceptaci\u00f3 expressa i sense reserves de tots els termes del present Av\u00eds Legal. La seva observan\u00e7a i compliment ser\u00e0 exigible respecte de qualsevol persona que accedeixi, navegui o utilitzi el Lloc web.<\/p><p><strong>IDENTIFICACI\u00d3<\/strong><\/p><p>Titular: Mon Gonz\u00e1lez (d&#8217;ara endavant, \u201cMon\u201d)<\/p><p>E-mail: <a href=\"mailto:info@mongonzalez.es\" target=\"_blank\" rel=\"noopener\">info@mongonzalez.es<\/a><\/p><p><strong>OBJECTE<\/strong><\/p><p>El present Av\u00eds Legal regula l&#8217;acc\u00e9s, navegaci\u00f3 i utilitzaci\u00f3 del Lloc web, sense perjudici que Mon es reservi el dret a modificar la presentaci\u00f3, configuraci\u00f3 i contingut del Lloc web, aix\u00ed com les condicions requerides per al seu acc\u00e9s i\/o utilitzaci\u00f3. L&#8217;acc\u00e9s i\/o utilitzaci\u00f3 del Lloc web despr\u00e9s de l&#8217;entrada en vigor de les seves modificacions o canvis suposen l&#8217;acceptaci\u00f3 d&#8217;aquests.<\/p><p>No obstant aix\u00f2, l&#8217;acc\u00e9s a determinats continguts i la utilitzaci\u00f3 de determinats serveis pot trobar-se sotm\u00e8s a determinades condicions particulars, que seran en tot cas clarament mostrades i hauran de ser acceptades expressament per part dels Usuaris. Aquestes condicions particulars podran substituir, completar o, si \u00e9s el cas, modificar les establertes en el present Av\u00eds Legal.<\/p><p>A l&#8217;efecte de la interpretaci\u00f3 del present Av\u00eds Legal, s&#8217;ent\u00e9n que una persona passa a ser usu\u00e0ria (d&#8217;ara endavant, \u201cUsuari\u201d o \u201cUsuaris\u201d) en el moment en qu\u00e8 aquesta accepta el present Av\u00eds Legal i la Pol\u00edtica de Privacitat exposades en el Lloc web.<\/p><p><strong>ACC\u00c9S I REGISTRE<\/strong><\/p><p>L&#8217;acc\u00e9s i \u00fas del Lloc web no requereix registre. No obstant aix\u00f2, l&#8217;acc\u00e9s i navegaci\u00f3 pel Lloc web suposen que l&#8217;Usuari del mateix accepta \u00edntegrament i s&#8217;obliga a complir per complet el present Av\u00eds Legal, aix\u00ed com les instruccions o recomanacions que se li indiquin en cada cas concret a trav\u00e9s del Lloc web.<\/p><p>En tot cas, queda prohibit l&#8217;acc\u00e9s i navegaci\u00f3 en el Lloc web per part dels menors de divuit (18) anys d&#8217;edat, tret que comptin amb l&#8217;autoritzaci\u00f3 pr\u00e8via i expressa dels seus pares, tutors o representants legals, els quals seran considerats com a responsables dels actes que duguin a terme els menors al seu c\u00e0rrec, conforme a la normativa vigent. En tot cas, es presumir\u00e0 que l&#8217;acc\u00e9s realitzat per un menor al Lloc web s&#8217;ha realitzat amb autoritzaci\u00f3 pr\u00e8via i expressa dels seus pares, tutors o representants legals.<\/p><p><strong>DRETS DE PROPIETAT INTEL\u00b7LECTUAL I INDUSTRIAL<\/strong><\/p><p>Mon \u00e9s propietari o, si \u00e9s el cas, compta amb les llic\u00e8ncies corresponents sobre els drets d&#8217;explotaci\u00f3 de propietat intel\u00b7lectual i industrial necessaris per a operar el Lloc web, aix\u00ed com de tots els continguts oferts en aquest, incloent-hi el propi Lloc web, textos, fotografies o il\u00b7lustracions, logos, marques, grafismes, dissenys, interf\u00edcies, o qualsevol altra informaci\u00f3 o contingut, i els serveis disponibles a trav\u00e9s d&#8217;aquest.<\/p><p>En cap cas s&#8217;entendr\u00e0 que l&#8217;acc\u00e9s, navegaci\u00f3 i utilitzaci\u00f3 del Lloc web per part de l&#8217;Usuari implica una ren\u00fancia, transmissi\u00f3, llic\u00e8ncia o cessi\u00f3 total o parcial d&#8217;aquests drets per part de Mon. L&#8217;Usuari disposa d&#8217;un dret d&#8217;\u00fas dels continguts i\/o serveis del Lloc web dins d&#8217;un \u00e0mbit estrictament dom\u00e8stic i \u00fanicament amb la finalitat de gaudir de les prestacions del servei d&#8217;acord amb el present Av\u00eds Legal.<\/p><p>Les refer\u00e8ncies a marques o noms comercials registrats, o altres signes distintius, ja siguin propietat de Mon o de tercers, porten impl\u00edcita la prohibici\u00f3 sobre el seu \u00fas sense el consentiment de Mon o dels seus leg\u00edtims propietaris. En cap moment l&#8217;acc\u00e9s, navegaci\u00f3 o utilitzaci\u00f3 del Lloc web i\/o dels seus continguts confereix a l&#8217;Usuari dret algun sobre signes distintius en ell inclosos, tret que es disposi el contrari en el present Av\u00eds Legal.<\/p><p>Queden reservats tots els drets de propietat intel\u00b7lectual i industrial sobre els continguts i\/o serveis del Lloc web i, en particular, queda prohibit modificar, copiar, reproduir, comunicar p\u00fablicament, transformar o distribuir, per qualsevol mitj\u00e0 i sota qualsevol forma, la totalitat o part dels continguts inclosos en el Lloc web, per a qualsevol fi, si no es compta amb l&#8217;autoritzaci\u00f3 pr\u00e8via, expressa i per escrit de Mon o, si \u00e9s el cas, de Mon dels drets corresponents.<\/p><p>Aix\u00ed mateix, queda prohibit suprimir o manipular les indicacions de copyright o altres cr\u00e8dits que identifiquin als titulars de drets dels continguts que l&#8217;Usuari trobi en el Lloc web, aix\u00ed com els dispositius t\u00e8cnics de protecci\u00f3, les empremtes digitals, o qualsevol mecanisme de protecci\u00f3 o informaci\u00f3 incorporada als continguts oferts en el Lloc web.<\/p><p>En el cas que l&#8217;Usuari envi\u00ef informaci\u00f3 o continguts de qualsevol tipus a Mon a trav\u00e9s de qualsevol dels canals habilitats a aquest efecte, l&#8217;Usuari declara, garanteix i accepta que t\u00e9 dret a fer-ho lliurement, que aquesta informaci\u00f3 no infringeix cap dret de propietat intel\u00b7lectual, industrial, secret comercial o qualssevol altres drets de tercers, i que aquesta informaci\u00f3 no t\u00e9 car\u00e0cter confidencial ni \u00e9s perjudicial per a tercers.<\/p><p>L&#8217;Usuari reconeix assumir la responsabilitat, deixant indemne a Mon, per qualsevol comunicaci\u00f3 o continguts que envi\u00ef personalment o al seu nom.<\/p><p>Si l&#8217;Usuari tingu\u00e9s coneixement de l&#8217;exist\u00e8ncia d&#8217;algun contingut il\u00b7l\u00edcit, il\u00b7legal, contrari a les lleis o que pogu\u00e9s suposar una infracci\u00f3 de drets de propietat intel\u00b7lectual, industrial, o de qualsevol altra \u00edndole, haur\u00e0 de notificar-ho immediatament a Mon a trav\u00e9s de l&#8217;adre\u00e7a de correu electr\u00f2nic info@mongonzalez.es perqu\u00e8 aquest pugui procedir a l&#8217;adopci\u00f3 de les mesures oportunes.<\/p><p>D&#8217;igual mode, en el cas que qualsevol Usuari o un tercer considerin que algun dels continguts del Lloc web propietat de Mon vulnera els seus drets de propietat intel\u00b7lectual, industrial, o de qualsevol altra \u00edndole, haur\u00e0 de remetre una comunicaci\u00f3 a info@mongonzalez.es amb la seg\u00fcent informaci\u00f3:<\/p><p>Dades identificatives i mitj\u00e0 de contacte del reclamant o del seu representant legal;<\/p><p>Documentaci\u00f3 que acrediti la seva condici\u00f3 de Mon dels drets suposadament infringits;<\/p><p>Relat detallat dels drets suposadament infringits per Mon, aix\u00ed com la seva localitzaci\u00f3 exacta dins del Lloc web;<\/p><p>Declaraci\u00f3 expressa per part del reclamant que la utilitzaci\u00f3 dels continguts s&#8217;ha realitzat sense el consentiment del titular dels drets suposadament infringits.<\/p><p><strong>ENLLACIS<\/strong><\/p><p><strong>ENLLA\u00c7OS A ALTRES P\u00c0GINES WEB<\/strong><\/p><p>En cas que en el Lloc web es mostressin enlla\u00e7os a altres p\u00e0gines web mitjan\u00e7ant diferents botons, links, b\u00e0ners o continguts embeguts, Mon informa que aquests es troben gestionats per tercers, no tenint Mon ni mitjans humans ni t\u00e8cnics per a con\u00e8ixer de manera pr\u00e8via i\/o controlar i\/o aprovar tota la informaci\u00f3, continguts, productes o serveis facilitats per altres plataformes a les quals es puguin establir enlla\u00e7os des del Lloc web.<\/p><p>En conseq\u00fc\u00e8ncia, Mon no podr\u00e0 assumir cap mena de responsabilitat per qualsevol aspecte relatiu al Lloc web o p\u00e0gina web a la qual es pogu\u00e9s establir un enlla\u00e7 des del Lloc web, en concret, a t\u00edtol enunciatiu, per\u00f2 no limitatiu, sobre el seu funcionament, acc\u00e9s, dades, informaci\u00f3, arxius, qualitat i fiabilitat dels seus productes i serveis, els seus propis enlla\u00e7os i\/o qualsevol dels seus continguts, en general.<\/p><p>En aquest sentit, si els Usuaris tinguessin coneixement efectiu que les activitats desenvolupades a trav\u00e9s d&#8217;aquestes p\u00e0gines web de tercers s\u00f3n il\u00b7legals o contravenen la moral i\/o l&#8217;ordre p\u00fablic, hauran de comunicar-lo immediatament a Mon a l&#8217;efecte de que es procedeixi a deshabilitar l&#8217;enlla\u00e7 d&#8217;acc\u00e9s a aquestes, acci\u00f3 que es dur\u00e0 a terme en el menor temps possible.<\/p><p>En qualsevol cas, l&#8217;establiment de qualsevol tipus d&#8217;enlla\u00e7 des del Lloc web a una altra p\u00e0gina web aliena no implicar\u00e0 que existeixi algun tipus de relaci\u00f3, col\u00b7laboraci\u00f3 o depend\u00e8ncia entre Mon i el responsable d&#8217;aquesta p\u00e0gina web aliena.<\/p><p><strong>ENLLA\u00c7OS AL CANAL DEL TITULAR EN ALTRES PLATAFORMES I XARXES SOCIALS<\/strong><\/p><p>Mon posa a la disposici\u00f3 dels Usuaris, a trav\u00e9s de diferents eines i aplicacions, mitjans d&#8217;enlla\u00e7 que permeten als Usuaris accedir als canals i p\u00e0gines del Lloc web que mant\u00e9 en diferents plataformes i xarxes socials pertanyents i\/o gestionades per tercers (p. ex. X, Linkedin, YouTube, etc.). La inclusi\u00f3 d&#8217;aquests enlla\u00e7os en el Lloc web t\u00e9 per \u00fanic objecte facilitar als Usuaris l&#8217;acc\u00e9s a aquests canals en les diferents plataformes i xarxes socials.<\/p><p>L&#8217;establiment d&#8217;aquestes aplicacions no implica l&#8217;exist\u00e8ncia de cap relaci\u00f3 entre Mon i el propietari, fabricador o distribu\u00efdor del Lloc web enlla\u00e7at, com tampoc l&#8217;acceptaci\u00f3 i aprovaci\u00f3 per part de Mon dels seus continguts i\/o serveis, sent el seu propietari, fabricador o distribu\u00efdor l&#8217;\u00fanic responsable d&#8217;aquests.<\/p><p>L&#8217;activaci\u00f3 i \u00fas d&#8217;aquestes aplicacions pot comportar la identificaci\u00f3 i autenticaci\u00f3 de l&#8217;Usuari (login\/contrasenya) en les plataformes corresponents, completament externes al Lloc web i fora del control de Mon. En accedir a aquestes xarxes externes, l&#8217;Usuari ingressa en un entorn no controlat per Mon, per la qual cosa Mon no assumir\u00e0 cap responsabilitat sobre la configuraci\u00f3 de seguretat d&#8217;aquests entorns.<\/p><p>At\u00e8s que Mon pot tenir un control limitat sobre el contingut allotjat en aquests canals, l&#8217;Usuari reconeix i accepta que Mon no assumeix cap responsabilitat pel contingut ni pels serveis als quals l&#8217;Usuari pugui accedir en aquestes p\u00e0gines, ni per qualsevol contingut, productes, serveis, publicitat, ni qualsevol altre material disponible en aquests.<\/p><p><strong>ENLLA\u00c7OS EN ALTRES P\u00c0GINES WEB AMB DESTINACI\u00d3 AL LLOC WEB<\/strong><\/p><p>Mon no autoritza l&#8217;establiment d&#8217;un enlla\u00e7 al Lloc web des d&#8217;aquelles p\u00e0gines que continguin materials, informaci\u00f3 o continguts il\u00b7l\u00edcits, il\u00b7legals, degradants, obscens i, en general, que contravinguin les lleis, la moral o l&#8217;ordre p\u00fablic, o les normes socials generalment acceptades.<\/p><p>En tot cas, els Usuaris podran establir enlla\u00e7os que dirigeixin al Lloc web, sempre que compleixin amb les seg\u00fcents condicions:<\/p><p>L&#8217;enlla\u00e7 no podr\u00e0 reproduir el contingut del Lloc web o parts del mateix de cap manera;<\/p><p>No est\u00e0 perm\u00e8s crear un browser ni un border environment sobre les seccions del Lloc web, ni de cap altra forma podr\u00e0 modificar-se el Lloc web;<\/p><p>No est\u00e0 perm\u00e8s realitzar manifestacions o indicacions falses o inexactes o incorrectes sobre el Lloc web i\/o, en particular, declarar o donar a entendre que Mon ha autoritzat l&#8217;enlla\u00e7 o que ha supervisat o assumit de qualsevol forma els continguts o serveis oferts o llocs a disposici\u00f3 en la p\u00e0gina web en la qual s&#8217;estableix aquest enlla\u00e7;<\/p><p>La p\u00e0gina web en la qual s&#8217;estableixi l&#8217;enlla\u00e7 al Lloc web no contindr\u00e0 informacions o continguts il\u00b7l\u00edcits, contraris a la moral i bons costums generalment acceptades i a l&#8217;ordre p\u00fablic, aix\u00ed com tampoc contindr\u00e0 continguts contraris a qualssevol drets de tercers, inclosos els drets de propietat intel\u00b7lectual o industrial i\/o el dret a l&#8217;honor, a la intimitat personal o familiar o a la pr\u00f2pia imatge o de qualsevol altre dret, o continguts contraris a les normes reguladores de la protecci\u00f3 de dades de car\u00e0cter personal.<\/p><p>Mon no t\u00e9 facultat ni mitjans humans ni t\u00e8cnics per a con\u00e8ixer, controlar ni aprovar tota la informaci\u00f3, continguts, productes o serveis facilitats per altres p\u00e0gines web que tinguin establerts enlla\u00e7os amb destinaci\u00f3 al Lloc web. Mon no assumeix cap mena de responsabilitat per qualsevol aspecte relatiu a la p\u00e0gina web que estableix aquest enlla\u00e7 amb destinaci\u00f3 al Lloc web; en concret, a t\u00edtol enunciatiu i no taxatiu, sobre el seu funcionament, acc\u00e9s, dades, informaci\u00f3, arxius, qualitat i fiabilitat dels seus productes i serveis, els seus propis enlla\u00e7os i\/o qualsevol dels seus continguts, en general.<\/p><p><strong>REGLES D&#8217;\u00daS DEL LLOC WEB<\/strong><\/p><p>No est\u00e0 perm\u00e8s i, per tant, les seves conseq\u00fc\u00e8ncies seran de l&#8217;exclusiva responsabilitat de l&#8217;Usuari, l&#8217;acc\u00e9s o la utilitzaci\u00f3 del Lloc web amb finalitats il\u00b7legals o no autoritzats, amb o sense \u00e0nim de lucre. En particular, i sense que el seg\u00fcent llistat tingui car\u00e0cter limitatiu, queda prohibit:<\/p><p>Usar el Lloc web en cap forma que pugui provocar danys, interrupcions, inefici\u00e8ncies o defectes en el seu funcionament o en els equips inform\u00e0tics d&#8217;un tercer;<\/p><p>Usar el Lloc web per a la transmissi\u00f3, instal\u00b7laci\u00f3 o publicaci\u00f3 de qualsevol virus, codi malici\u00f3s o altres programes o arxius perjudicials;<\/p><p>Usar el Lloc web per a recollir dades de car\u00e0cter personal d&#8217;altres Usuaris;<\/p><p>Usar el Lloc web de manera il\u00b7legal, en contra de la bona fe, la moral i l&#8217;ordre p\u00fablic;<\/p><p>Registrar-se a trav\u00e9s del Lloc web amb una identitat falsa, suplantant a tercers o utilitzant un perfil o realitzant qualsevol altra acci\u00f3 que pugui confondre a altres Usuaris sobre la identitat de l&#8217;Usuari;<\/p><p>Accedir sense autoritzaci\u00f3 a qualsevol secci\u00f3 del Lloc web, a altres sistemes o xarxes connectats al Lloc web, als servidors de Mon, o als serveis oferts a trav\u00e9s del Lloc web, per mitj\u00e0 de pirateig o falsificaci\u00f3, extracci\u00f3 de contrasenyes o qualsevol altre mitj\u00e0 il\u00b7leg\u00edtim;<\/p><p>Infringir, o intentar infringir, les mesures de seguretat o autenticaci\u00f3 del Lloc web o de qualsevol xarxa connectada a aquest, o les mesures de seguretat o protecci\u00f3 inherents als continguts oferts en el Lloc web;<\/p><p>Dur a terme alguna acci\u00f3 que provoqui una saturaci\u00f3 desproporcionada o innecess\u00e0ria en la infraestructura del Lloc web o en els sistemes o xarxes de Mon, aix\u00ed com en els sistemes i xarxes connectats al Lloc web; o<\/p><p>Impedir el normal desenvolupament d&#8217;un esdeveniment, concurs, promoci\u00f3 o qualsevol altra activitat disponible a trav\u00e9s del Lloc web o qualssevol de les seves funcionalitats, ja sigui alterant o tractant d&#8217;alterar, il\u00b7legalment o de qualsevol altra forma, l&#8217;acc\u00e9s, participaci\u00f3 o funcionament d&#8217;aquells, o falsejant el resultat dels mateixos i\/o utilitzant m\u00e8todes de participaci\u00f3 fraudulents, mitjan\u00e7ant qualsevol procediment, i\/o a trav\u00e9s de qualsevol pr\u00e0ctica que atempti o vulneri el present Av\u00eds Legal.<\/p><p>L&#8217;incompliment de qualsevol de les anteriors obligacions per l&#8217;Usuari podr\u00e0 portar aparellada l&#8217;adopci\u00f3 per Mon de les mesures oportunes emparades en Dret i en l&#8217;exercici dels seus drets o obligacions, podent arribar a l&#8217;eliminaci\u00f3 o bloqueig del compte de l&#8217;Usuari infractor, sense que medi\u00ef possibilitat de cap indemnitzaci\u00f3 pels danys i perjudicis causats.<\/p><p><strong>RESPONSABILITATS I GARANTIES<\/strong><\/p><p>Mon no pot garantir la fiabilitat, utilitat o veracitat de tota la informaci\u00f3 i\/o dels serveis i continguts del Lloc web ni tampoc de la utilitat o veracitat de la documentaci\u00f3 posada a disposici\u00f3 a trav\u00e9s d&#8217;aquesta.<\/p><p>En conseq\u00fc\u00e8ncia, Mon no garanteix ni es fa responsable de:<\/p><p>La continu\u00eftat dels continguts i serveis del Lloc web;<\/p><p>L&#8217;abs\u00e8ncia d&#8217;errors en aquests continguts i serveis;<\/p><p>L&#8217;abs\u00e8ncia de virus i\/o altres components nocius en el Lloc web o en el servidor que el subministra;<\/p><p>La invulnerabilitat del Lloc web i\/o la impossibilitat de vulnerar les mesures de seguretat que s&#8217;adoptin en aquest;<\/p><p>La falta d&#8217;utilitat o rendiment dels continguts i serveis del Lloc web; i els danys o perjudicis que causi, a si mateix o a un tercer, qualsevol persona que infring\u00eds les condicions, normes i instruccions que Mon estableix en el Lloc web o a trav\u00e9s de la vulneraci\u00f3 dels sistemes de seguretat del Lloc web.<\/p><p>Aix\u00f2 no obstant, Mon declara que ha adoptat totes les mesures necess\u00e0ries, dins de les seves possibilitats i de l&#8217;estat de la t\u00e8cnica, per a garantir el funcionament del Lloc web i reduir al m\u00ednim els errors del sistema, tant des del punt de vista t\u00e8cnic com dels continguts publicats en el Lloc web.<\/p><p>Mon no garanteix la licitud, fiabilitat, o utilitat dels continguts subministrats per tercers a trav\u00e9s del Lloc web. Si l&#8217;Usuari tingu\u00e9s coneixement de l&#8217;exist\u00e8ncia d&#8217;algun contingut il\u00b7l\u00edcit, il\u00b7legal, contrari a les lleis, o que pogu\u00e9s suposar una infracci\u00f3 de drets de tercers, haur\u00e0 de notificar-lo immediatament a Mon perqu\u00e8 aquest pugui procedir a l&#8217;adopci\u00f3 de les mesures oportunes.<\/p><p>Mon no ser\u00e0 responsable de la veracitat, integritat o actualitzaci\u00f3 de les informacions publicades en el Lloc web provinents de fonts alienes a aquest, aix\u00ed com tampoc de les contingudes en altres plataformes a les quals s&#8217;enllaci des del Lloc web. Mon no assumir\u00e0 responsabilitat quant a hipot\u00e8tics perjudicis que poguessin originar-se per l&#8217;\u00fas de les citades informacions.<\/p><p>Mon no respondr\u00e0 per causes alienes al seu control, entre les quals poden enumerar-se de manera no limitativa: for\u00e7a major, problemes d&#8217;acc\u00e9s a Internet, problemes tecnol\u00f2gics m\u00e9s enll\u00e0 de la gesti\u00f3 diligent i raonable de Mon, accions o omissions de tercers, etc. En tots els casos referits, aliens al control i la dilig\u00e8ncia deguda per Mon, no hi haur\u00e0 lloc a indemnitzaci\u00f3 de Mon a l&#8217;Usuari per danys o perjudicis, en la mesura en qu\u00e8 aix\u00ed ho permeti la legislaci\u00f3 vigent.<\/p><p><strong>SUSPENSI\u00d3 DEL LLOC WEB<\/strong><\/p><p>Mon es reserva el dret a suspendre, modificar, restringir o interrompre, ja sigui temporal o permanentment, l&#8217;acc\u00e9s, navegaci\u00f3, \u00fas, allotjament i\/o desc\u00e0rrega del contingut i\/o \u00fas de serveis del Lloc web, amb o sense pr\u00e8via notificaci\u00f3, als Usuaris que contravinguin qualsevol de les disposicions detallades en el present Av\u00eds Legal, sense que medi\u00ef la possibilitat de l&#8217;Usuari d&#8217;exigir cap indemnitzaci\u00f3 per aquesta causa.<\/p><p><strong>CONFIDENCIALITAT I PROTECCI\u00d3 DE DADES<\/strong><\/p><p>De conformitat amb el que es disposa per la Llei org\u00e0nica 15\/1999, de 13 de desembre, de Protecci\u00f3 de Dades de Car\u00e0cter Personal, totes les dades de car\u00e0cter personal recaptats durant la utilitzaci\u00f3 del Lloc web seran tractats de conformitat amb el que es disposa en la Pol\u00edtica de Privacitat, que tot Usuari ha d&#8217;acceptar expressament per a poder utilitzar i registrar-se en el sistema.<\/p><p><strong>GENERALS<\/strong><\/p><p>Els encap\u00e7alaments de les diferents cl\u00e0usules s\u00f3n nom\u00e9s informatius, i no afectaran, qualificaran o ampliaran la interpretaci\u00f3 del present Av\u00eds Legal. Aix\u00ed mateix, Mon podr\u00e0 modificar els termes i condicions aqu\u00ed estipulats, totalment o parcialment, publicant qualsevol canvi en la mateixa forma en qu\u00e8 apareix aquest Av\u00eds Legal o a trav\u00e9s de qualsevol tipus de comunicaci\u00f3 dirigida als Usuaris.<\/p><p>La vig\u00e8ncia temporal del present Av\u00eds Legal coincideix, per tant, amb el temps de la seva exposici\u00f3, fins que sigui modificat totalment o parcialment, moment en el qual passar\u00e0 a tenir vig\u00e8ncia l&#8217;Av\u00eds Legal modificat.<\/p><p>Mon podr\u00e0 donar per acabat, suspendre o interrompre, en qualsevol moment i sense necessitat de preav\u00eds, l&#8217;acc\u00e9s als continguts del Lloc web, sense possibilitat per part de l&#8217;Usuari d&#8217;exigir cap indemnitzaci\u00f3. Despr\u00e9s d&#8217;aquesta extinci\u00f3, continuaran vigents les prohibicions d&#8217;\u00fas dels continguts exposades anteriorment en el present Av\u00eds Legal.<\/p><p>En el cas que qualsevol disposici\u00f3 del present Av\u00eds Legal fos declarada nul\u00b7la o inaplicable, \u00edntegrament o en part, per qualsevol Jutjat, Tribunal o \u00f2rgan administratiu competent, aquesta nul\u00b7litat o inaplicaci\u00f3 no afectar\u00e0 les restants disposicions del present Av\u00eds Legal.<\/p><p>El no exercici o execuci\u00f3 per part de Mon de qualsevol dret o disposici\u00f3 contingut en el present Av\u00eds Legal no constituir\u00e0 una ren\u00fancia a aquest, excepte reconeixement i acord per escrit per part seva.<\/p><p><strong>LEGISLACI\u00d3 APLICABLE I JURISDICCI\u00d3 COMPETENT<\/strong><\/p><p>Aquest Lloc web es regeix per la legislaci\u00f3 vigent a Espanya.<\/p><p>Per a tota controv\u00e8rsia que pogu\u00e9s sorgir en la interpretaci\u00f3 i aplicaci\u00f3 del present Av\u00eds Legal, i en la mesura del perm\u00e8s per la legislaci\u00f3 vigent, tant Mon com els Usuaris, se sotmeten expressament a la jurisdicci\u00f3 dels Jutjats i Tribunals de Madrid capital, amb ren\u00fancia al seu fur propi si n&#8217;hi hagu\u00e9s.<\/p>\t\t\t\t\t\t\t\t<\/div>\n\t\t\t\t<\/div>\n\t\t\t\t\t<\/div>\n\t\t<\/div>\n\t\t\t\t\t<\/div>\n\t\t<\/section>\n\t\t\t\t<\/div>\n\t\t","protected":false},"excerpt":{"rendered":"<p>AV\u00cdS LEGAL L&#8217;acc\u00e9s, navegaci\u00f3 i utilitzaci\u00f3 de la p\u00e0gina web www.mongonzalez.es (d&#8217;ara endavant, el \u201cLloc web\u201d) implica l&#8217;acceptaci\u00f3 expressa i sense reserves de tots els termes del present Av\u00eds Legal. La seva observan\u00e7a i compliment ser\u00e0 exigible respecte de qualsevol persona que accedeixi, navegui o utilitzi el Lloc web. IDENTIFICACI\u00d3 Titular: Mon Gonz\u00e1lez (d&#8217;ara endavant, [&hellip;]<\/p>\n","protected":false},"author":1,"featured_media":0,"parent":0,"menu_order":200,"comment_status":"closed","ping_status":"closed","template":"elementor_header_footer","meta":{"footnotes":""},"class_list":["post-6219","page","type-page","status-publish","hentry"],"_links":{"self":[{"href":"https:\/\/mongonzalez.es\/ca\/wp-json\/wp\/v2\/pages\/6219","targetHints":{"allow":["GET"]}}],"collection":[{"href":"https:\/\/mongonzalez.es\/ca\/wp-json\/wp\/v2\/pages"}],"about":[{"href":"https:\/\/mongonzalez.es\/ca\/wp-json\/wp\/v2\/types\/page"}],"author":[{"embeddable":true,"href":"https:\/\/mongonzalez.es\/ca\/wp-json\/wp\/v2\/users\/1"}],"replies":[{"embeddable":true,"href":"https:\/\/mongonzalez.es\/ca\/wp-json\/wp\/v2\/comments?post=6219"}],"version-history":[{"count":0,"href":"https:\/\/mongonzalez.es\/ca\/wp-json\/wp\/v2\/pages\/6219\/revisions"}],"wp:attachment":[{"href":"https:\/\/mongonzalez.es\/ca\/wp-json\/wp\/v2\/media?parent=6219"}],"curies":[{"name":"wp","href":"https:\/\/api.w.org\/{rel}","templated":true}]}}