{"id":7327,"date":"2021-08-13T17:41:14","date_gmt":"2021-08-13T17:41:14","guid":{"rendered":"https:\/\/mongonzalez.es\/?page_id=7327"},"modified":"2024-09-06T14:42:13","modified_gmt":"2024-09-06T12:42:13","slug":"spiritualitaet","status":"publish","type":"page","link":"https:\/\/mongonzalez.es\/de\/monanalyse\/spiritualitaet\/","title":{"rendered":"Spiritualit\u00e4t"},"content":{"rendered":"\t\t<div data-elementor-type=\"wp-page\" data-elementor-id=\"7327\" class=\"elementor elementor-7327 elementor-5875\" data-elementor-post-type=\"page\">\n\t\t\t\t\t\t<section class=\"elementor-section elementor-top-section elementor-element elementor-element-20b7a20 elementor-section-boxed elementor-section-height-default elementor-section-height-default\" data-id=\"20b7a20\" data-element_type=\"section\" data-e-type=\"section\">\n\t\t\t\t\t\t<div class=\"elementor-container elementor-column-gap-default\">\n\t\t\t\t\t<div class=\"elementor-column elementor-col-50 elementor-top-column elementor-element elementor-element-778714c\" data-id=\"778714c\" data-element_type=\"column\" data-e-type=\"column\">\n\t\t\t<div class=\"elementor-widget-wrap elementor-element-populated\">\n\t\t\t\t\t\t\t<\/div>\n\t\t<\/div>\n\t\t\t\t<div class=\"elementor-column elementor-col-50 elementor-top-column elementor-element elementor-element-3635d0e\" data-id=\"3635d0e\" data-element_type=\"column\" data-e-type=\"column\">\n\t\t\t<div class=\"elementor-widget-wrap elementor-element-populated\">\n\t\t\t\t\t\t<div class=\"elementor-element elementor-element-add19b5 elementor-widget elementor-widget-heading\" data-id=\"add19b5\" data-element_type=\"widget\" data-e-type=\"widget\" data-widget_type=\"heading.default\">\n\t\t\t\t<div class=\"elementor-widget-container\">\n\t\t\t\t\t<h2 class=\"elementor-heading-title elementor-size-default\">Spiritualit\u00e4t<\/h2>\t\t\t\t<\/div>\n\t\t\t\t<\/div>\n\t\t\t\t\t<\/div>\n\t\t<\/div>\n\t\t\t\t\t<\/div>\n\t\t<\/section>\n\t\t\t\t<section class=\"elementor-section elementor-top-section elementor-element elementor-element-65d21fb elementor-section-boxed elementor-section-height-default elementor-section-height-default\" data-id=\"65d21fb\" data-element_type=\"section\" data-e-type=\"section\">\n\t\t\t\t\t\t<div class=\"elementor-container elementor-column-gap-default\">\n\t\t\t\t\t<div class=\"elementor-column elementor-col-100 elementor-top-column elementor-element elementor-element-b09030d\" data-id=\"b09030d\" data-element_type=\"column\" data-e-type=\"column\">\n\t\t\t<div class=\"elementor-widget-wrap elementor-element-populated\">\n\t\t\t\t\t\t<div class=\"elementor-element elementor-element-31123bc elementor-widget elementor-widget-heading\" data-id=\"31123bc\" data-element_type=\"widget\" data-e-type=\"widget\" data-widget_type=\"heading.default\">\n\t\t\t\t<div class=\"elementor-widget-container\">\n\t\t\t\t\t<h2 class=\"elementor-heading-title elementor-size-default\">Alle Ver\u00f6ffentlichungen von Spiritualit\u00e4t<\/h2>\t\t\t\t<\/div>\n\t\t\t\t<\/div>\n\t\t\t\t\t<\/div>\n\t\t<\/div>\n\t\t\t\t\t<\/div>\n\t\t<\/section>\n\t\t\t\t<\/div>\n\t\t","protected":false},"excerpt":{"rendered":"<p>Spiritualit\u00e4t Alle Ver\u00f6ffentlichungen von Spiritualit\u00e4t<\/p>\n","protected":false},"author":2,"featured_media":0,"parent":7321,"menu_order":50,"comment_status":"closed","ping_status":"closed","template":"elementor_header_footer","meta":{"footnotes":""},"class_list":["post-7327","page","type-page","status-publish","hentry"],"_links":{"self":[{"href":"https:\/\/mongonzalez.es\/de\/wp-json\/wp\/v2\/pages\/7327","targetHints":{"allow":["GET"]}}],"collection":[{"href":"https:\/\/mongonzalez.es\/de\/wp-json\/wp\/v2\/pages"}],"about":[{"href":"https:\/\/mongonzalez.es\/de\/wp-json\/wp\/v2\/types\/page"}],"author":[{"embeddable":true,"href":"https:\/\/mongonzalez.es\/de\/wp-json\/wp\/v2\/users\/2"}],"replies":[{"embeddable":true,"href":"https:\/\/mongonzalez.es\/de\/wp-json\/wp\/v2\/comments?post=7327"}],"version-history":[{"count":0,"href":"https:\/\/mongonzalez.es\/de\/wp-json\/wp\/v2\/pages\/7327\/revisions"}],"up":[{"embeddable":true,"href":"https:\/\/mongonzalez.es\/de\/wp-json\/wp\/v2\/pages\/7321"}],"wp:attachment":[{"href":"https:\/\/mongonzalez.es\/de\/wp-json\/wp\/v2\/media?parent=7327"}],"curies":[{"name":"wp","href":"https:\/\/api.w.org\/{rel}","templated":true}]}}