{"id":7333,"date":"2021-01-27T19:20:20","date_gmt":"2021-01-27T19:20:20","guid":{"rendered":"https:\/\/mongonzalez.es\/?page_id=7333"},"modified":"2024-06-20T20:43:39","modified_gmt":"2024-06-20T20:43:39","slug":"verbindend","status":"publish","type":"page","link":"https:\/\/mongonzalez.es\/de\/verbindend\/","title":{"rendered":"Verbindend"},"content":{"rendered":"\t\t<div data-elementor-type=\"wp-page\" data-elementor-id=\"7333\" class=\"elementor elementor-7333 elementor-5811\" data-elementor-post-type=\"page\">\n\t\t\t\t\t\t<section class=\"elementor-section elementor-top-section elementor-element elementor-element-0fa0af5 elementor-section-content-middle elementor-section-boxed elementor-section-height-default elementor-section-height-default\" data-id=\"0fa0af5\" data-element_type=\"section\" data-e-type=\"section\">\n\t\t\t\t\t\t<div class=\"elementor-container elementor-column-gap-default\">\n\t\t\t\t\t<div class=\"elementor-column elementor-col-50 elementor-top-column elementor-element elementor-element-ef29d1e\" data-id=\"ef29d1e\" data-element_type=\"column\" data-e-type=\"column\">\n\t\t\t<div class=\"elementor-widget-wrap\">\n\t\t\t\t\t\t\t<\/div>\n\t\t<\/div>\n\t\t\t\t<div class=\"elementor-column elementor-col-50 elementor-top-column elementor-element elementor-element-e9e076e\" data-id=\"e9e076e\" data-element_type=\"column\" data-e-type=\"column\">\n\t\t\t<div class=\"elementor-widget-wrap elementor-element-populated\">\n\t\t\t\t\t\t<div class=\"elementor-element elementor-element-eeb8a2e elementor-widget elementor-widget-heading\" data-id=\"eeb8a2e\" data-element_type=\"widget\" data-e-type=\"widget\" data-widget_type=\"heading.default\">\n\t\t\t\t<div class=\"elementor-widget-container\">\n\t\t\t\t\t<h2 class=\"elementor-heading-title elementor-size-default\">Verbindend<\/h2>\t\t\t\t<\/div>\n\t\t\t\t<\/div>\n\t\t\t\t\t<\/div>\n\t\t<\/div>\n\t\t\t\t\t<\/div>\n\t\t<\/section>\n\t\t\t\t<section class=\"elementor-section elementor-top-section elementor-element elementor-element-831e1c8 elementor-section-content-middle elementor-section-boxed elementor-section-height-default elementor-section-height-default\" data-id=\"831e1c8\" data-element_type=\"section\" data-e-type=\"section\">\n\t\t\t\t\t\t<div class=\"elementor-container elementor-column-gap-default\">\n\t\t\t\t\t<div class=\"elementor-column elementor-col-50 elementor-top-column elementor-element elementor-element-3b09add\" data-id=\"3b09add\" data-element_type=\"column\" data-e-type=\"column\">\n\t\t\t<div class=\"elementor-widget-wrap elementor-element-populated\">\n\t\t\t\t\t\t<div class=\"elementor-element elementor-element-be2e8a0 elementor-widget elementor-widget-image\" data-id=\"be2e8a0\" data-element_type=\"widget\" data-e-type=\"widget\" data-widget_type=\"image.default\">\n\t\t\t\t<div class=\"elementor-widget-container\">\n\t\t\t\t\t\t\t\t\t\t\t\t\t\t\t<img decoding=\"async\" src=\"https:\/\/mongonzalez.es\/wp-content\/uploads\/2021\/01\/categoria-sororidad.png\" title=\"\" alt=\"\" loading=\"lazy\" \/>\t\t\t\t\t\t\t\t\t\t\t\t\t\t\t<\/div>\n\t\t\t\t<\/div>\n\t\t\t\t\t<\/div>\n\t\t<\/div>\n\t\t\t\t<div class=\"elementor-column elementor-col-50 elementor-top-column elementor-element elementor-element-040fe30\" data-id=\"040fe30\" data-element_type=\"column\" data-e-type=\"column\">\n\t\t\t<div class=\"elementor-widget-wrap elementor-element-populated\">\n\t\t\t\t\t\t<div class=\"elementor-element elementor-element-95997ef elementor-widget elementor-widget-text-editor\" data-id=\"95997ef\" data-element_type=\"widget\" data-e-type=\"widget\" data-widget_type=\"text-editor.default\">\n\t\t\t\t<div class=\"elementor-widget-container\">\n\t\t\t\t\t\t\t\t\t<p>Ich hoffe, dass diese Registerkarte dazu dient, Br\u00fccken zu anderen Personen oder Organisationen zu bauen, die sich ebenfalls bem\u00fchen, eine bessere Welt durch sanfte Macht und Zufall aufzubauen.<\/p><p>Unter diesem Gesichtspunkt halte ich die fortschreitende Erm\u00e4chtigung aller Menschen, insbesondere der Frauen und M\u00e4dchen, f\u00fcr wichtig, damit sie ihre W\u00fcrde und Freiheit durch gleichberechtigtes Handeln einfordern k\u00f6nnen (in &#8222;Schwesternschaft&#8220;).<\/p><p>Ebenso pl\u00e4diere ich daf\u00fcr, die Kr\u00e4fte zu b\u00fcndeln, um eine nachhaltige Welt zu schaffen, in der die Grundbed\u00fcrfnisse aller Menschen gedeckt sind (Zugang zu Trinkwasser, ausreichend und nahrhafte Nahrung, ein anst\u00e4ndiges Dach, eine Grundausbildung und einer fair bezahlten Arbeit), und dass dies unter Achtung und Pflege unserer Mutter Erde oder Pachamama erreicht wird (unter &#8222;Nachhaltigkeit&#8220;).<\/p>\t\t\t\t\t\t\t\t<\/div>\n\t\t\t\t<\/div>\n\t\t\t\t\t<\/div>\n\t\t<\/div>\n\t\t\t\t\t<\/div>\n\t\t<\/section>\n\t\t\t\t<section class=\"elementor-section elementor-top-section elementor-element elementor-element-a5f3e5c elementor-section-content-middle elementor-section-boxed elementor-section-height-default elementor-section-height-default\" data-id=\"a5f3e5c\" data-element_type=\"section\" data-e-type=\"section\">\n\t\t\t\t\t\t<div class=\"elementor-container elementor-column-gap-default\">\n\t\t\t\t\t<div class=\"elementor-column elementor-col-100 elementor-top-column elementor-element elementor-element-3c5c0af\" data-id=\"3c5c0af\" data-element_type=\"column\" data-e-type=\"column\">\n\t\t\t<div class=\"elementor-widget-wrap elementor-element-populated\">\n\t\t\t\t\t\t<div class=\"elementor-element elementor-element-6982cda elementor-widget elementor-widget-text-editor\" data-id=\"6982cda\" data-element_type=\"widget\" data-e-type=\"widget\" data-widget_type=\"text-editor.default\">\n\t\t\t\t<div class=\"elementor-widget-container\">\n\t\t\t\t\t\t\t\t\t<p>Schlie\u00dflich wird all dies nicht m\u00f6glich sein, wenn wir nicht mit all unserer Kraft und Energie versuchen, die Grundlagen f\u00fcr den Frieden zu shcaffen. In der Pr\u00e4ambel der <a href=\"https:\/\/documents.un.org\/api\/symbol\/access?j=N1529191&amp;t=pdf\" target=\"_blank\" rel=\"noopener\">Resolution 70\/1 der Generalversammlung der Vereinten Nationen vom 21. Oktober 2015<\/a>, die die Agenda 2030 und ihre 17 Ziele f\u00fcr Nachhaltige Entwicklung (ZNE oder SDGs) festlegt, hei\u00dft es: &#8222;Es kann keine nachhaltige Entwicklung ohne Frieden und keinen Frieden ohne nachhaltige Entwicklung geben&#8220; (unter &#8222;Pazifismus&#8220;).<\/p>\t\t\t\t\t\t\t\t<\/div>\n\t\t\t\t<\/div>\n\t\t\t\t\t<\/div>\n\t\t<\/div>\n\t\t\t\t\t<\/div>\n\t\t<\/section>\n\t\t\t\t<section class=\"elementor-section elementor-top-section elementor-element elementor-element-43db580 elementor-section-boxed elementor-section-height-default elementor-section-height-default\" data-id=\"43db580\" data-element_type=\"section\" data-e-type=\"section\">\n\t\t\t\t\t\t<div class=\"elementor-container elementor-column-gap-default\">\n\t\t\t\t\t<div class=\"elementor-column elementor-col-100 elementor-top-column elementor-element elementor-element-dc9b05a\" data-id=\"dc9b05a\" data-element_type=\"column\" data-e-type=\"column\">\n\t\t\t<div class=\"elementor-widget-wrap elementor-element-populated\">\n\t\t\t\t\t\t<div class=\"elementor-element elementor-element-78ca3ac elementor-widget elementor-widget-heading\" data-id=\"78ca3ac\" data-element_type=\"widget\" data-e-type=\"widget\" data-widget_type=\"heading.default\">\n\t\t\t\t<div class=\"elementor-widget-container\">\n\t\t\t\t\t<h2 class=\"elementor-heading-title elementor-size-default\">Alle Ver\u00f6ffentlichungen von Verbindend<\/h2>\t\t\t\t<\/div>\n\t\t\t\t<\/div>\n\t\t\t\t\t<\/div>\n\t\t<\/div>\n\t\t\t\t\t<\/div>\n\t\t<\/section>\n\t\t\t\t<\/div>\n\t\t","protected":false},"excerpt":{"rendered":"<p>Verbindend Ich hoffe, dass diese Registerkarte dazu dient, Br\u00fccken zu anderen Personen oder Organisationen zu bauen, die sich ebenfalls bem\u00fchen, eine bessere Welt durch sanfte Macht und Zufall aufzubauen. Unter diesem Gesichtspunkt halte ich die fortschreitende Erm\u00e4chtigung aller Menschen, insbesondere der Frauen und M\u00e4dchen, f\u00fcr wichtig, damit sie ihre W\u00fcrde und Freiheit durch gleichberechtigtes Handeln [&hellip;]<\/p>\n","protected":false},"author":1,"featured_media":0,"parent":0,"menu_order":40,"comment_status":"closed","ping_status":"closed","template":"elementor_header_footer","meta":{"footnotes":""},"class_list":["post-7333","page","type-page","status-publish","hentry"],"_links":{"self":[{"href":"https:\/\/mongonzalez.es\/de\/wp-json\/wp\/v2\/pages\/7333","targetHints":{"allow":["GET"]}}],"collection":[{"href":"https:\/\/mongonzalez.es\/de\/wp-json\/wp\/v2\/pages"}],"about":[{"href":"https:\/\/mongonzalez.es\/de\/wp-json\/wp\/v2\/types\/page"}],"author":[{"embeddable":true,"href":"https:\/\/mongonzalez.es\/de\/wp-json\/wp\/v2\/users\/1"}],"replies":[{"embeddable":true,"href":"https:\/\/mongonzalez.es\/de\/wp-json\/wp\/v2\/comments?post=7333"}],"version-history":[{"count":0,"href":"https:\/\/mongonzalez.es\/de\/wp-json\/wp\/v2\/pages\/7333\/revisions"}],"wp:attachment":[{"href":"https:\/\/mongonzalez.es\/de\/wp-json\/wp\/v2\/media?parent=7333"}],"curies":[{"name":"wp","href":"https:\/\/api.w.org\/{rel}","templated":true}]}}