{"id":7341,"date":"2021-01-21T21:20:08","date_gmt":"2021-01-21T21:20:08","guid":{"rendered":"https:\/\/mongonzalez.es\/?page_id=7341"},"modified":"2024-06-14T19:05:04","modified_gmt":"2024-06-14T19:05:04","slug":"aviso-legal","status":"publish","type":"page","link":"https:\/\/mongonzalez.es\/de\/aviso-legal\/","title":{"rendered":"Rechtlicher Hinweis"},"content":{"rendered":"\t\t<div data-elementor-type=\"wp-page\" data-elementor-id=\"7341\" class=\"elementor elementor-7341 elementor-5569\" data-elementor-post-type=\"page\">\n\t\t\t\t\t\t<section class=\"elementor-section elementor-top-section elementor-element elementor-element-4c7c9f16 elementor-section-boxed elementor-section-height-default elementor-section-height-default\" data-id=\"4c7c9f16\" data-element_type=\"section\" data-e-type=\"section\">\n\t\t\t\t\t\t<div class=\"elementor-container elementor-column-gap-default\">\n\t\t\t\t\t<div class=\"elementor-column elementor-col-100 elementor-top-column elementor-element elementor-element-5d68221e\" data-id=\"5d68221e\" data-element_type=\"column\" data-e-type=\"column\">\n\t\t\t<div class=\"elementor-widget-wrap elementor-element-populated\">\n\t\t\t\t\t\t<div class=\"elementor-element elementor-element-342eb220 elementor-widget elementor-widget-text-editor\" data-id=\"342eb220\" data-element_type=\"widget\" data-e-type=\"widget\" data-widget_type=\"text-editor.default\">\n\t\t\t\t<div class=\"elementor-widget-container\">\n\t\t\t\t\t\t\t\t\t<p><strong>RECHTLICHER HINWEIS<\/strong><\/p><p>Der Zugang, das Durchsuchen und die Nutzung der Website www.mongonzalez.es (nachfolgend die &#8222;Website&#8220;) setzt die ausdr\u00fcckliche und uneingeschr\u00e4nkte Annahme aller Bedingungen dieses rechtlichen Hinweises voraus. Die Beachtung und Einhaltung dieser Bestimmungen ist f\u00fcr jede Person, die auf die Website zugreift, sie durchsucht oder nutzt, verbindlich.<\/p><p><strong>IDENTIFIZIERUNG<\/strong><\/p><p>Inhaber: Mon Gonz\u00e1lez (nachstehend &#8222;Mon&#8220;)<\/p><p>E-Mail: <a href=\"mailto:info@mongonzalez.es\" target=\"_blank\" rel=\"noopener\">info@mongonzalez.es<\/a><\/p><p><strong>ZIEL<\/strong><\/p><p>Der vorliegende rechtliche Hinweis regelt den Zugang, das Durchsuchen und die Nutzung der Website, unbeschadet der Tatsache, dass Mon sich das Recht vorbeh\u00e4lt, die Pr\u00e4sentation, die Konfiguration und den Inhalt der Website sowie die f\u00fcr den Zugang und\/oder die Nutzung erforderlichen Bedingungen zu \u00e4ndern. Der Zugang zu und\/oder die Nutzung der Website nach dem Inkrafttreten der \u00c4nderungen setzt die Annahme derselben voraus.<\/p><p>Der Zugang zu bestimmten Inhalten und die Nutzung bestimmter Dienste k\u00f6nnen jedoch bestimmten besonderen Bedingungen unterliegen, die in jedem Fall deutlich angezeigt werden und von den Nutzern ausdr\u00fccklich akzeptiert werden m\u00fcssen. Diese besonderen Bedingungen k\u00f6nnen die in diesem rechtlichen Hinweis festgelegten Bedingungen ersetzen, erg\u00e4nzen oder gegebenenfalls \u00e4ndern.<\/p><p>F\u00fcr die Auslegung des vorliegenden rechtlichen Hinweises gilt, dass eine Person in dem Moment zum Nutzer wird (im Folgenden &#8222;Nutzer&#8220; oder &#8222;Nutzer&#8220;), in dem sie den vorliegenden rechtlichen Hinweis und die auf der Website dargelegte Datenschutzrichtlinie akzeptiert.<\/p><p><strong>ZUGANG UND REGISTRIERUNG<\/strong><\/p><p>F\u00fcr den Zugang zur Website und deren Nutzung ist keine Registrierung erforderlich. Durch den Zugriff auf die Website und das Browsen auf ihr akzeptiert der Nutzer jedoch den vorliegenden rechtlichen Hinweis in vollem Umfang und verpflichtet sich, ihn sowie alle Anweisungen oder Empfehlungen, die in jedem Einzelfall auf der Website angegeben werden, vollst\u00e4ndig zu befolgen.<\/p><p>In jedem Fall ist der Zugang zur Website und das Surfen auf der Website f\u00fcr Minderj\u00e4hrige unter achtzehn (18) Jahren verboten, es sei denn, sie haben die vorherige und ausdr\u00fcckliche Genehmigung ihrer Eltern, Erziehungsberechtigten oder gesetzlichen Vertreter, die f\u00fcr die Handlungen der Minderj\u00e4hrigen in ihrer Obhut gem\u00e4\u00df der geltenden Gesetzgebung verantwortlich gemacht werden. In jedem Fall wird davon ausgegangen, dass der Zugriff eines Minderj\u00e4hrigen auf die Website mit vorheriger und ausdr\u00fccklicher Genehmigung seiner Eltern, seines Vormunds oder seines gesetzlichen Vertreters erfolgt ist.<\/p><p><strong>RECHTE AN GEISTIGEM UND GEWERBLICHEM EIGENTUM<\/strong><\/p><p>Mon ist Eigent\u00fcmer oder verf\u00fcgt gegebenenfalls \u00fcber die entsprechenden Lizenzen f\u00fcr die geistigen und gewerblichen Eigentumsrechte, die f\u00fcr den Betrieb der Website erforderlich sind, sowie f\u00fcr alle auf der Website angebotenen Inhalte, einschlie\u00dflich der Website selbst, der Texte, Fotos oder Abbildungen, Logos, Marken, Grafiken, Designs, Schnittstellen oder sonstiger Informationen oder Inhalte sowie der \u00fcber die Website verf\u00fcgbaren Dienstleistungen.<\/p><p>Der Zugang, das Durchsuchen und die Nutzung der Website durch den Nutzer bedeutet unter keinen Umst\u00e4nden einen Verzicht, eine \u00dcbertragung, eine Lizenz oder eine vollst\u00e4ndige oder teilweise \u00dcbertragung der genannten Rechte durch Mon. Der Nutzer hat das Recht, den Inhalt und\/oder die Dienste der Website in einem rein inl\u00e4ndischen Rahmen und ausschlie\u00dflich zum Zweck der Nutzung der in \u00dcbereinstimmung mit diesem rechtlichen Hinweis angebotenen Dienste zu nutzen.<\/p><p>Verweise auf eingetragene Marken oder Handelsnamen oder andere Unterscheidungszeichen, ob im Besitz von Mon oder von Dritten, bedeuten ein Verbot ihrer Verwendung ohne die Zustimmung von Mon oder deren rechtm\u00e4\u00dfigen Eigent\u00fcmern. Der Zugang, das Durchsuchen oder die Nutzung der Website und\/oder ihrer Inhalte verleiht dem Nutzer zu keinem Zeitpunkt ein Recht an den darin enthaltenen Kennzeichen, es sei denn, in den vorliegenden rechtlichen Hinweisen ist etwas anderes vorgesehen.<\/p><p>Alle geistigen und gewerblichen Eigentumsrechte an den Inhalten und\/oder Diensten der Website sind vorbehalten, und es ist insbesondere verboten, die auf der Website enthaltenen Inhalte ganz oder teilweise zu ver\u00e4ndern, zu kopieren, zu vervielf\u00e4ltigen, \u00f6ffentlich wiederzugeben, umzuwandeln oder zu verbreiten, gleichg\u00fcltig mit welchen Mitteln und in welcher Form, ohne die vorherige, ausdr\u00fcckliche und schriftliche Genehmigung von Mon oder gegebenenfalls des Inhabers der entsprechenden Rechte.<\/p><p>Ebenso ist es verboten, die Urheberrechtsvermerke oder andere Vermerke zu entfernen oder zu manipulieren, die die Inhaber der Rechte an den Inhalten identifizieren, die der Nutzer auf der Website vorfindet, sowie die technischen Schutzvorrichtungen, digitalen Fingerabdr\u00fccke oder andere Schutzmechanismen oder Informationen, die in den auf der Website angebotenen Inhalten enthalten sind.<\/p><p>F\u00fcr den Fall, dass der Nutzer Informationen oder Inhalte jeglicher Art \u00fcber einen der daf\u00fcr vorgesehenen Kan\u00e4le an Mon sendet, erkl\u00e4rt, garantiert und akzeptiert der Nutzer, dass er das Recht hat, dies frei zu tun, dass diese Informationen keine geistigen oder gewerblichen Eigentumsrechte, Gesch\u00e4ftsgeheimnisse oder andere Rechte Dritter verletzen und dass diese Informationen nicht vertraulich oder sch\u00e4dlich f\u00fcr Dritte sind.<\/p><p>Der Nutzer erkennt an, dass er die Verantwortung f\u00fcr alle Mitteilungen oder Inhalte, die er pers\u00f6nlich oder in seinem Namen versendet, \u00fcbernimmt und Mon unversehrt l\u00e4sst.<\/p><p>Erh\u00e4lt der Nutzer Kenntnis von Inhalten, die rechtswidrig sind, gegen das Gesetz versto\u00dfen oder eine Verletzung der Rechte an geistigem oder gewerblichem Eigentum oder anderer Art darstellen k\u00f6nnten, muss er Mon unverz\u00fcglich \u00fcber die E-Mail-Adresse info@mongonzalez.es benachrichtigen, damit Mon die entsprechenden Ma\u00dfnahmen ergreifen kann.<\/p><p>Falls ein Nutzer oder ein Dritter der Ansicht ist, dass ein Inhalt der Website, der Eigentum von Mon ist, seine Rechte an geistigem oder gewerblichem Eigentum oder andere Rechte verletzt, muss er eine Mitteilung an info@mongonzalez.es senden, die die folgenden Informationen enth\u00e4lt:<\/p><p>Identifikationsangaben und Kontaktdaten des Kl\u00e4gers oder seines gesetzlichen Vertreters;<\/p><p>Unterlagen, aus denen hervorgeht, dass sie Inhaber der angeblich verletzten Rechte sind;<\/p><p>Detaillierte Darstellung der Rechte, die angeblich von Mon verletzt wurden, sowie deren genaue Position auf der Website;<\/p><p>Ausdr\u00fcckliche Erkl\u00e4rung des Kl\u00e4gers, dass die Verwendung des Inhalts ohne die Zustimmung des Inhabers der angeblich verletzten Rechte erfolgt ist.<\/p><p><strong>LINKS<\/strong><\/p><p><strong>LINKS ZU ANDEREN WEBSITES<\/strong><\/p><p>F\u00fcr den Fall, dass auf der Website mittels verschiedener Schaltfl\u00e4chen, Links, Banner oder eingebetteter Inhalte Links zu anderen Webseiten angezeigt werden, informiert Mon, dass diese von Dritten verwaltet werden und Mon weder \u00fcber die menschlichen noch die technischen Mittel verf\u00fcgt, um alle Informationen, Inhalte, Produkte oder Dienstleistungen, die von anderen Plattformen, zu denen von der Website aus Links eingerichtet werden k\u00f6nnen, bereitgestellt werden, im Voraus zu kennen und\/oder zu kontrollieren und\/oder zu genehmigen.<\/p><p>Infolgedessen kann Mon keinerlei Verantwortung f\u00fcr irgendeinen Aspekt in Bezug auf die Website oder die Webseite, zu der von der Website aus ein Link eingerichtet werden kann, \u00fcbernehmen, insbesondere, aber nicht ausschlie\u00dflich, f\u00fcr deren Betrieb, Zugang, Daten, Informationen, Dateien, Qualit\u00e4t und Zuverl\u00e4ssigkeit ihrer Produkte und Dienstleistungen, ihre eigenen Links und\/oder ihren Inhalt im Allgemeinen.<\/p><p>In diesem Sinne muss der Nutzer, wenn er tats\u00e4chliche Kenntnis davon hat, dass die \u00fcber diese Websites Dritter durchgef\u00fchrten Aktivit\u00e4ten rechtswidrig sind oder gegen die guten Sitten und\/oder die \u00f6ffentliche Ordnung versto\u00dfen, unverz\u00fcglich Mon informieren, damit der Link zu diesen Websites deaktiviert werden kann, was so schnell wie m\u00f6glich geschehen wird.<\/p><p>In jedem Fall bedeutet die Einrichtung eines Links von der Website zu einer anderen externen Website nicht, dass irgendeine Art von Beziehung, Zusammenarbeit oder Abh\u00e4ngigkeit zwischen Mon und der f\u00fcr die besagte externe Website verantwortlichen Partei besteht.<\/p><p><strong>LINKS ZUM KANAL DES EIGENT\u00dcMERS AUF ANDEREN PLATTFORMEN UND SOZIALEN NETZWERKEN<\/strong><\/p><p>Mon stellt den Nutzern \u00fcber verschiedene Tools und Anwendungen Verkn\u00fcpfungsm\u00f6glichkeiten zur Verf\u00fcgung, die es den Nutzern erm\u00f6glichen, auf die Kan\u00e4le und Seiten der Website zuzugreifen, die er auf verschiedenen Plattformen und sozialen Netzwerken unterh\u00e4lt, die Dritten geh\u00f6ren und\/oder von diesen verwaltet werden (z. B. X, LinkedIn , YouTube usw.). Die Aufnahme dieser Links in die Website dient ausschlie\u00dflich dem Zweck, den Nutzern den Zugang zu diesen Kan\u00e4len auf den verschiedenen Plattformen und sozialen Netzwerken zu erm\u00f6glichen.<\/p><p>Die Einrichtung dieser Anwendungen impliziert weder das Bestehen einer Beziehung zwischen Mon und dem Eigent\u00fcmer, Hersteller oder Vertreiber der verlinkten Website noch die Akzeptanz und Billigung von deren Inhalten und\/oder Dienstleistungen durch Mon, f\u00fcr die allein der Eigent\u00fcmer, Hersteller oder Vertreiber verantwortlich ist.<\/p><p>Die Aktivierung und Nutzung dieser Anwendungen kann die Identifizierung und Authentifizierung des Benutzers (Login\/Passwort) auf den entsprechenden Plattformen erfordern, die sich vollst\u00e4ndig au\u00dferhalb der Website befinden und au\u00dferhalb der Kontrolle von Mon liegen. Durch den Zugriff auf solche externen Netzwerke betritt der Benutzer eine Umgebung, die nicht von Mon kontrolliert wird, und Mon \u00fcbernimmt keine Verantwortung f\u00fcr die Sicherheitseinstellungen solcher Umgebungen.<\/p><p>Da Mon m\u00f6glicherweise nur eine begrenzte Kontrolle \u00fcber den auf solchen Kan\u00e4len gehosteten Inhalt hat, erkennt der Benutzer an und erkl\u00e4rt sich damit einverstanden, dass Mon keine Verantwortung oder Haftung f\u00fcr den Inhalt oder die Dienstleistungen, auf die der Benutzer auf solchen Websites zugreift, oder f\u00fcr jegliche Inhalte, Produkte, Dienstleistungen, Werbung oder andere auf solchen Websites verf\u00fcgbare Materialien \u00fcbernimmt.<\/p><p><strong>LINKS AUF ANDEREN WEBSEITEN ZUR WEBSITE<\/strong><\/p><p>Mon gestattet nicht die Einrichtung eines Links zur Website von Seiten, die Materialien, Informationen oder Inhalte enthalten, die rechtswidrig, illegal, entw\u00fcrdigend, obsz\u00f6n sind und im Allgemeinen gegen das Gesetz, die Moral oder die \u00f6ffentliche Ordnung oder die allgemein anerkannten sozialen Normen versto\u00dfen.<\/p><p>In jedem Fall k\u00f6nnen die Nutzer Links zur Website einrichten, sofern sie die folgenden Bedingungen erf\u00fcllen:<\/p><p>Der Link darf nicht den Inhalt der Website oder Teile davon in irgendeiner Form wiedergeben;<\/p><p>Es ist nicht gestattet, eine Browser- oder Rahmenumgebung \u00fcber Teilen der Website zu erstellen, noch darf die Website in irgendeiner anderen Weise ver\u00e4ndert werden;<\/p><p>Es ist nicht gestattet, falsche, ungenaue oder unrichtige Aussagen oder Angaben \u00fcber die Website zu machen und\/oder insbesondere anzugeben oder den Eindruck zu erwecken, dass Mon den Link genehmigt hat oder dass es die Inhalte oder Dienstleistungen, die auf der Webseite, auf der der Link eingerichtet wird, angeboten oder zur Verf\u00fcgung gestellt werden, in irgendeiner Weise \u00fcberwacht oder \u00fcbernommen hat;<\/p><p>Die Webseite, auf der der Link zur Website eingerichtet wird, darf keine Informationen oder Inhalte enthalten, die rechtswidrig sind oder gegen die allgemein anerkannten Sitten und Gebr\u00e4uche sowie die \u00f6ffentliche Ordnung versto\u00dfen, und sie darf auch keine Inhalte enthalten, die gegen die Rechte Dritter, einschlie\u00dflich der Rechte an geistigem oder gewerblichem Eigentum und\/oder das Recht auf Ehre, auf pers\u00f6nliche oder famili\u00e4re Privatsph\u00e4re oder auf das eigene Bild oder andere Rechte versto\u00dfen, oder Inhalte, die gegen die Vorschriften zum Schutz personenbezogener Daten versto\u00dfen.<\/p><p>Mon hat weder die Befugnis noch die personellen oder technischen Mittel, alle Informationen, Inhalte, Produkte oder Dienstleistungen, die von anderen Websites, die mit der Website verlinkt sind, bereitgestellt werden, zu kennen, zu kontrollieren oder zu genehmigen. Mon \u00fcbernimmt keinerlei Verantwortung f\u00fcr irgendeinen Aspekt in Bezug auf die Webseite, die den Link zur Website herstellt; insbesondere, aber nicht ausschlie\u00dflich, f\u00fcr deren Betrieb, Zugang, Daten, Informationen, Dateien, Qualit\u00e4t und Zuverl\u00e4ssigkeit ihrer Produkte und Dienstleistungen, ihre eigenen Links und\/oder ihren Inhalt im Allgemeinen.<\/p><p><strong>REGELN F\u00dcR DIE NUTZUNG DER WEBSITE<\/strong><\/p><p>Der Zugriff auf die Website oder ihre Nutzung zu illegalen oder nicht genehmigten Zwecken, sei es zu Gewinnzwecken oder nicht, ist nicht gestattet, und der Nutzer tr\u00e4gt daher die alleinige Verantwortung f\u00fcr die Folgen. Insbesondere, und ohne dass die folgende Aufz\u00e4hlung einschr\u00e4nkend sein soll, ist es verboten<\/p><p>Die Website in einer Weise zu nutzen, die Sch\u00e4den, Unterbrechungen, Ineffizienzen oder Defekte in ihrem Betrieb oder in der Computerausr\u00fcstung eines Dritten verursachen kann;<\/p><p>die Website f\u00fcr die \u00dcbertragung, Installation oder Ver\u00f6ffentlichung von Viren, b\u00f6sartigem Code oder anderen sch\u00e4dlichen Programmen oder Dateien zu nutzen;<\/p><p>die Website zu nutzen, um pers\u00f6nliche Daten anderer Nutzer zu sammeln;<\/p><p>die Website auf illegale Weise, gegen Treu und Glauben, Moral und \u00f6ffentliche Ordnung zu nutzen;<\/p><p>Die Registrierung \u00fcber die Website unter einer falschen Identit\u00e4t, das Ausgeben einer dritten Person oder die Verwendung eines Profils oder einer anderen Handlung, die andere Nutzer hinsichtlich der Identit\u00e4t des Nutzers in die Irre f\u00fchren kann;<\/p><p>Unerlaubter Zugriff auf einen Teil der Website, auf andere Systeme oder Netzwerke, die mit der Website, den Servern von Mon oder den \u00fcber die Website angebotenen Diensten verbunden sind, durch Hacken oder F\u00e4lschen, Passwort-Mining oder andere unzul\u00e4ssige Mittel;<\/p><p>die Sicherheits- oder Authentifizierungsma\u00dfnahmen der Website oder eines mit der Website verbundenen Netzwerks oder die Sicherheits- oder Schutzma\u00dfnahmen, die dem auf der Website angebotenen Inhalt innewohnen, zu verletzen oder zu versuchen, diese zu verletzen;<\/p><p>Handlungen vorzunehmen, die eine unverh\u00e4ltnism\u00e4\u00dfige oder unn\u00f6tige Belastung der Infrastruktur der Website oder der Systeme oder Netzwerke von Mon sowie der mit der Website verbundenen Systeme und Netzwerke verursachen; oder<\/p><p>den normalen Ablauf einer Veranstaltung, eines Wettbewerbs, einer Werbeaktion oder einer anderen Aktivit\u00e4t, die \u00fcber die Website oder eine ihrer Funktionalit\u00e4ten verf\u00fcgbar ist, zu behindern, indem er den Zugang, die Teilnahme oder den Betrieb derselben illegal oder auf andere Weise ver\u00e4ndert oder zu ver\u00e4ndern versucht, oder indem er das Ergebnis derselben f\u00e4lscht und\/oder betr\u00fcgerische Teilnahmemethoden anwendet, und zwar durch jedes Verfahren und\/oder jede Praxis, die gegen diesen rechtlichen Hinweis verst\u00f6\u00dft oder ihn verletzt.<\/p><p>Die Verletzung einer der oben genannten Verpflichtungen durch den Nutzer kann dazu f\u00fchren, dass Mon in Aus\u00fcbung ihrer Rechte und Pflichten die geeigneten, gesetzlich gesch\u00fctzten Ma\u00dfnahmen ergreift, die zur L\u00f6schung oder Sperrung des Kontos des zuwiderhandelnden Nutzers f\u00fchren k\u00f6nnen, ohne dass eine Entsch\u00e4digung f\u00fcr den entstandenen Schaden m\u00f6glich ist.<\/p><p><strong>VERANTWORTLICHKEITEN UND GARANTIEN<\/strong><\/p><p>Mon kann weder die Zuverl\u00e4ssigkeit, N\u00fctzlichkeit oder Richtigkeit aller Informationen und\/oder Dienstleistungen und Inhalte der Website noch die N\u00fctzlichkeit oder Richtigkeit der \u00fcber diese Website zur Verf\u00fcgung gestellten Dokumentation garantieren.<\/p><p>Folglich garantiert Mon nicht und \u00fcbernimmt keine Verantwortung f\u00fcr:<\/p><p>Die Kontinuit\u00e4t der Inhalte und Dienstleistungen der Website;<\/p><p>die Abwesenheit von Fehlern in den besagten Inhalten und Diensten;<\/p><p>die Abwesenheit von Viren und\/oder anderen sch\u00e4dlichen Komponenten auf der Website oder auf dem Server, der sie zur Verf\u00fcgung stellt;<\/p><p>die Unverletzlichkeit der Website und\/oder die Unm\u00f6glichkeit, die dort getroffenen Sicherheitsma\u00dfnahmen zu verletzen;<\/p><p>Der fehlende Nutzen oder die mangelnde Leistungsf\u00e4higkeit der Inhalte und Dienstleistungen der Website; und der Schaden oder die Beeintr\u00e4chtigung, die sich selbst oder einem Dritten durch eine Person zugef\u00fcgt wird, die gegen die Bedingungen, Regeln und Anweisungen verst\u00f6\u00dft, die Mon auf der Website festlegt, oder durch die Verletzung der Sicherheitssysteme der Website.<\/p><p>Mon erkl\u00e4rt jedoch, dass es im Rahmen seiner M\u00f6glichkeiten und des Stands der Technik alle notwendigen Ma\u00dfnahmen ergriffen hat, um das Funktionieren der Website zu gew\u00e4hrleisten und Systemfehler zu minimieren, sowohl in technischer Hinsicht als auch in Bezug auf die auf der Website ver\u00f6ffentlichten Inhalte.<\/p><p>Mon \u00fcbernimmt keine Garantie f\u00fcr die Rechtm\u00e4\u00dfigkeit, Zuverl\u00e4ssigkeit oder N\u00fctzlichkeit der von Dritten \u00fcber die Website bereitgestellten Inhalte. Wenn der Nutzer Kenntnis von Inhalten erh\u00e4lt, die unzul\u00e4ssig, illegal oder gesetzeswidrig sind oder die Rechte Dritter verletzen k\u00f6nnten, muss er Mon unverz\u00fcglich benachrichtigen, damit Mon die entsprechenden Ma\u00dfnahmen ergreifen kann.<\/p><p>Mon haftet weder f\u00fcr die Richtigkeit, Vollst\u00e4ndigkeit oder Aktualisierung der auf der Website ver\u00f6ffentlichten Informationen aus externen Quellen noch f\u00fcr die Informationen, die auf anderen Plattformen enthalten sind, zu denen von der Website aus Links hergestellt werden. Mon haftet nicht f\u00fcr hypothetische Sch\u00e4den, die sich aus der Nutzung der oben genannten Informationen ergeben k\u00f6nnten.<\/p><p>Mon haftet nicht f\u00fcr Ursachen, die au\u00dferhalb seiner Kontrolle liegen, einschlie\u00dflich, aber nicht beschr\u00e4nkt auf: h\u00f6here Gewalt, Internetzugangsprobleme, technische Probleme, die au\u00dferhalb der sorgf\u00e4ltigen und angemessenen Verwaltung von Mon liegen, Handlungen oder Unterlassungen Dritter usw. In allen vorgenannten F\u00e4llen, die au\u00dferhalb der Kontrolle und der Sorgfalt von Mon liegen, gibt es keine Entsch\u00e4digung von Mon an den Benutzer f\u00fcr Sch\u00e4den oder Verluste, soweit dies nach der geltenden Gesetzgebung zul\u00e4ssig ist.<\/p><p><strong>AUSSETZUNG DER WEBSITE<\/strong><\/p><p>Mon beh\u00e4lt sich das Recht vor, den Zugang, das Browsen, die Nutzung, das Hosting und\/oder das Herunterladen von Inhalten und\/oder die Nutzung von Diensten der Website mit oder ohne vorherige Ank\u00fcndigung f\u00fcr Nutzer, die gegen eine der in diesen rechtlichen Hinweisen aufgef\u00fchrten Bestimmungen versto\u00dfen, vor\u00fcbergehend oder dauerhaft auszusetzen, zu \u00e4ndern, einzuschr\u00e4nken oder zu unterbrechen, ohne dass der Nutzer aus diesem Grund eine Entsch\u00e4digung fordern kann.<\/p><p><strong>VERTRAULICHKEIT UND DATENSCHUTZ<\/strong><\/p><p>Gem\u00e4\u00df den Bestimmungen des Organgesetzes 15\/1999 vom 13. Dezember \u00fcber den Schutz personenbezogener Daten werden alle personenbezogenen Daten, die bei der Nutzung der Website erhoben werden, in \u00dcbereinstimmung mit den Bestimmungen der Datenschutzrichtlinie behandelt, die alle Nutzer ausdr\u00fccklich akzeptieren m\u00fcssen, um das System zu nutzen und sich dort zu registrieren.<\/p><p><strong>ALLGEMEINES<\/strong><\/p><p>Die \u00dcberschriften der einzelnen Klauseln dienen lediglich der Information und haben keinen Einfluss auf die Auslegung des vorliegenden rechtlichen Hinweises, schr\u00e4nken diese nicht ein und erweitern sie nicht. Ebenso kann Mon die hierin festgelegten Bedingungen ganz oder teilweise \u00e4ndern, indem sie jede \u00c4nderung in derselben Form, in der dieser Rechtliche Hinweis erscheint, oder durch jede Art von Mitteilung an die Nutzer ver\u00f6ffentlicht.<\/p><p>Die vorl\u00e4ufige G\u00fcltigkeit dieses rechtlichen Hinweises f\u00e4llt daher mit dem Zeitpunkt seiner Ver\u00f6ffentlichung zusammen, bis er ganz oder teilweise ge\u00e4ndert wird; zu diesem Zeitpunkt tritt der ge\u00e4nderte rechtliche Hinweis in Kraft.<\/p><p>Mon kann den Zugang zu den Inhalten der Website jederzeit und ohne Vorank\u00fcndigung beenden, aussetzen oder unterbrechen, ohne dass der Nutzer Anspruch auf irgendeine Entsch\u00e4digung hat. Nach einer solchen Beendigung bleiben die oben in diesen rechtlichen Hinweisen aufgef\u00fchrten Verbote f\u00fcr die Nutzung der Inhalte in Kraft.<\/p><p>Sollte eine Bestimmung des vorliegenden rechtlichen Hinweises von einem Gericht oder einer zust\u00e4ndigen Verwaltungsbeh\u00f6rde ganz oder teilweise f\u00fcr nichtig oder nicht durchsetzbar erkl\u00e4rt werden, so ber\u00fchrt diese Nichtigkeit oder Nichtdurchsetzbarkeit nicht die \u00fcbrigen Bestimmungen des vorliegenden rechtlichen Hinweises.<\/p><p>Die Nichtaus\u00fcbung oder Nichtdurchsetzung eines in diesen rechtlichen Hinweisen enthaltenen Rechts oder einer Bestimmung durch Mon stellt keinen Verzicht darauf dar, es sei denn, Mon hat dies schriftlich best\u00e4tigt und zugestimmt.<\/p><p><strong>ANWENDBARES RECHT UND ZUST\u00c4NDIGE GERICHTSBARKEIT<\/strong><\/p><p>Diese Website unterliegt den in Spanien geltenden Gesetzen.<\/p><p>F\u00fcr alle Streitigkeiten, die sich aus der Auslegung und Anwendung dieser rechtlichen Hinweise ergeben k\u00f6nnten, und soweit dies nach der geltenden Gesetzgebung zul\u00e4ssig ist, unterwerfen sich sowohl Mon als auch die Benutzer ausdr\u00fccklich der Zust\u00e4ndigkeit der Gerichte und Tribunale der Stadt Madrid und verzichten auf ihre eigene Zust\u00e4ndigkeit, falls vorhanden.<\/p>\t\t\t\t\t\t\t\t<\/div>\n\t\t\t\t<\/div>\n\t\t\t\t\t<\/div>\n\t\t<\/div>\n\t\t\t\t\t<\/div>\n\t\t<\/section>\n\t\t\t\t<\/div>\n\t\t","protected":false},"excerpt":{"rendered":"<p>RECHTLICHER HINWEIS Der Zugang, das Durchsuchen und die Nutzung der Website www.mongonzalez.es (nachfolgend die &#8222;Website&#8220;) setzt die ausdr\u00fcckliche und uneingeschr\u00e4nkte Annahme aller Bedingungen dieses rechtlichen Hinweises voraus. Die Beachtung und Einhaltung dieser Bestimmungen ist f\u00fcr jede Person, die auf die Website zugreift, sie durchsucht oder nutzt, verbindlich. IDENTIFIZIERUNG Inhaber: Mon Gonz\u00e1lez (nachstehend &#8222;Mon&#8220;) E-Mail: info@mongonzalez.es [&hellip;]<\/p>\n","protected":false},"author":1,"featured_media":0,"parent":0,"menu_order":200,"comment_status":"closed","ping_status":"closed","template":"elementor_header_footer","meta":{"footnotes":""},"class_list":["post-7341","page","type-page","status-publish","hentry"],"_links":{"self":[{"href":"https:\/\/mongonzalez.es\/de\/wp-json\/wp\/v2\/pages\/7341","targetHints":{"allow":["GET"]}}],"collection":[{"href":"https:\/\/mongonzalez.es\/de\/wp-json\/wp\/v2\/pages"}],"about":[{"href":"https:\/\/mongonzalez.es\/de\/wp-json\/wp\/v2\/types\/page"}],"author":[{"embeddable":true,"href":"https:\/\/mongonzalez.es\/de\/wp-json\/wp\/v2\/users\/1"}],"replies":[{"embeddable":true,"href":"https:\/\/mongonzalez.es\/de\/wp-json\/wp\/v2\/comments?post=7341"}],"version-history":[{"count":0,"href":"https:\/\/mongonzalez.es\/de\/wp-json\/wp\/v2\/pages\/7341\/revisions"}],"wp:attachment":[{"href":"https:\/\/mongonzalez.es\/de\/wp-json\/wp\/v2\/media?parent=7341"}],"curies":[{"name":"wp","href":"https:\/\/api.w.org\/{rel}","templated":true}]}}