{"id":5870,"date":"2021-01-27T20:22:06","date_gmt":"2021-01-27T20:22:06","guid":{"rendered":"https:\/\/mongonzalez.es\/?page_id=5870"},"modified":"2026-03-09T12:59:31","modified_gmt":"2026-03-09T11:59:31","slug":"linguistica","status":"publish","type":"page","link":"https:\/\/mongonzalez.es\/es\/monanalisis\/linguistica\/","title":{"rendered":"Ling\u00fc\u00edstica"},"content":{"rendered":"\t\t<div data-elementor-type=\"wp-page\" data-elementor-id=\"5870\" class=\"elementor elementor-5870\" data-elementor-post-type=\"page\">\n\t\t\t\t\t\t<section class=\"elementor-section elementor-top-section elementor-element elementor-element-11f609f elementor-section-boxed elementor-section-height-default elementor-section-height-default\" data-id=\"11f609f\" data-element_type=\"section\" data-e-type=\"section\">\n\t\t\t\t\t\t<div class=\"elementor-container elementor-column-gap-default\">\n\t\t\t\t\t<div class=\"elementor-column elementor-col-100 elementor-top-column elementor-element elementor-element-3f8c140\" data-id=\"3f8c140\" data-element_type=\"column\" data-e-type=\"column\">\n\t\t\t<div class=\"elementor-widget-wrap elementor-element-populated\">\n\t\t\t\t\t\t<div class=\"elementor-element elementor-element-69a5cd6 elementor-widget elementor-widget-heading\" data-id=\"69a5cd6\" data-element_type=\"widget\" data-e-type=\"widget\" data-widget_type=\"heading.default\">\n\t\t\t\t<div class=\"elementor-widget-container\">\n\t\t\t\t\t<h2 class=\"elementor-heading-title elementor-size-default\">LING\u00dc\u00cdSTICA<\/h2>\t\t\t\t<\/div>\n\t\t\t\t<\/div>\n\t\t\t\t<div class=\"elementor-element elementor-element-eb0f037 elementor-widget elementor-widget-text-editor\" data-id=\"eb0f037\" data-element_type=\"widget\" data-e-type=\"widget\" data-widget_type=\"text-editor.default\">\n\t\t\t\t<div class=\"elementor-widget-container\">\n\t\t\t\t\t\t\t\t\t<p>El Diccionario de la Lengua Espa\u00f1ola (DLE) define la ling\u00fc\u00edstica como \u201c<em>ciencia del lenguaje<\/em>\u201d. Y es una ciencia hermos\u00edsima y muy amplia.<\/p><p>Esta pesta\u00f1a se centrar\u00e1 en un \u00e1mbito muy concreto y muy modesto: ofrecer las herramientas que sistematic\u00e9 en el proceso de aprendizaje de mis idiomas.<\/p><p>Si los ordenadores e internet hubieran existido cuando yo era joven y estaba estudiando mis idiomas, tendr\u00eda mucho material para subir. Por desgracia, no fue as\u00ed.<\/p><p>Por lo tanto, en un primer momento, subo aquellos res\u00famenes y\/o esquemas que elabor\u00e9 en el pasado, y que est\u00e1n ya listos para ser subidos. Por ahora, en relaci\u00f3n solo con dos lenguas: castellano, y euskara o vasco.<\/p><p>Con el tiempo, ojal\u00e1 logre enriquecer mucho m\u00e1s esta pesta\u00f1a\u2026 \u00a1Ser\u00eda precioso!<\/p>\t\t\t\t\t\t\t\t<\/div>\n\t\t\t\t<\/div>\n\t\t\t\t<div class=\"elementor-element elementor-element-e5f1fd0 elementor-widget elementor-widget-text-editor\" data-id=\"e5f1fd0\" data-element_type=\"widget\" data-e-type=\"widget\" data-widget_type=\"text-editor.default\">\n\t\t\t\t<div class=\"elementor-widget-container\">\n\t\t\t\t\t\t\t\t\t<p><strong>CASTELLANO<\/strong><\/p><ul><li><a href=\"https:\/\/mongonzalez.es\/wp-content\/uploads\/2025\/05\/Esquema-de-Morfologia.pdf\" target=\"_blank\" rel=\"noopener\">Esquema de morfolog\u00eda\u00a0<\/a><\/li><li><a href=\"https:\/\/mongonzalez.es\/wp-content\/uploads\/2025\/05\/Esquema-de-Sintaxis.pdf\" target=\"_blank\" rel=\"noopener\">Esquema de sintaxis\u00a0<\/a><\/li><li><a href=\"https:\/\/mongonzalez.es\/wp-content\/uploads\/2025\/05\/Reglas-de-la-ortografia-castellana.pdf\" target=\"_blank\" rel=\"noopener\">Reglas de ortograf\u00eda castellana\u00a0<\/a><\/li><\/ul>\t\t\t\t\t\t\t\t<\/div>\n\t\t\t\t<\/div>\n\t\t\t\t<div class=\"elementor-element elementor-element-5d2e5bb elementor-widget elementor-widget-text-editor\" data-id=\"5d2e5bb\" data-element_type=\"widget\" data-e-type=\"widget\" data-widget_type=\"text-editor.default\">\n\t\t\t\t<div class=\"elementor-widget-container\">\n\t\t\t\t\t\t\t\t\t<p><strong>EUSKARA O VASCO<\/strong><\/p><ul><li><a href=\"https:\/\/mongonzalez.es\/wp-content\/uploads\/2025\/05\/ADITZAK.pdf\" target=\"_blank\" rel=\"noopener\">Aditzak\u00a0<\/a><\/li><li><a href=\"https:\/\/mongonzalez.es\/wp-content\/uploads\/2025\/05\/ADITZ-TRINKOAK.pdf\" target=\"_blank\" rel=\"noopener\">Aditz trinkoak\u00a0<\/a><\/li><li><a href=\"https:\/\/mongonzalez.es\/wp-content\/uploads\/2025\/05\/ADITZAK-NOR-Y-NOR-ZER.pdf\" target=\"_blank\" rel=\"noopener\">Aditzak nor y nor-zer<\/a><\/li><li><a href=\"https:\/\/mongonzalez.es\/wp-content\/uploads\/2025\/05\/ADITZAK-NOR-NORK.pdf\" target=\"_blank\" rel=\"noopener\">Aditzak nor-nork<\/a><\/li><li><a href=\"https:\/\/mongonzalez.es\/wp-content\/uploads\/2025\/05\/ADITZAK-NOR-NORI-NORK.pdf\" target=\"_blank\" rel=\"noopener\">Aditzak nor-nori-nork<\/a><\/li><li><a href=\"https:\/\/mongonzalez.es\/wp-content\/uploads\/2025\/05\/DEKLINABIDEA-FINAL.pdf\" target=\"_blank\" rel=\"noopener\">Deklinabidea<\/a>\u00a0<\/li><li><a href=\"https:\/\/mongonzalez.es\/wp-content\/uploads\/2025\/05\/PERPAUSAK.pdf\" target=\"_blank\" rel=\"noopener\">Perpausak<\/a><\/li><\/ul>\t\t\t\t\t\t\t\t<\/div>\n\t\t\t\t<\/div>\n\t\t\t\t\t<\/div>\n\t\t<\/div>\n\t\t\t\t\t<\/div>\n\t\t<\/section>\n\t\t\t\t<section class=\"elementor-section elementor-top-section elementor-element elementor-element-d570c5e elementor-hidden-desktop elementor-hidden-tablet elementor-hidden-mobile elementor-section-boxed elementor-section-height-default elementor-section-height-default\" data-id=\"d570c5e\" data-element_type=\"section\" data-e-type=\"section\">\n\t\t\t\t\t\t<div class=\"elementor-container elementor-column-gap-default\">\n\t\t\t\t\t<div class=\"elementor-column elementor-col-100 elementor-top-column elementor-element elementor-element-02d4b83\" data-id=\"02d4b83\" data-element_type=\"column\" data-e-type=\"column\">\n\t\t\t<div class=\"elementor-widget-wrap elementor-element-populated\">\n\t\t\t\t\t\t<div class=\"elementor-element elementor-element-48a2653 elementor-widget elementor-widget-heading\" data-id=\"48a2653\" data-element_type=\"widget\" data-e-type=\"widget\" data-widget_type=\"heading.default\">\n\t\t\t\t<div class=\"elementor-widget-container\">\n\t\t\t\t\t<h2 class=\"elementor-heading-title elementor-size-default\">Todas las publicaciones de Ling\u00fc\u00edstica<\/h2>\t\t\t\t<\/div>\n\t\t\t\t<\/div>\n\t\t\t\t<div class=\"elementor-element elementor-element-9cf455a elementor-grid-2 elementor-grid-tablet-2 elementor-grid-mobile-1 elementor-widget elementor-widget-loop-grid\" data-id=\"9cf455a\" data-element_type=\"widget\" data-e-type=\"widget\" data-settings=\"{&quot;template_id&quot;:24456,&quot;columns&quot;:2,&quot;pagination_type&quot;:&quot;numbers_and_prev_next&quot;,&quot;_skin&quot;:&quot;post&quot;,&quot;columns_tablet&quot;:&quot;2&quot;,&quot;columns_mobile&quot;:&quot;1&quot;,&quot;edit_handle_selector&quot;:&quot;[data-elementor-type=\\&quot;loop-item\\&quot;]&quot;,&quot;pagination_load_type&quot;:&quot;page_reload&quot;,&quot;row_gap&quot;:{&quot;unit&quot;:&quot;px&quot;,&quot;size&quot;:&quot;&quot;,&quot;sizes&quot;:[]},&quot;row_gap_tablet&quot;:{&quot;unit&quot;:&quot;px&quot;,&quot;size&quot;:&quot;&quot;,&quot;sizes&quot;:[]},&quot;row_gap_mobile&quot;:{&quot;unit&quot;:&quot;px&quot;,&quot;size&quot;:&quot;&quot;,&quot;sizes&quot;:[]}}\" data-widget_type=\"loop-grid.post\">\n\t\t\t\t<div class=\"elementor-widget-container\">\n\t\t\t\t\t\t\t<div class=\"e-loop-nothing-found-message\">\n\t\t<\/div>\n\t\t\t\t\t\t<\/div>\n\t\t\t\t<\/div>\n\t\t\t\t\t<\/div>\n\t\t<\/div>\n\t\t\t\t\t<\/div>\n\t\t<\/section>\n\t\t\t\t<\/div>\n\t\t","protected":false},"excerpt":{"rendered":"<p>LING\u00dc\u00cdSTICA El Diccionario de la Lengua Espa\u00f1ola (DLE) define la ling\u00fc\u00edstica como \u201cciencia del lenguaje\u201d. Y es una ciencia hermos\u00edsima y muy amplia. Esta pesta\u00f1a se centrar\u00e1 en un \u00e1mbito muy concreto y muy modesto: ofrecer las herramientas que sistematic\u00e9 en el proceso de aprendizaje de mis idiomas. Si los ordenadores e internet hubieran existido [&hellip;]<\/p>\n","protected":false},"author":1,"featured_media":0,"parent":5809,"menu_order":30,"comment_status":"closed","ping_status":"closed","template":"elementor_header_footer","meta":{"footnotes":""},"class_list":["post-5870","page","type-page","status-publish","hentry"],"_links":{"self":[{"href":"https:\/\/mongonzalez.es\/es\/wp-json\/wp\/v2\/pages\/5870","targetHints":{"allow":["GET"]}}],"collection":[{"href":"https:\/\/mongonzalez.es\/es\/wp-json\/wp\/v2\/pages"}],"about":[{"href":"https:\/\/mongonzalez.es\/es\/wp-json\/wp\/v2\/types\/page"}],"author":[{"embeddable":true,"href":"https:\/\/mongonzalez.es\/es\/wp-json\/wp\/v2\/users\/1"}],"replies":[{"embeddable":true,"href":"https:\/\/mongonzalez.es\/es\/wp-json\/wp\/v2\/comments?post=5870"}],"version-history":[{"count":4,"href":"https:\/\/mongonzalez.es\/es\/wp-json\/wp\/v2\/pages\/5870\/revisions"}],"predecessor-version":[{"id":24976,"href":"https:\/\/mongonzalez.es\/es\/wp-json\/wp\/v2\/pages\/5870\/revisions\/24976"}],"up":[{"embeddable":true,"href":"https:\/\/mongonzalez.es\/es\/wp-json\/wp\/v2\/pages\/5809"}],"wp:attachment":[{"href":"https:\/\/mongonzalez.es\/es\/wp-json\/wp\/v2\/media?parent=5870"}],"curies":[{"name":"wp","href":"https:\/\/api.w.org\/{rel}","templated":true}]}}