{"id":6318,"date":"2021-01-27T20:22:06","date_gmt":"2021-01-27T20:22:06","guid":{"rendered":"https:\/\/mongonzalez.es\/?page_id=6318"},"modified":"2025-09-02T19:28:34","modified_gmt":"2025-09-02T17:28:34","slug":"linguistica","status":"publish","type":"page","link":"https:\/\/mongonzalez.es\/fr\/monanalyse\/linguistica\/","title":{"rendered":"Linguistique"},"content":{"rendered":"\t\t<div data-elementor-type=\"wp-page\" data-elementor-id=\"6318\" class=\"elementor elementor-6318 elementor-5870\" data-elementor-post-type=\"page\">\n\t\t\t\t\t\t<section class=\"elementor-section elementor-top-section elementor-element elementor-element-11f609f elementor-section-boxed elementor-section-height-default elementor-section-height-default\" data-id=\"11f609f\" data-element_type=\"section\" data-e-type=\"section\">\n\t\t\t\t\t\t<div class=\"elementor-container elementor-column-gap-default\">\n\t\t\t\t\t<div class=\"elementor-column elementor-col-100 elementor-top-column elementor-element elementor-element-3f8c140\" data-id=\"3f8c140\" data-element_type=\"column\" data-e-type=\"column\">\n\t\t\t<div class=\"elementor-widget-wrap elementor-element-populated\">\n\t\t\t\t\t\t<div class=\"elementor-element elementor-element-69a5cd6 elementor-widget elementor-widget-heading\" data-id=\"69a5cd6\" data-element_type=\"widget\" data-e-type=\"widget\" data-widget_type=\"heading.default\">\n\t\t\t\t<div class=\"elementor-widget-container\">\n\t\t\t\t\t<h2 class=\"elementor-heading-title elementor-size-default\">LINGUISTIQUE<\/h2>\t\t\t\t<\/div>\n\t\t\t\t<\/div>\n\t\t\t\t<div class=\"elementor-element elementor-element-eb0f037 elementor-widget elementor-widget-text-editor\" data-id=\"eb0f037\" data-element_type=\"widget\" data-e-type=\"widget\" data-widget_type=\"text-editor.default\">\n\t\t\t\t<div class=\"elementor-widget-container\">\n\t\t\t\t\t\t\t\t\t<p>Le Dictionnaire de la langue espagnole (DLE) d\u00e9finit la linguistique comme \u00ab <em>la science du langage<\/em> \u00bb. C&rsquo;est une science magnifique et tr\u00e8s vaste.<\/p><p>Cet onglet se concentrera sur un domaine tr\u00e8s sp\u00e9cifique et tr\u00e8s modeste : offrir les outils que j&rsquo;ai syst\u00e9matis\u00e9s dans le processus d&rsquo;apprentissage de mes langues.<\/p><p>Si les ordinateurs et Internet avaient exist\u00e9 lorsque j&rsquo;\u00e9tais jeune et que j&rsquo;\u00e9tudiais les langues, j&rsquo;aurais beaucoup de mat\u00e9riel \u00e0 mettre en ligne. Malheureusement, ce n&rsquo;\u00e9tait pas le cas.<\/p><p>Je commence donc par mettre en ligne les r\u00e9sum\u00e9s et\/ou sch\u00e9mas que j&rsquo;ai \u00e9labor\u00e9s dans le pass\u00e9 et qui sont d\u00e9j\u00e0 pr\u00eats \u00e0 \u00eatre publi\u00e9s. Pour l&rsquo;instant, cela ne concerne que deux langues : l&rsquo;espagnol-castillan et l&rsquo;euskara ou espagnol-basque.<\/p><p>Avec le temps, j&rsquo;esp\u00e8re pouvoir enrichir davantage cet onglet&#8230; Ce serait formidable !<\/p>\t\t\t\t\t\t\t\t<\/div>\n\t\t\t\t<\/div>\n\t\t\t\t<div class=\"elementor-element elementor-element-e5f1fd0 elementor-widget elementor-widget-text-editor\" data-id=\"e5f1fd0\" data-element_type=\"widget\" data-e-type=\"widget\" data-widget_type=\"text-editor.default\">\n\t\t\t\t<div class=\"elementor-widget-container\">\n\t\t\t\t\t\t\t\t\t<p><strong>ESPAGNOL-CASTILLAN<\/strong><\/p><ul><li><a href=\"https:\/\/mongonzalez.es\/wp-content\/uploads\/2025\/05\/Esquema-de-Morfologia.pdf\" target=\"_blank\" rel=\"noopener\">Sch\u00e9ma morphologique<\/a><\/li><li><a href=\"https:\/\/mongonzalez.es\/wp-content\/uploads\/2025\/05\/Esquema-de-Sintaxis.pdf\" target=\"_blank\" rel=\"noopener\">Sch\u00e9ma syntaxique<\/a><\/li><li><a href=\"https:\/\/mongonzalez.es\/wp-content\/uploads\/2025\/05\/Reglas-de-la-ortografia-castellana.pdf\" target=\"_blank\" rel=\"noopener\">R\u00e8gles d&rsquo;orthographe castillane<\/a><\/li><\/ul>\t\t\t\t\t\t\t\t<\/div>\n\t\t\t\t<\/div>\n\t\t\t\t<div class=\"elementor-element elementor-element-5d2e5bb elementor-widget elementor-widget-text-editor\" data-id=\"5d2e5bb\" data-element_type=\"widget\" data-e-type=\"widget\" data-widget_type=\"text-editor.default\">\n\t\t\t\t<div class=\"elementor-widget-container\">\n\t\t\t\t\t\t\t\t\t<p><strong>EUSKARA OU ESPAGNOL-BASQUE<\/strong><\/p><ul><li><a href=\"https:\/\/mongonzalez.es\/wp-content\/uploads\/2025\/05\/ADITZAK.pdf\" target=\"_blank\" rel=\"noopener\">Aditzak<\/a><\/li><li><a href=\"https:\/\/mongonzalez.es\/wp-content\/uploads\/2025\/05\/ADITZ-TRINKOAK.pdf\" target=\"_blank\" rel=\"noopener\">Aditz trinkoak<\/a><\/li><li><a href=\"https:\/\/mongonzalez.es\/wp-content\/uploads\/2025\/05\/ADITZAK-NOR-Y-NOR-ZER.pdf\" target=\"_blank\" rel=\"noopener\">Aditzak nor y nor-zer<\/a><\/li><li><a href=\"https:\/\/mongonzalez.es\/wp-content\/uploads\/2025\/05\/ADITZAK-NOR-NORK.pdf\" target=\"_blank\" rel=\"noopener\">Aditzak nor-nork<\/a><\/li><li><a href=\"https:\/\/mongonzalez.es\/wp-content\/uploads\/2025\/05\/ADITZAK-NOR-NORI-NORK.pdf\" target=\"_blank\" rel=\"noopener\">Aditzak nor-nori-nork<\/a><\/li><li><a href=\"https:\/\/mongonzalez.es\/wp-content\/uploads\/2025\/05\/DEKLINABIDEA-FINAL.pdf\" target=\"_blank\" rel=\"noopener\">Deklinabidea<\/a><\/li><li><a href=\"https:\/\/mongonzalez.es\/wp-content\/uploads\/2025\/05\/PERPAUSAK.pdf\" target=\"_blank\" rel=\"noopener\">Perpausak<\/a><\/li><\/ul>\t\t\t\t\t\t\t\t<\/div>\n\t\t\t\t<\/div>\n\t\t\t\t\t<\/div>\n\t\t<\/div>\n\t\t\t\t\t<\/div>\n\t\t<\/section>\n\t\t\t\t<section class=\"elementor-section elementor-top-section elementor-element elementor-element-d570c5e elementor-hidden-desktop elementor-hidden-tablet elementor-hidden-mobile elementor-section-boxed elementor-section-height-default elementor-section-height-default\" data-id=\"d570c5e\" data-element_type=\"section\" data-e-type=\"section\">\n\t\t\t\t\t\t<div class=\"elementor-container elementor-column-gap-default\">\n\t\t\t\t\t<div class=\"elementor-column elementor-col-100 elementor-top-column elementor-element elementor-element-02d4b83\" data-id=\"02d4b83\" data-element_type=\"column\" data-e-type=\"column\">\n\t\t\t<div class=\"elementor-widget-wrap elementor-element-populated\">\n\t\t\t\t\t\t<div class=\"elementor-element elementor-element-48a2653 elementor-widget elementor-widget-heading\" data-id=\"48a2653\" data-element_type=\"widget\" data-e-type=\"widget\" data-widget_type=\"heading.default\">\n\t\t\t\t<div class=\"elementor-widget-container\">\n\t\t\t\t\t<h2 class=\"elementor-heading-title elementor-size-default\">Todas las publicaciones de Ling\u00fc\u00edstica<\/h2>\t\t\t\t<\/div>\n\t\t\t\t<\/div>\n\t\t\t\t\t<\/div>\n\t\t<\/div>\n\t\t\t\t\t<\/div>\n\t\t<\/section>\n\t\t\t\t<\/div>\n\t\t","protected":false},"excerpt":{"rendered":"<p>LINGUISTIQUE Le Dictionnaire de la langue espagnole (DLE) d\u00e9finit la linguistique comme \u00ab la science du langage \u00bb. C&rsquo;est une science magnifique et tr\u00e8s vaste. Cet onglet se concentrera sur un domaine tr\u00e8s sp\u00e9cifique et tr\u00e8s modeste : offrir les outils que j&rsquo;ai syst\u00e9matis\u00e9s dans le processus d&rsquo;apprentissage de mes langues. Si les ordinateurs et [&hellip;]<\/p>\n","protected":false},"author":1,"featured_media":0,"parent":6310,"menu_order":30,"comment_status":"closed","ping_status":"closed","template":"elementor_header_footer","meta":{"footnotes":""},"class_list":["post-6318","page","type-page","status-publish","hentry"],"_links":{"self":[{"href":"https:\/\/mongonzalez.es\/fr\/wp-json\/wp\/v2\/pages\/6318","targetHints":{"allow":["GET"]}}],"collection":[{"href":"https:\/\/mongonzalez.es\/fr\/wp-json\/wp\/v2\/pages"}],"about":[{"href":"https:\/\/mongonzalez.es\/fr\/wp-json\/wp\/v2\/types\/page"}],"author":[{"embeddable":true,"href":"https:\/\/mongonzalez.es\/fr\/wp-json\/wp\/v2\/users\/1"}],"replies":[{"embeddable":true,"href":"https:\/\/mongonzalez.es\/fr\/wp-json\/wp\/v2\/comments?post=6318"}],"version-history":[{"count":0,"href":"https:\/\/mongonzalez.es\/fr\/wp-json\/wp\/v2\/pages\/6318\/revisions"}],"up":[{"embeddable":true,"href":"https:\/\/mongonzalez.es\/fr\/wp-json\/wp\/v2\/pages\/6310"}],"wp:attachment":[{"href":"https:\/\/mongonzalez.es\/fr\/wp-json\/wp\/v2\/media?parent=6318"}],"curies":[{"name":"wp","href":"https:\/\/api.w.org\/{rel}","templated":true}]}}