{"id":6325,"date":"2021-01-27T19:20:20","date_gmt":"2021-01-27T19:20:20","guid":{"rendered":"https:\/\/mongonzalez.es\/?page_id=6325"},"modified":"2024-06-20T20:38:25","modified_gmt":"2024-06-20T20:38:25","slug":"connectant","status":"publish","type":"page","link":"https:\/\/mongonzalez.es\/fr\/connectant\/","title":{"rendered":"Connectant"},"content":{"rendered":"\t\t<div data-elementor-type=\"wp-page\" data-elementor-id=\"6325\" class=\"elementor elementor-6325 elementor-5811\" data-elementor-post-type=\"page\">\n\t\t\t\t\t\t<section class=\"elementor-section elementor-top-section elementor-element elementor-element-0fa0af5 elementor-section-content-middle elementor-section-boxed elementor-section-height-default elementor-section-height-default\" data-id=\"0fa0af5\" data-element_type=\"section\" data-e-type=\"section\">\n\t\t\t\t\t\t<div class=\"elementor-container elementor-column-gap-default\">\n\t\t\t\t\t<div class=\"elementor-column elementor-col-50 elementor-top-column elementor-element elementor-element-ef29d1e\" data-id=\"ef29d1e\" data-element_type=\"column\" data-e-type=\"column\">\n\t\t\t<div class=\"elementor-widget-wrap\">\n\t\t\t\t\t\t\t<\/div>\n\t\t<\/div>\n\t\t\t\t<div class=\"elementor-column elementor-col-50 elementor-top-column elementor-element elementor-element-e9e076e\" data-id=\"e9e076e\" data-element_type=\"column\" data-e-type=\"column\">\n\t\t\t<div class=\"elementor-widget-wrap elementor-element-populated\">\n\t\t\t\t\t\t<div class=\"elementor-element elementor-element-eeb8a2e elementor-widget elementor-widget-heading\" data-id=\"eeb8a2e\" data-element_type=\"widget\" data-e-type=\"widget\" data-widget_type=\"heading.default\">\n\t\t\t\t<div class=\"elementor-widget-container\">\n\t\t\t\t\t<h2 class=\"elementor-heading-title elementor-size-default\">Connectant<\/h2>\t\t\t\t<\/div>\n\t\t\t\t<\/div>\n\t\t\t\t\t<\/div>\n\t\t<\/div>\n\t\t\t\t\t<\/div>\n\t\t<\/section>\n\t\t\t\t<section class=\"elementor-section elementor-top-section elementor-element elementor-element-831e1c8 elementor-section-content-middle elementor-section-boxed elementor-section-height-default elementor-section-height-default\" data-id=\"831e1c8\" data-element_type=\"section\" data-e-type=\"section\">\n\t\t\t\t\t\t<div class=\"elementor-container elementor-column-gap-default\">\n\t\t\t\t\t<div class=\"elementor-column elementor-col-50 elementor-top-column elementor-element elementor-element-3b09add\" data-id=\"3b09add\" data-element_type=\"column\" data-e-type=\"column\">\n\t\t\t<div class=\"elementor-widget-wrap elementor-element-populated\">\n\t\t\t\t\t\t<div class=\"elementor-element elementor-element-be2e8a0 elementor-widget elementor-widget-image\" data-id=\"be2e8a0\" data-element_type=\"widget\" data-e-type=\"widget\" data-widget_type=\"image.default\">\n\t\t\t\t<div class=\"elementor-widget-container\">\n\t\t\t\t\t\t\t\t\t\t\t\t\t\t\t<img decoding=\"async\" src=\"https:\/\/mongonzalez.es\/wp-content\/uploads\/2021\/01\/categoria-sororidad.png\" title=\"\" alt=\"\" loading=\"lazy\" \/>\t\t\t\t\t\t\t\t\t\t\t\t\t\t\t<\/div>\n\t\t\t\t<\/div>\n\t\t\t\t\t<\/div>\n\t\t<\/div>\n\t\t\t\t<div class=\"elementor-column elementor-col-50 elementor-top-column elementor-element elementor-element-040fe30\" data-id=\"040fe30\" data-element_type=\"column\" data-e-type=\"column\">\n\t\t\t<div class=\"elementor-widget-wrap elementor-element-populated\">\n\t\t\t\t\t\t<div class=\"elementor-element elementor-element-95997ef elementor-widget elementor-widget-text-editor\" data-id=\"95997ef\" data-element_type=\"widget\" data-e-type=\"widget\" data-widget_type=\"text-editor.default\">\n\t\t\t\t<div class=\"elementor-widget-container\">\n\t\t\t\t\t\t\t\t\t<p>J&rsquo;esp\u00e8re que cette partie servira \u00e0 b\u00e2tir des ponts vers d&rsquo;autres, que ce soit des personnes ou des organisations, qui cherchent \u00e9galement \u00e0 construire un monde meilleur gr\u00e2ce \u00e0 la puissance douce et la s\u00e9rendipit\u00e9.<\/p><p>De ce point de vue, je consid\u00e8re important l&rsquo;autonomisation progressive de tous les \u00eatres humains, avec un accent particulier sur les femmes et les filles, qui leur permet de revendiquer leur dignit\u00e9 et leur libert\u00e9 en agissant sur un pied d&rsquo;\u00e9galit\u00e9 (dans \u00abSororit\u00e9\u00bb).<\/p><p>De m\u00eame, je plaide pour unir nos efforts pour cr\u00e9er un monde durable dans lequel tous les \u00eatres humains ont leurs besoins de base couverts (acc\u00e8s \u00e0 l&rsquo;eau potable, \u00e0 une alimentation suffisante et nutritive, \u00e0 un toit d\u00e9cent, \u00e0 une \u00e9ducation de base et \u00e0 un travail r\u00e9mun\u00e9r\u00e9 d\u2019une fa\u00e7on juste), et que nous y arrivons en respectant et en prenant soin de notre M\u00e8re Terre ou Pachamama (dans \u00abSoutenabilit\u00e9\u00bb).<\/p>\t\t\t\t\t\t\t\t<\/div>\n\t\t\t\t<\/div>\n\t\t\t\t\t<\/div>\n\t\t<\/div>\n\t\t\t\t\t<\/div>\n\t\t<\/section>\n\t\t\t\t<section class=\"elementor-section elementor-top-section elementor-element elementor-element-a5f3e5c elementor-section-content-middle elementor-section-boxed elementor-section-height-default elementor-section-height-default\" data-id=\"a5f3e5c\" data-element_type=\"section\" data-e-type=\"section\">\n\t\t\t\t\t\t<div class=\"elementor-container elementor-column-gap-default\">\n\t\t\t\t\t<div class=\"elementor-column elementor-col-100 elementor-top-column elementor-element elementor-element-3c5c0af\" data-id=\"3c5c0af\" data-element_type=\"column\" data-e-type=\"column\">\n\t\t\t<div class=\"elementor-widget-wrap elementor-element-populated\">\n\t\t\t\t\t\t<div class=\"elementor-element elementor-element-6982cda elementor-widget elementor-widget-text-editor\" data-id=\"6982cda\" data-element_type=\"widget\" data-e-type=\"widget\" data-widget_type=\"text-editor.default\">\n\t\t\t\t<div class=\"elementor-widget-container\">\n\t\t\t\t\t\t\t\t\t<p>Enfin, rien de tout cela ne sera possible si nous ne cherchons pas de toutes nos forces et de toute notre \u00e9nergie \u00e0 \u00e9tablir les bases de la paix. Comme dit le pr\u00e9ambule de la <a href=\"https:\/\/documents.un.org\/api\/symbol\/access?j=N1529190&amp;t=pdf\" target=\"_blank\" rel=\"noopener\">R\u00e9solution 70\/1 de l&rsquo;Assembl\u00e9e G\u00e9n\u00e9rale des Nations Unies du 21 octobre 2015<\/a>, qui \u00e9tablit le Programme 2030 et ses 17 Objectifs de d\u00e9veloppement durable (ODD): \u00abIl ne peut y avoir de d\u00e9veloppement durable sans paix ni de paix sans d\u00e9veloppement durable\u00bb (dans \u00abPacifisme\u00bb).<\/p>\t\t\t\t\t\t\t\t<\/div>\n\t\t\t\t<\/div>\n\t\t\t\t\t<\/div>\n\t\t<\/div>\n\t\t\t\t\t<\/div>\n\t\t<\/section>\n\t\t\t\t<section class=\"elementor-section elementor-top-section elementor-element elementor-element-43db580 elementor-section-boxed elementor-section-height-default elementor-section-height-default\" data-id=\"43db580\" data-element_type=\"section\" data-e-type=\"section\">\n\t\t\t\t\t\t<div class=\"elementor-container elementor-column-gap-default\">\n\t\t\t\t\t<div class=\"elementor-column elementor-col-100 elementor-top-column elementor-element elementor-element-dc9b05a\" data-id=\"dc9b05a\" data-element_type=\"column\" data-e-type=\"column\">\n\t\t\t<div class=\"elementor-widget-wrap elementor-element-populated\">\n\t\t\t\t\t\t<div class=\"elementor-element elementor-element-78ca3ac elementor-widget elementor-widget-heading\" data-id=\"78ca3ac\" data-element_type=\"widget\" data-e-type=\"widget\" data-widget_type=\"heading.default\">\n\t\t\t\t<div class=\"elementor-widget-container\">\n\t\t\t\t\t<h2 class=\"elementor-heading-title elementor-size-default\">Toutes les publications de Connectant<\/h2>\t\t\t\t<\/div>\n\t\t\t\t<\/div>\n\t\t\t\t\t<\/div>\n\t\t<\/div>\n\t\t\t\t\t<\/div>\n\t\t<\/section>\n\t\t\t\t<\/div>\n\t\t","protected":false},"excerpt":{"rendered":"<p>Connectant J&rsquo;esp\u00e8re que cette partie servira \u00e0 b\u00e2tir des ponts vers d&rsquo;autres, que ce soit des personnes ou des organisations, qui cherchent \u00e9galement \u00e0 construire un monde meilleur gr\u00e2ce \u00e0 la puissance douce et la s\u00e9rendipit\u00e9. De ce point de vue, je consid\u00e8re important l&rsquo;autonomisation progressive de tous les \u00eatres humains, avec un accent particulier [&hellip;]<\/p>\n","protected":false},"author":1,"featured_media":0,"parent":0,"menu_order":40,"comment_status":"closed","ping_status":"closed","template":"elementor_header_footer","meta":{"footnotes":""},"class_list":["post-6325","page","type-page","status-publish","hentry"],"_links":{"self":[{"href":"https:\/\/mongonzalez.es\/fr\/wp-json\/wp\/v2\/pages\/6325","targetHints":{"allow":["GET"]}}],"collection":[{"href":"https:\/\/mongonzalez.es\/fr\/wp-json\/wp\/v2\/pages"}],"about":[{"href":"https:\/\/mongonzalez.es\/fr\/wp-json\/wp\/v2\/types\/page"}],"author":[{"embeddable":true,"href":"https:\/\/mongonzalez.es\/fr\/wp-json\/wp\/v2\/users\/1"}],"replies":[{"embeddable":true,"href":"https:\/\/mongonzalez.es\/fr\/wp-json\/wp\/v2\/comments?post=6325"}],"version-history":[{"count":0,"href":"https:\/\/mongonzalez.es\/fr\/wp-json\/wp\/v2\/pages\/6325\/revisions"}],"wp:attachment":[{"href":"https:\/\/mongonzalez.es\/fr\/wp-json\/wp\/v2\/media?parent=6325"}],"curies":[{"name":"wp","href":"https:\/\/api.w.org\/{rel}","templated":true}]}}