{"id":6337,"date":"2021-01-21T21:20:08","date_gmt":"2021-01-21T21:20:08","guid":{"rendered":"https:\/\/mongonzalez.es\/?page_id=6337"},"modified":"2024-06-14T14:53:32","modified_gmt":"2024-06-14T14:53:32","slug":"aviso-legal","status":"publish","type":"page","link":"https:\/\/mongonzalez.es\/fr\/aviso-legal\/","title":{"rendered":"Avis juridique"},"content":{"rendered":"\t\t<div data-elementor-type=\"wp-page\" data-elementor-id=\"6337\" class=\"elementor elementor-6337 elementor-5569\" data-elementor-post-type=\"page\">\n\t\t\t\t\t\t<section class=\"elementor-section elementor-top-section elementor-element elementor-element-4c7c9f16 elementor-section-boxed elementor-section-height-default elementor-section-height-default\" data-id=\"4c7c9f16\" data-element_type=\"section\" data-e-type=\"section\">\n\t\t\t\t\t\t<div class=\"elementor-container elementor-column-gap-default\">\n\t\t\t\t\t<div class=\"elementor-column elementor-col-100 elementor-top-column elementor-element elementor-element-5d68221e\" data-id=\"5d68221e\" data-element_type=\"column\" data-e-type=\"column\">\n\t\t\t<div class=\"elementor-widget-wrap elementor-element-populated\">\n\t\t\t\t\t\t<div class=\"elementor-element elementor-element-342eb220 elementor-widget elementor-widget-text-editor\" data-id=\"342eb220\" data-element_type=\"widget\" data-e-type=\"widget\" data-widget_type=\"text-editor.default\">\n\t\t\t\t<div class=\"elementor-widget-container\">\n\t\t\t\t\t\t\t\t\t<p><strong>AVIS L\u00c9GAL<\/strong><\/p><p>L&rsquo;acc\u00e8s, la navigation et l&rsquo;utilisation du site web www.mongonzalez.es (ci-apr\u00e8s, le \u00ab\u00a0site web\u00a0\u00bb) impliquent l&rsquo;acceptation expresse et sans r\u00e9serve de tous les termes du pr\u00e9sent avis juridique. Son observation et son respect seront opposables \u00e0 toute personne acc\u00e9dant, naviguant ou utilisant le site web.<\/p><p><strong>IDENTIFICATION<\/strong><\/p><p>Propri\u00e9taire : Mon Gonz\u00e1lez (ci-apr\u00e8s \u00ab\u00a0Mon\u00a0\u00bb)<\/p><p>Courriel : <a href=\"mailto:info@mongonzalez.es\" target=\"_blank\" rel=\"noopener\">info@mongonzalez.es<\/a><\/p><p><strong>OBJET<\/strong><\/p><p>Le pr\u00e9sent avis l\u00e9gal r\u00e9git l&rsquo;acc\u00e8s, la navigation et l&rsquo;utilisation du site web, sans pr\u00e9judice du fait que Mon se r\u00e9serve le droit de modifier la pr\u00e9sentation, la configuration et le contenu du site web, ainsi que les conditions requises pour son acc\u00e8s et\/ou son utilisation. L&rsquo;acc\u00e8s et\/ou l&rsquo;utilisation du site Web apr\u00e8s l&rsquo;entr\u00e9e en vigueur de ses modifications ou changements implique l&rsquo;acceptation de ceux-ci.<\/p><p>Toutefois, l&rsquo;acc\u00e8s \u00e0 certains contenus et l&rsquo;utilisation de certains services peuvent \u00eatre soumis \u00e0 certaines conditions sp\u00e9cifiques, qui seront en tout \u00e9tat de cause clairement affich\u00e9es et devront \u00eatre express\u00e9ment accept\u00e9es par les utilisateurs. Ces conditions particuli\u00e8res peuvent remplacer, compl\u00e9ter ou, le cas \u00e9ch\u00e9ant, modifier celles \u00e9tablies dans le pr\u00e9sent avis juridique.<\/p><p>Aux fins de l&rsquo;interpr\u00e9tation du pr\u00e9sent avis juridique, il est entendu qu&rsquo;une personne devient un utilisateur (ci-apr\u00e8s, \u00ab\u00a0Utilisateur\u00a0\u00bb ou \u00ab\u00a0Utilisateurs\u00a0\u00bb) au moment o\u00f9 elle accepte le pr\u00e9sent avis juridique et la politique de confidentialit\u00e9 expos\u00e9e sur le site web.<\/p><p><strong>ACC\u00c8S ET ENREGISTREMENT<\/strong><\/p><p>L&rsquo;acc\u00e8s au site web et son utilisation ne n\u00e9cessitent pas d&rsquo;inscription. Cependant, en acc\u00e9dant et en naviguant sur le site web, l&rsquo;utilisateur accepte dans son int\u00e9gralit\u00e9 et s&rsquo;engage \u00e0 respecter pleinement le pr\u00e9sent avis juridique, ainsi que les instructions ou recommandations qui peuvent \u00eatre indiqu\u00e9es dans chaque cas sp\u00e9cifique par le biais du site web.<\/p><p>Dans tous les cas, l&rsquo;acc\u00e8s et la navigation sur le site Web sont interdits aux mineurs de moins de dix-huit (18) ans, sauf autorisation pr\u00e9alable et expresse de leurs parents, tuteurs ou repr\u00e9sentants l\u00e9gaux, qui seront responsables des actes r\u00e9alis\u00e9s par les mineurs dont ils ont la charge, conform\u00e9ment \u00e0 la l\u00e9gislation en vigueur. Dans tous les cas, il est pr\u00e9sum\u00e9 que l&rsquo;acc\u00e8s d&rsquo;un mineur au site web a \u00e9t\u00e9 effectu\u00e9 avec l&rsquo;autorisation pr\u00e9alable et expresse de ses parents, tuteurs ou repr\u00e9sentants l\u00e9gaux.<\/p><p><strong>DROITS DE PROPRI\u00c9T\u00c9 INTELLECTUELLE ET INDUSTRIELLE<\/strong><\/p><p>Mon est propri\u00e9taire ou, le cas \u00e9ch\u00e9ant, dispose des licences correspondantes pour les droits d&rsquo;exploitation de la propri\u00e9t\u00e9 intellectuelle et industrielle n\u00e9cessaires \u00e0 l&rsquo;exploitation du site web, ainsi que pour tous les contenus propos\u00e9s sur le site web, y compris le site web lui-m\u00eame, les textes, photographies ou illustrations, logos, marques, graphiques, dessins, interfaces, ou toute autre information ou contenu, et les services disponibles par l&rsquo;interm\u00e9diaire du site web.<\/p><p>En aucun cas, l&rsquo;acc\u00e8s, la navigation et l&rsquo;utilisation du site web par l&rsquo;utilisateur n&rsquo;impliquent une renonciation, une transmission, une licence ou une cession totale ou partielle de ces droits par Mon. L&rsquo;utilisateur a le droit d&rsquo;utiliser les contenus et\/ou les services du site Web dans un contexte strictement national et uniquement dans le but de profiter des services fournis conform\u00e9ment au pr\u00e9sent avis juridique.<\/p><p>Les r\u00e9f\u00e9rences \u00e0 des marques d\u00e9pos\u00e9es ou \u00e0 des noms commerciaux, ou \u00e0 d&rsquo;autres signes distinctifs, qu&rsquo;ils appartiennent \u00e0 Mon ou \u00e0 des tiers, impliquent l&rsquo;interdiction de les utiliser sans le consentement de Mon ou de leurs propri\u00e9taires l\u00e9gitimes. \u00c0 aucun moment l&rsquo;acc\u00e8s, la navigation ou l&rsquo;utilisation du site web et\/ou de ses contenus ne conf\u00e8re \u00e0 l&rsquo;utilisateur un droit sur les signes distinctifs qui y figurent, sauf disposition contraire du pr\u00e9sent avis juridique.<\/p><p>Tous les droits de propri\u00e9t\u00e9 intellectuelle et industrielle sur les contenus et\/ou services du site Web sont r\u00e9serv\u00e9s et, en particulier, il est interdit de modifier, copier, reproduire, communiquer publiquement, transformer ou distribuer, par quelque moyen et sous quelque forme que ce soit, tout ou partie des contenus inclus dans le site Web, \u00e0 quelque fin que ce soit, sans l&rsquo;autorisation pr\u00e9alable, expresse et \u00e9crite de Mon ou, le cas \u00e9ch\u00e9ant, de Mon des droits correspondants.<\/p><p>De m\u00eame, il est interdit de supprimer ou de manipuler les indications de copyright ou autres cr\u00e9dits qui identifient les titulaires des droits sur les contenus que l&rsquo;utilisateur trouve sur le site Web, ainsi que les dispositifs techniques de protection, les empreintes num\u00e9riques, ou tout m\u00e9canisme de protection ou information incorpor\u00e9e aux contenus propos\u00e9s sur le site Web.<\/p><p>Si l&rsquo;utilisateur envoie des informations ou des contenus de toute nature \u00e0 Mon par l&rsquo;un des canaux pr\u00e9vus \u00e0 cet effet, il d\u00e9clare, garantit et accepte qu&rsquo;il a le droit de le faire librement, que ces informations n&rsquo;enfreignent aucun droit de propri\u00e9t\u00e9 intellectuelle ou industrielle, aucun secret commercial ni aucun autre droit de tiers, et que ces informations ne sont ni confidentielles ni pr\u00e9judiciables \u00e0 des tiers.<\/p><p>L&rsquo;utilisateur reconna\u00eet qu&rsquo;il assume la responsabilit\u00e9, en laissant Mon indemne, de toute communication ou contenu qu&rsquo;il envoie personnellement ou en son nom.<\/p><p>Si l&rsquo;utilisateur a connaissance de l&rsquo;existence d&rsquo;un contenu illicite, ill\u00e9gal, contraire \u00e0 la loi ou susceptible d&rsquo;entra\u00eener une violation des droits de propri\u00e9t\u00e9 intellectuelle ou industrielle, ou de toute autre nature, il doit en informer imm\u00e9diatement Mon par le biais de l&rsquo;adresse \u00e9lectronique info@mongonzalez.es afin que ce dernier prenne les mesures appropri\u00e9es.<\/p><p>De m\u00eame, si un utilisateur ou un tiers consid\u00e8re que l&rsquo;un des contenus du site Web appartenant \u00e0 Mon porte atteinte \u00e0 ses droits de propri\u00e9t\u00e9 intellectuelle ou industrielle, ou de toute autre nature, il doit envoyer une communication \u00e0 info@mongonzalez.es en fournissant les informations suivantes :<\/p><p>Les donn\u00e9es d&rsquo;identification et les coordonn\u00e9es du demandeur ou de son repr\u00e9sentant l\u00e9gal ;<\/p><p>Documentation attestant de leur statut de Mon des droits pr\u00e9tendument enfreints ;<\/p><p>Une description d\u00e9taill\u00e9e des droits pr\u00e9tendument enfreints par Mon, ainsi que leur emplacement exact sur le site web ;<\/p><p>D\u00e9claration expresse du demandeur selon laquelle l&rsquo;utilisation du contenu a \u00e9t\u00e9 faite sans le consentement du titulaire des droits pr\u00e9tendument enfreints.<\/p><p><strong>LIENS<\/strong><\/p><p><strong>LIENS VERS D&rsquo;AUTRES SITES WEB<\/strong><\/p><p>Dans le cas o\u00f9 des liens vers d&rsquo;autres pages web sont affich\u00e9s sur le site web au moyen de diff\u00e9rents boutons, liens, banni\u00e8res ou contenus int\u00e9gr\u00e9s, Mon informe que ceux-ci sont g\u00e9r\u00e9s par des tiers, et que Mon n&rsquo;a ni les moyens humains ni les moyens techniques de conna\u00eetre \u00e0 l&rsquo;avance et\/ou de contr\u00f4ler et\/ou d&rsquo;approuver toutes les informations, contenus, produits ou services fournis par d&rsquo;autres plateformes vers lesquelles des liens peuvent \u00eatre \u00e9tablis \u00e0 partir du site web.<\/p><p>Par cons\u00e9quent, Mon ne peut assumer aucun type de responsabilit\u00e9 pour tout aspect relatif au site Web ou \u00e0 la page Web vers laquelle un lien peut \u00eatre \u00e9tabli \u00e0 partir du site Web, en particulier, mais sans s&rsquo;y limiter, son fonctionnement, son acc\u00e8s, ses donn\u00e9es, ses informations, ses fichiers, la qualit\u00e9 et la fiabilit\u00e9 de ses produits et services, ses propres liens et\/ou l&rsquo;un de ses contenus, en g\u00e9n\u00e9ral.<\/p><p>En ce sens, si l&rsquo;utilisateur a une connaissance effective du caract\u00e8re ill\u00e9gal ou contraire \u00e0 la morale et\/ou \u00e0 l&rsquo;ordre public des activit\u00e9s r\u00e9alis\u00e9es \u00e0 travers ces sites web de tiers, il doit en informer imm\u00e9diatement Mon afin que le lien d&rsquo;acc\u00e8s \u00e0 ces derniers soit d\u00e9sactiv\u00e9, action qui sera r\u00e9alis\u00e9e dans les plus brefs d\u00e9lais.<\/p><p>En tout \u00e9tat de cause, l&rsquo;\u00e9tablissement de tout type de lien du site Web vers un autre site Web externe n&rsquo;implique pas l&rsquo;existence d&rsquo;un quelconque type de relation, de collaboration ou de d\u00e9pendance entre Mon et le responsable dudit site Web externe.<\/p><p><strong>LIENS VERS LE CANAL DU PROPRI\u00c9TAIRE SUR D&rsquo;AUTRES PLATEFORMES ET R\u00c9SEAUX SOCIAUX<\/strong><\/p><p>Mon met \u00e0 la disposition des Utilisateurs, par le biais de diff\u00e9rents outils et applications, des moyens de liaison qui permettent aux Utilisateurs d&rsquo;acc\u00e9der aux canaux et aux pages du Site Internet qu&rsquo;il g\u00e8re sur diff\u00e9rentes plateformes et r\u00e9seaux sociaux appartenant \u00e0 et\/ou g\u00e9r\u00e9s par des tiers (par exemple, X, LinkedIn , YouTube, etc.). L&rsquo;inclusion de ces liens sur le site Web a pour seul but de permettre aux utilisateurs d&rsquo;acc\u00e9der \u00e0 ces canaux sur les diff\u00e9rentes plates-formes et r\u00e9seaux sociaux.<\/p><p>L&rsquo;\u00e9tablissement de ces applications n&rsquo;implique pas l&rsquo;existence d&rsquo;une relation entre Mon et le propri\u00e9taire, le fabricant ou le distributeur du site Web li\u00e9, ni l&rsquo;acceptation et l&rsquo;approbation par Mon de son contenu et\/ou de ses services, le propri\u00e9taire, le fabricant ou le distributeur \u00e9tant seul responsable de ceux-ci.<\/p><p>L&rsquo;activation et l&rsquo;utilisation de ces applications peuvent impliquer l&rsquo;identification et l&rsquo;authentification de l&rsquo;Utilisateur (login\/mot de passe) sur les plates-formes correspondantes, qui sont totalement externes au site Web et \u00e9chappent au contr\u00f4le de Mon. En acc\u00e9dant \u00e0 ces r\u00e9seaux externes, l&rsquo;Utilisateur entre dans un environnement qui n&rsquo;est pas contr\u00f4l\u00e9 par Mon, et Mon n&rsquo;assume aucune responsabilit\u00e9 quant aux param\u00e8tres de s\u00e9curit\u00e9 de ces environnements.<\/p><p>Parce que Mon peut avoir un contr\u00f4le limit\u00e9 sur le contenu h\u00e9berg\u00e9 sur de tels canaux, l&rsquo;utilisateur reconna\u00eet et accepte que Mon n&rsquo;assume aucune responsabilit\u00e9 pour le contenu ou les services auxquels l&rsquo;utilisateur peut acc\u00e9der sur de tels sites, ou pour tout contenu, produit, service, publicit\u00e9 ou autre mat\u00e9riel disponible sur de tels sites.<\/p><p><strong>LIENS SUR D&rsquo;AUTRES PAGES WEB VERS LE SITE WEB<\/strong><\/p><p>Mon n&rsquo;autorise pas l&rsquo;\u00e9tablissement d&rsquo;un lien vers le site Web \u00e0 partir de pages qui contiennent des mat\u00e9riels, des informations ou des contenus illicites, ill\u00e9gaux, d\u00e9gradants, obsc\u00e8nes et, en g\u00e9n\u00e9ral, contraires \u00e0 la loi, \u00e0 la morale ou \u00e0 l&rsquo;ordre public, ou aux normes sociales g\u00e9n\u00e9ralement accept\u00e9es.<\/p><p>En tout \u00e9tat de cause, l&rsquo;utilisateur peut \u00e9tablir des liens vers le site web, \u00e0 condition de respecter les conditions suivantes :<\/p><p>Le lien ne peut pas reproduire le contenu du site Web ou des parties de celui-ci sous quelque forme que ce soit ;<\/p><p>Il n&rsquo;est pas permis de cr\u00e9er un navigateur ou un environnement frontalier sur des parties du site Web, ni de modifier le site Web de quelque mani\u00e8re que ce soit ;<\/p><p>Il est interdit de faire des d\u00e9clarations ou des indications fausses, inexactes ou incorrectes sur le site web et\/ou, en particulier, de d\u00e9clarer ou de donner l&rsquo;impression que Mon a autoris\u00e9 le lien ou qu&rsquo;il a contr\u00f4l\u00e9 ou assum\u00e9 de quelque mani\u00e8re que ce soit le contenu ou les services offerts ou mis \u00e0 disposition sur la page web sur laquelle le lien est \u00e9tabli ;<\/p><p>La page web sur laquelle est \u00e9tabli le lien vers le site web ne doit pas contenir d&rsquo;informations ou de contenus illicites, contraires \u00e0 la morale et aux bonnes m\u0153urs g\u00e9n\u00e9ralement accept\u00e9es et \u00e0 l&rsquo;ordre public, ni de contenus contraires aux droits de tiers, y compris les droits de propri\u00e9t\u00e9 intellectuelle ou industrielle et\/ou le droit \u00e0 l&rsquo;honneur, \u00e0 l&rsquo;intimit\u00e9 personnelle ou familiale ou \u00e0 l&rsquo;image ou tout autre droit, ni de contenus contraires \u00e0 la r\u00e9glementation relative \u00e0 la protection des donn\u00e9es \u00e0 caract\u00e8re personnel.<\/p><p>Mon n&rsquo;a ni le pouvoir ni les moyens humains ou techniques de conna\u00eetre, contr\u00f4ler ou approuver toutes les informations, contenus, produits ou services fournis par d&rsquo;autres sites web qui ont \u00e9tabli des liens avec le site web. Mon n&rsquo;assume aucun type de responsabilit\u00e9 pour tout aspect relatif \u00e0 la page web qui \u00e9tablit le lien vers le site web, en particulier, mais sans s&rsquo;y limiter, son fonctionnement, son acc\u00e8s, ses donn\u00e9es, ses informations, ses fichiers, la qualit\u00e9 et la fiabilit\u00e9 de ses produits et services, ses propres liens et\/ou n&rsquo;importe lequel de ses contenus, en g\u00e9n\u00e9ral.<\/p><p><strong>R\u00c8GLES D&rsquo;UTILISATION DU SITE WEB<\/strong><\/p><p>L&rsquo;acc\u00e8s ou l&rsquo;utilisation du site web \u00e0 des fins ill\u00e9gales ou non autoris\u00e9es, que ce soit dans un but lucratif ou non, n&rsquo;est pas autoris\u00e9 et, par cons\u00e9quent, ses cons\u00e9quences rel\u00e8vent de la seule responsabilit\u00e9 de l&rsquo;utilisateur. En particulier, et sans que la liste suivante soit limitative, il est interdit de<\/p><p>d&rsquo;utiliser le site Web d&rsquo;une mani\u00e8re qui puisse causer des dommages, des interruptions, des inefficacit\u00e9s ou des d\u00e9fauts dans son fonctionnement ou dans l&rsquo;\u00e9quipement informatique d&rsquo;un tiers ;<\/p><p>d&rsquo;utiliser le site web pour la transmission, l&rsquo;installation ou la publication de virus, de codes malveillants ou d&rsquo;autres programmes ou fichiers nuisibles ;<\/p><p>Utiliser le site web pour collecter des donn\u00e9es personnelles d&rsquo;autres utilisateurs ;<\/p><p>Utiliser le site web de mani\u00e8re ill\u00e9gale, contraire \u00e0 la bonne foi, \u00e0 la morale et \u00e0 l&rsquo;ordre public ;<\/p><p>S&rsquo;inscrire sur le site web sous une fausse identit\u00e9, usurper l&rsquo;identit\u00e9 d&rsquo;un tiers ou utiliser un profil ou toute autre action susceptible d&rsquo;induire les autres utilisateurs en erreur quant \u00e0 l&rsquo;identit\u00e9 de l&rsquo;utilisateur ;<\/p><p>l&rsquo;acc\u00e8s non autoris\u00e9 \u00e0 toute section du site web, \u00e0 d&rsquo;autres syst\u00e8mes ou r\u00e9seaux connect\u00e9s au site web, aux serveurs de Mon ou aux services offerts par l&rsquo;interm\u00e9diaire du site web, par piratage ou falsification, extraction de mot de passe ou tout autre moyen ill\u00e9gitime ;<\/p><p>violer ou tenter de violer les mesures de s\u00e9curit\u00e9 ou d&rsquo;authentification du site web ou de tout r\u00e9seau connect\u00e9 au site web, ou les mesures de s\u00e9curit\u00e9 ou de protection inh\u00e9rentes au contenu propos\u00e9 sur le site web ;<\/p><p>prendre des mesures qui exercent une pression disproportionn\u00e9e ou inutile sur l&rsquo;infrastructure du site web ou sur les syst\u00e8mes ou r\u00e9seaux de Mon, ainsi que sur les syst\u00e8mes et r\u00e9seaux connect\u00e9s au site web ; ou<\/p><p>entraver le d\u00e9roulement normal d&rsquo;un \u00e9v\u00e9nement, d&rsquo;un concours, d&rsquo;une promotion ou de toute autre activit\u00e9 disponible sur le site web ou l&rsquo;une de ses fonctionnalit\u00e9s, soit en alt\u00e9rant ou en tentant d&rsquo;alt\u00e9rer, ill\u00e9galement ou de toute autre mani\u00e8re, l&rsquo;acc\u00e8s, la participation ou le fonctionnement de celui-ci, soit en falsifiant le r\u00e9sultat de celui-ci et\/ou en utilisant des m\u00e9thodes de participation frauduleuses, par toute proc\u00e9dure et\/ou par toute pratique qui viole ou enfreint le pr\u00e9sent avis juridique.<\/p><p>La violation de l&rsquo;une des obligations susmentionn\u00e9es par l&rsquo;utilisateur peut entra\u00eener l&rsquo;adoption par Mon des mesures appropri\u00e9es prot\u00e9g\u00e9es par la loi et dans l&rsquo;exercice de ses droits ou obligations, ce qui peut conduire \u00e0 l&rsquo;\u00e9limination ou au blocage du compte de l&rsquo;utilisateur fautif, sans possibilit\u00e9 d&rsquo;indemnisation pour les dommages caus\u00e9s.<\/p><p><strong>RESPONSABILIT\u00c9S ET GARANTIES<\/strong><\/p><p>Mon ne peut pas garantir la fiabilit\u00e9, l&rsquo;utilit\u00e9 ou la v\u00e9racit\u00e9 de toutes les informations et\/ou des services et contenus du site web, ni l&rsquo;utilit\u00e9 ou la v\u00e9racit\u00e9 de la documentation mise \u00e0 disposition \u00e0 travers celui-ci.<\/p><p>Par cons\u00e9quent, Mon ne garantit pas et n&rsquo;assume aucune responsabilit\u00e9 pour :<\/p><p>La continuit\u00e9 des contenus et des services du site web ;<\/p><p>L&rsquo;absence d&rsquo;erreurs dans lesdits contenus et services ;<\/p><p>L&rsquo;absence de virus et\/ou d&rsquo;autres \u00e9l\u00e9ments nuisibles sur le site Web ou sur le serveur qui le fournit ;<\/p><p>L&rsquo;invuln\u00e9rabilit\u00e9 du site web et\/ou l&rsquo;impossibilit\u00e9 d&rsquo;enfreindre les mesures de s\u00e9curit\u00e9 qui y sont adopt\u00e9es ;<\/p><p>Le manque d&rsquo;utilit\u00e9 ou de performance des contenus et des services du site Web ; et les dommages ou pr\u00e9judices caus\u00e9s, \u00e0 soi-m\u00eame ou \u00e0 un tiers, par toute personne qui enfreint les conditions, r\u00e8gles et instructions que Mon \u00e9tablit sur le site Web ou par le biais de la violation des syst\u00e8mes de s\u00e9curit\u00e9 du site Web.<\/p><p>N\u00e9anmoins, Mon d\u00e9clare avoir adopt\u00e9 toutes les mesures n\u00e9cessaires, dans la mesure de ses possibilit\u00e9s et de l&rsquo;\u00e9tat de la technique, pour garantir le fonctionnement du site web et minimiser les erreurs de syst\u00e8me, tant d&rsquo;un point de vue technique qu&rsquo;en ce qui concerne le contenu publi\u00e9 sur le site web.<\/p><p>Mon ne garantit pas la l\u00e9galit\u00e9, la fiabilit\u00e9 ou l&rsquo;utilit\u00e9 des contenus fournis par des tiers par l&rsquo;interm\u00e9diaire du site web. Si l&rsquo;utilisateur a connaissance de l&rsquo;existence d&rsquo;un contenu illicite, ill\u00e9gal, contraire \u00e0 la loi ou susceptible d&rsquo;entra\u00eener une violation des droits de tiers, il doit en informer Mon imm\u00e9diatement afin que celle-ci puisse prendre les mesures qui s&rsquo;imposent.<\/p><p>Mon n&rsquo;est pas responsable de la v\u00e9racit\u00e9, de l&rsquo;int\u00e9grit\u00e9 ou de la mise \u00e0 jour des informations publi\u00e9es sur le site \u00e0 partir de sources externes, ni de celles contenues dans d&rsquo;autres plates-formes vers lesquelles des liens sont \u00e9tablis \u00e0 partir du site. Mon n&rsquo;est pas responsable des dommages hypoth\u00e9tiques pouvant r\u00e9sulter de l&rsquo;utilisation des informations susmentionn\u00e9es.<\/p><p>Mon ne sera pas responsable des causes ind\u00e9pendantes de sa volont\u00e9, y compris, mais sans s&rsquo;y limiter, les cas de force majeure, les probl\u00e8mes d&rsquo;acc\u00e8s \u00e0 Internet, les probl\u00e8mes technologiques \u00e9chappant au contr\u00f4le diligent et raisonnable de Mon, les actions ou omissions de tiers, etc. Dans tous les cas susmentionn\u00e9s, en dehors du contr\u00f4le et de la diligence de Mon, il n&rsquo;y aura pas de droit \u00e0 indemnisation de Mon \u00e0 l&rsquo;Utilisateur pour les dommages ou les pertes, dans la mesure permise par la l\u00e9gislation en vigueur.<\/p><p><strong>SUSPENSION DU SITE WEB<\/strong><\/p><p>Mon se r\u00e9serve le droit de suspendre, modifier, restreindre ou interrompre, temporairement ou d\u00e9finitivement, l&rsquo;acc\u00e8s, la navigation, l&rsquo;utilisation, l&rsquo;h\u00e9bergement et\/ou le t\u00e9l\u00e9chargement du contenu et\/ou l&rsquo;utilisation des services du site Web, avec ou sans pr\u00e9avis, aux utilisateurs qui contreviennent \u00e0 l&rsquo;une des dispositions d\u00e9taill\u00e9es dans le pr\u00e9sent avis juridique, sans que l&rsquo;utilisateur puisse pr\u00e9tendre \u00e0 une quelconque indemnisation pour ce motif.<\/p><p><strong>CONFIDENTIALIT\u00c9 ET PROTECTION DES DONN\u00c9ES<\/strong><\/p><p>Conform\u00e9ment aux dispositions de la loi organique 15\/1999, du 13 d\u00e9cembre, sur la protection des donn\u00e9es \u00e0 caract\u00e8re personnel, toutes les donn\u00e9es \u00e0 caract\u00e8re personnel collect\u00e9es lors de l&rsquo;utilisation du site Web seront trait\u00e9es conform\u00e9ment aux dispositions de la politique de confidentialit\u00e9, que tous les utilisateurs doivent express\u00e9ment accepter pour pouvoir utiliser le syst\u00e8me et s&rsquo;y inscrire.<\/p><p><strong>G\u00c9N\u00c9RALIT\u00c9S<\/strong><\/p><p>Les titres des diff\u00e9rentes clauses sont donn\u00e9s \u00e0 titre indicatif et n&rsquo;affectent pas, ne qualifient pas et n&rsquo;\u00e9tendent pas l&rsquo;interpr\u00e9tation du pr\u00e9sent avis juridique. De m\u00eame, Mon peut modifier les termes et conditions stipul\u00e9s ici, totalement ou partiellement, en publiant tout changement dans le m\u00eame formulaire que celui dans lequel cet avis l\u00e9gal appara\u00eet ou par le biais de tout type de communication adress\u00e9e aux utilisateurs.<\/p><p>La validit\u00e9 temporaire du pr\u00e9sent avis juridique co\u00efncide donc avec le moment de sa publication, jusqu&rsquo;\u00e0 sa modification totale ou partielle, date \u00e0 laquelle l&rsquo;avis juridique modifi\u00e9 entrera en vigueur.<\/p><p>Mon peut r\u00e9silier, suspendre ou interrompre, \u00e0 tout moment et sans pr\u00e9avis, l&rsquo;acc\u00e8s aux contenus du site web, sans que l&rsquo;utilisateur puisse pr\u00e9tendre \u00e0 une quelconque indemnisation. Apr\u00e8s une telle r\u00e9siliation, les interdictions d&rsquo;utilisation des contenus \u00e9nonc\u00e9es ci-dessus dans le pr\u00e9sent avis juridique resteront en vigueur.<\/p><p>Si l&rsquo;une des dispositions du pr\u00e9sent avis juridique est d\u00e9clar\u00e9e nulle ou inapplicable, en tout ou en partie, par une cour, un tribunal ou un organe administratif comp\u00e9tent, cette nullit\u00e9 ou inapplicabilit\u00e9 n&rsquo;affectera pas les autres dispositions du pr\u00e9sent avis juridique.<\/p><p>Le non-exercice ou la non-application par Mon d&rsquo;un droit ou d&rsquo;une disposition contenue dans le pr\u00e9sent avis juridique ne constitue pas une renonciation \u00e0 ce droit ou \u00e0 cette disposition, sauf si Mon le reconna\u00eet et l&rsquo;accepte par \u00e9crit.<\/p><p><strong>DROIT APPLICABLE ET JURIDICTION COMP\u00c9TENTE<\/strong><\/p><p>Ce site Web est r\u00e9gi par les lois en vigueur en Espagne.<\/p><p>Pour tout litige pouvant survenir dans l&rsquo;interpr\u00e9tation et l&rsquo;application du pr\u00e9sent avis juridique, et dans la mesure permise par la l\u00e9gislation en vigueur, tant Mon que les utilisateurs se soumettent express\u00e9ment \u00e0 la juridiction des cours et tribunaux de la ville de Madrid, en renon\u00e7ant \u00e0 leur propre juridiction, le cas \u00e9ch\u00e9ant.<\/p>\t\t\t\t\t\t\t\t<\/div>\n\t\t\t\t<\/div>\n\t\t\t\t\t<\/div>\n\t\t<\/div>\n\t\t\t\t\t<\/div>\n\t\t<\/section>\n\t\t\t\t<\/div>\n\t\t","protected":false},"excerpt":{"rendered":"<p>AVIS L\u00c9GAL L&rsquo;acc\u00e8s, la navigation et l&rsquo;utilisation du site web www.mongonzalez.es (ci-apr\u00e8s, le \u00ab\u00a0site web\u00a0\u00bb) impliquent l&rsquo;acceptation expresse et sans r\u00e9serve de tous les termes du pr\u00e9sent avis juridique. Son observation et son respect seront opposables \u00e0 toute personne acc\u00e9dant, naviguant ou utilisant le site web. IDENTIFICATION Propri\u00e9taire : Mon Gonz\u00e1lez (ci-apr\u00e8s \u00ab\u00a0Mon\u00a0\u00bb) Courriel : [&hellip;]<\/p>\n","protected":false},"author":1,"featured_media":0,"parent":0,"menu_order":200,"comment_status":"closed","ping_status":"closed","template":"elementor_header_footer","meta":{"footnotes":""},"class_list":["post-6337","page","type-page","status-publish","hentry"],"_links":{"self":[{"href":"https:\/\/mongonzalez.es\/fr\/wp-json\/wp\/v2\/pages\/6337","targetHints":{"allow":["GET"]}}],"collection":[{"href":"https:\/\/mongonzalez.es\/fr\/wp-json\/wp\/v2\/pages"}],"about":[{"href":"https:\/\/mongonzalez.es\/fr\/wp-json\/wp\/v2\/types\/page"}],"author":[{"embeddable":true,"href":"https:\/\/mongonzalez.es\/fr\/wp-json\/wp\/v2\/users\/1"}],"replies":[{"embeddable":true,"href":"https:\/\/mongonzalez.es\/fr\/wp-json\/wp\/v2\/comments?post=6337"}],"version-history":[{"count":0,"href":"https:\/\/mongonzalez.es\/fr\/wp-json\/wp\/v2\/pages\/6337\/revisions"}],"wp:attachment":[{"href":"https:\/\/mongonzalez.es\/fr\/wp-json\/wp\/v2\/media?parent=6337"}],"curies":[{"name":"wp","href":"https:\/\/api.w.org\/{rel}","templated":true}]}}