{"id":6532,"date":"2021-01-27T19:20:20","date_gmt":"2021-01-27T19:20:20","guid":{"rendered":"https:\/\/mongonzalez.es\/?page_id=6532"},"modified":"2024-06-20T20:49:15","modified_gmt":"2024-06-20T20:49:15","slug":"connetando","status":"publish","type":"page","link":"https:\/\/mongonzalez.es\/it\/connetando\/","title":{"rendered":"Connetando"},"content":{"rendered":"\t\t<div data-elementor-type=\"wp-page\" data-elementor-id=\"6532\" class=\"elementor elementor-6532 elementor-5811\" data-elementor-post-type=\"page\">\n\t\t\t\t\t\t<section class=\"elementor-section elementor-top-section elementor-element elementor-element-0fa0af5 elementor-section-content-middle elementor-section-boxed elementor-section-height-default elementor-section-height-default\" data-id=\"0fa0af5\" data-element_type=\"section\" data-e-type=\"section\">\n\t\t\t\t\t\t<div class=\"elementor-container elementor-column-gap-default\">\n\t\t\t\t\t<div class=\"elementor-column elementor-col-50 elementor-top-column elementor-element elementor-element-ef29d1e\" data-id=\"ef29d1e\" data-element_type=\"column\" data-e-type=\"column\">\n\t\t\t<div class=\"elementor-widget-wrap\">\n\t\t\t\t\t\t\t<\/div>\n\t\t<\/div>\n\t\t\t\t<div class=\"elementor-column elementor-col-50 elementor-top-column elementor-element elementor-element-e9e076e\" data-id=\"e9e076e\" data-element_type=\"column\" data-e-type=\"column\">\n\t\t\t<div class=\"elementor-widget-wrap elementor-element-populated\">\n\t\t\t\t\t\t<div class=\"elementor-element elementor-element-eeb8a2e elementor-widget elementor-widget-heading\" data-id=\"eeb8a2e\" data-element_type=\"widget\" data-e-type=\"widget\" data-widget_type=\"heading.default\">\n\t\t\t\t<div class=\"elementor-widget-container\">\n\t\t\t\t\t<h2 class=\"elementor-heading-title elementor-size-default\">Connetando<\/h2>\t\t\t\t<\/div>\n\t\t\t\t<\/div>\n\t\t\t\t\t<\/div>\n\t\t<\/div>\n\t\t\t\t\t<\/div>\n\t\t<\/section>\n\t\t\t\t<section class=\"elementor-section elementor-top-section elementor-element elementor-element-831e1c8 elementor-section-content-middle elementor-section-boxed elementor-section-height-default elementor-section-height-default\" data-id=\"831e1c8\" data-element_type=\"section\" data-e-type=\"section\">\n\t\t\t\t\t\t<div class=\"elementor-container elementor-column-gap-default\">\n\t\t\t\t\t<div class=\"elementor-column elementor-col-50 elementor-top-column elementor-element elementor-element-3b09add\" data-id=\"3b09add\" data-element_type=\"column\" data-e-type=\"column\">\n\t\t\t<div class=\"elementor-widget-wrap elementor-element-populated\">\n\t\t\t\t\t\t<div class=\"elementor-element elementor-element-be2e8a0 elementor-widget elementor-widget-image\" data-id=\"be2e8a0\" data-element_type=\"widget\" data-e-type=\"widget\" data-widget_type=\"image.default\">\n\t\t\t\t<div class=\"elementor-widget-container\">\n\t\t\t\t\t\t\t\t\t\t\t\t\t\t\t<img decoding=\"async\" src=\"https:\/\/mongonzalez.es\/wp-content\/uploads\/2021\/01\/categoria-sororidad.png\" title=\"\" alt=\"\" loading=\"lazy\" \/>\t\t\t\t\t\t\t\t\t\t\t\t\t\t\t<\/div>\n\t\t\t\t<\/div>\n\t\t\t\t\t<\/div>\n\t\t<\/div>\n\t\t\t\t<div class=\"elementor-column elementor-col-50 elementor-top-column elementor-element elementor-element-040fe30\" data-id=\"040fe30\" data-element_type=\"column\" data-e-type=\"column\">\n\t\t\t<div class=\"elementor-widget-wrap elementor-element-populated\">\n\t\t\t\t\t\t<div class=\"elementor-element elementor-element-95997ef elementor-widget elementor-widget-text-editor\" data-id=\"95997ef\" data-element_type=\"widget\" data-e-type=\"widget\" data-widget_type=\"text-editor.default\">\n\t\t\t\t<div class=\"elementor-widget-container\">\n\t\t\t\t\t\t\t\t\t<p>Spero che questa scheda serva a costruire ponti con gli altri, siano persone o organizzazioni, che cercano anche di costruire un mondo migliore attraverso il potere morbido e la serendipit\u00e0.<\/p><p>Da questo punto di vista, considero importante la progressiva emancipazione di tutti gli esseri umani, con un&#8217;enfasi speciale su donne e ragazze, che permetta loro di rivendicare la loro dignit\u00e0 e libert\u00e0 agendo su un piano di parit\u00e0 (in \u201cSorellanza\u201d).<\/p><p>Allo stesso modo, propongo di mettere in comune le energie per creare un mondo sostenibile in cui tutti gli esseri umani abbiano i loro bisogni primari coperti (accesso all&#8217;acqua potabile, cibo sufficiente e nutriente, un tetto dignitoso, un&#8217;istruzione di base e un lavoro equamente retribuito), raggiunto rispettando e prendendosi cura della nostra Madre Terra o Pachamama (in &#8220;Sostenibilit\u00e0&#8221;).<\/p>\t\t\t\t\t\t\t\t<\/div>\n\t\t\t\t<\/div>\n\t\t\t\t\t<\/div>\n\t\t<\/div>\n\t\t\t\t\t<\/div>\n\t\t<\/section>\n\t\t\t\t<section class=\"elementor-section elementor-top-section elementor-element elementor-element-a5f3e5c elementor-section-content-middle elementor-section-boxed elementor-section-height-default elementor-section-height-default\" data-id=\"a5f3e5c\" data-element_type=\"section\" data-e-type=\"section\">\n\t\t\t\t\t\t<div class=\"elementor-container elementor-column-gap-default\">\n\t\t\t\t\t<div class=\"elementor-column elementor-col-100 elementor-top-column elementor-element elementor-element-3c5c0af\" data-id=\"3c5c0af\" data-element_type=\"column\" data-e-type=\"column\">\n\t\t\t<div class=\"elementor-widget-wrap elementor-element-populated\">\n\t\t\t\t\t\t<div class=\"elementor-element elementor-element-6982cda elementor-widget elementor-widget-text-editor\" data-id=\"6982cda\" data-element_type=\"widget\" data-e-type=\"widget\" data-widget_type=\"text-editor.default\">\n\t\t\t\t<div class=\"elementor-widget-container\">\n\t\t\t\t\t\t\t\t\t<p>Infine, niente di tutto questo sar\u00e0 possibile se non cerchiamo con tutte le nostre forze ed energie di porre le basi per la pace. Come afferma il preambolo della <a href=\"https:\/\/documents.un.org\/api\/symbol\/access?j=N1529189&amp;t=pdf\" target=\"_blank\" rel=\"noopener\">Risoluzione 70\/1 dell&#8217;Assemblea Generale delle Nazioni Unite del 21 ottobre 2015,<\/a> che stabilisce l&#8217;Agenda 2030 e i suoi 17 Obiettivi di Sviluppo Sostenibile (OSS): \u201cNon pu\u00f2 esserci sviluppo sostenibile senza pace, n\u00e9 pace senza sviluppo sostenibile\u201d (in \u201cPacifismo\u201d).<\/p>\t\t\t\t\t\t\t\t<\/div>\n\t\t\t\t<\/div>\n\t\t\t\t\t<\/div>\n\t\t<\/div>\n\t\t\t\t\t<\/div>\n\t\t<\/section>\n\t\t\t\t<section class=\"elementor-section elementor-top-section elementor-element elementor-element-43db580 elementor-section-boxed elementor-section-height-default elementor-section-height-default\" data-id=\"43db580\" data-element_type=\"section\" data-e-type=\"section\">\n\t\t\t\t\t\t<div class=\"elementor-container elementor-column-gap-default\">\n\t\t\t\t\t<div class=\"elementor-column elementor-col-100 elementor-top-column elementor-element elementor-element-dc9b05a\" data-id=\"dc9b05a\" data-element_type=\"column\" data-e-type=\"column\">\n\t\t\t<div class=\"elementor-widget-wrap elementor-element-populated\">\n\t\t\t\t\t\t<div class=\"elementor-element elementor-element-78ca3ac elementor-widget elementor-widget-heading\" data-id=\"78ca3ac\" data-element_type=\"widget\" data-e-type=\"widget\" data-widget_type=\"heading.default\">\n\t\t\t\t<div class=\"elementor-widget-container\">\n\t\t\t\t\t<h2 class=\"elementor-heading-title elementor-size-default\">Tutte le pubblicazioni Connetando<\/h2>\t\t\t\t<\/div>\n\t\t\t\t<\/div>\n\t\t\t\t\t<\/div>\n\t\t<\/div>\n\t\t\t\t\t<\/div>\n\t\t<\/section>\n\t\t\t\t<\/div>\n\t\t","protected":false},"excerpt":{"rendered":"<p>Connetando Spero che questa scheda serva a costruire ponti con gli altri, siano persone o organizzazioni, che cercano anche di costruire un mondo migliore attraverso il potere morbido e la serendipit\u00e0. Da questo punto di vista, considero importante la progressiva emancipazione di tutti gli esseri umani, con un&#8217;enfasi speciale su donne e ragazze, che permetta [&hellip;]<\/p>\n","protected":false},"author":1,"featured_media":0,"parent":0,"menu_order":40,"comment_status":"closed","ping_status":"closed","template":"elementor_header_footer","meta":{"footnotes":""},"class_list":["post-6532","page","type-page","status-publish","hentry"],"_links":{"self":[{"href":"https:\/\/mongonzalez.es\/it\/wp-json\/wp\/v2\/pages\/6532","targetHints":{"allow":["GET"]}}],"collection":[{"href":"https:\/\/mongonzalez.es\/it\/wp-json\/wp\/v2\/pages"}],"about":[{"href":"https:\/\/mongonzalez.es\/it\/wp-json\/wp\/v2\/types\/page"}],"author":[{"embeddable":true,"href":"https:\/\/mongonzalez.es\/it\/wp-json\/wp\/v2\/users\/1"}],"replies":[{"embeddable":true,"href":"https:\/\/mongonzalez.es\/it\/wp-json\/wp\/v2\/comments?post=6532"}],"version-history":[{"count":0,"href":"https:\/\/mongonzalez.es\/it\/wp-json\/wp\/v2\/pages\/6532\/revisions"}],"wp:attachment":[{"href":"https:\/\/mongonzalez.es\/it\/wp-json\/wp\/v2\/media?parent=6532"}],"curies":[{"name":"wp","href":"https:\/\/api.w.org\/{rel}","templated":true}]}}