{"id":6540,"date":"2021-01-21T21:20:08","date_gmt":"2021-01-21T21:20:08","guid":{"rendered":"https:\/\/mongonzalez.es\/?page_id=6540"},"modified":"2024-06-14T19:08:51","modified_gmt":"2024-06-14T19:08:51","slug":"aviso-legal","status":"publish","type":"page","link":"https:\/\/mongonzalez.es\/it\/aviso-legal\/","title":{"rendered":"Avviso legale"},"content":{"rendered":"\t\t<div data-elementor-type=\"wp-page\" data-elementor-id=\"6540\" class=\"elementor elementor-6540 elementor-5569\" data-elementor-post-type=\"page\">\n\t\t\t\t\t\t<section class=\"elementor-section elementor-top-section elementor-element elementor-element-4c7c9f16 elementor-section-boxed elementor-section-height-default elementor-section-height-default\" data-id=\"4c7c9f16\" data-element_type=\"section\" data-e-type=\"section\">\n\t\t\t\t\t\t<div class=\"elementor-container elementor-column-gap-default\">\n\t\t\t\t\t<div class=\"elementor-column elementor-col-100 elementor-top-column elementor-element elementor-element-5d68221e\" data-id=\"5d68221e\" data-element_type=\"column\" data-e-type=\"column\">\n\t\t\t<div class=\"elementor-widget-wrap elementor-element-populated\">\n\t\t\t\t\t\t<div class=\"elementor-element elementor-element-342eb220 elementor-widget elementor-widget-text-editor\" data-id=\"342eb220\" data-element_type=\"widget\" data-e-type=\"widget\" data-widget_type=\"text-editor.default\">\n\t\t\t\t<div class=\"elementor-widget-container\">\n\t\t\t\t\t\t\t\t\t<p><strong>AVVISO LEGALE<\/strong><\/p><p>L&#8217;accesso, la navigazione e l&#8217;utilizzo del sito web www.mongonzalez.es (di seguito, il &#8220;Sito web&#8221;) implica l&#8217;accettazione espressa e senza riserve di tutti i termini del presente Avviso legale. La sua osservanza e il suo rispetto saranno validi per qualsiasi persona che acceda, navighi o utilizzi il sito web.<\/p><p><strong>IDENTIFICAZIONE<\/strong><\/p><p>Proprietario: Mon Gonz\u00e1lez (di seguito &#8220;Mon&#8221;)<\/p><p>E-mail: <a href=\"mailto:info@mongonzalez.es\" target=\"_blank\" rel=\"noopener\">info@mongonzalez.es<\/a><\/p><p><strong>OGGETTO<\/strong><\/p><p>Il presente Avviso Legale regola l&#8217;accesso, la navigazione e l&#8217;utilizzo del Sito Web, fermo restando che Mon si riserva il diritto di modificare la presentazione, la configurazione e il contenuto del Sito Web, nonch\u00e9 le condizioni richieste per il suo accesso e\/o utilizzo. L&#8217;accesso e\/o l&#8217;uso del Sito Web dopo l&#8217;entrata in vigore delle sue modifiche o cambiamenti implica l&#8217;accettazione degli stessi.<\/p><p>Tuttavia, l&#8217;accesso a determinati contenuti e l&#8217;utilizzo di alcuni servizi possono essere soggetti a determinate condizioni specifiche, che saranno in ogni caso chiaramente visualizzate e dovranno essere espressamente accettate dagli Utenti. Tali condizioni particolari possono sostituire, integrare o, se del caso, modificare quelle stabilite nel presente Avviso legale.<\/p><p>Ai fini dell&#8217;interpretazione del presente Avviso legale, si intende che una persona diventa utente (di seguito, &#8220;Utente&#8221; o &#8220;Utenti&#8221;) nel momento in cui accetta il presente Avviso legale e l&#8217;Informativa sulla privacy riportata sul Sito web.<\/p><p><strong>ACCESSO E REGISTRAZIONE<\/strong><\/p><p>L&#8217;accesso e l&#8217;utilizzo del Sito non richiedono la registrazione. Tuttavia, accedendo e navigando nel Sito, l&#8217;Utente accetta nella sua interezza e si impegna a rispettare integralmente il presente Avviso legale, nonch\u00e9 le istruzioni o le raccomandazioni eventualmente indicate in ogni caso specifico attraverso il Sito.<\/p><p>In ogni caso, \u00e8 vietato l&#8217;accesso e la navigazione nel Sito ai minori di diciotto (18) anni, a meno che non abbiano la preventiva ed espressa autorizzazione dei genitori, dei tutori o dei rappresentanti legali, i quali saranno ritenuti responsabili degli atti compiuti dai minori a loro carico, in conformit\u00e0 alla normativa vigente. In ogni caso, si presume che l&#8217;accesso al Sito da parte di un minore sia avvenuto con la preventiva ed espressa autorizzazione dei genitori, tutori o rappresentanti legali.<\/p><p><strong>DIRITTI DI PROPRIET\u00c0 INTELLETTUALE E INDUSTRIALE<\/strong><\/p><p>Mon \u00e8 proprietaria o, se del caso, dispone delle relative licenze per i diritti di sfruttamento della propriet\u00e0 intellettuale e industriale necessari al funzionamento del Sito web, nonch\u00e9 per tutti i contenuti offerti sul Sito web, compresi il Sito stesso, i testi, le fotografie o le illustrazioni, i loghi, i marchi, i grafici, i disegni, le interfacce, o qualsiasi altra informazione o contenuto, e i servizi disponibili attraverso il Sito web.<\/p><p>In nessun caso si deve intendere che l&#8217;accesso, la navigazione e l&#8217;uso del Sito Web da parte dell&#8217;Utente implichino una rinuncia, una trasmissione, una licenza o un trasferimento totale o parziale di tali diritti da parte di Mon. L&#8217;Utente ha il diritto di utilizzare i contenuti e\/o i servizi del Sito web in ambito strettamente nazionale e al solo scopo di usufruire dei servizi forniti in conformit\u00e0 al presente Avviso legale.<\/p><p>I riferimenti a marchi registrati o a nomi commerciali, o ad altri segni distintivi, siano essi di propriet\u00e0 di Mon o di terzi, implicano il divieto di utilizzarli senza il consenso di Mon o dei legittimi proprietari. In nessun caso l&#8217;accesso, la navigazione o l&#8217;uso del Sito web e\/o dei suoi contenuti conferisce all&#8217;Utente alcun diritto sui segni distintivi in esso contenuti, salvo quanto diversamente previsto nel presente Avviso legale.<\/p><p>Tutti i diritti di propriet\u00e0 intellettuale e industriale sui contenuti e\/o servizi del Sito web sono riservati e, in particolare, \u00e8 vietato modificare, copiare, riprodurre, comunicare pubblicamente, trasformare o distribuire, con qualsiasi mezzo e in qualsiasi forma, tutti o parte dei contenuti inclusi nel Sito web, per qualsiasi scopo, senza l&#8217;autorizzazione preventiva, espressa e scritta di Mon o, se del caso, di Mon dei diritti corrispondenti.<\/p><p>Allo stesso modo, \u00e8 vietato rimuovere o manipolare le indicazioni di copyright o altri crediti che identificano i titolari dei diritti dei contenuti che l&#8217;Utente trova sul Sito web, cos\u00ec come i dispositivi tecnici di protezione, le impronte digitali, o qualsiasi meccanismo di protezione o informazione incorporata nei contenuti offerti sul Sito web.<\/p><p>Nel caso in cui l&#8217;Utente invii informazioni o contenuti di qualsiasi tipo a Mon attraverso uno dei canali previsti a tale scopo, l&#8217;Utente dichiara, garantisce e accetta di avere il diritto di farlo liberamente, che tali informazioni non violano alcun diritto di propriet\u00e0 intellettuale o industriale, segreti commerciali o qualsiasi altro diritto di terzi, e che tali informazioni non sono riservate o dannose per terzi.<\/p><p>L&#8217;Utente riconosce di assumersi la responsabilit\u00e0, lasciando indenne Mon, di qualsiasi comunicazione o contenuto che invia personalmente o a suo nome.<\/p><p>Se l&#8217;Utente viene a conoscenza dell&#8217;esistenza di contenuti illeciti, illegali, contrari alla legge o che potrebbero comportare una violazione dei diritti di propriet\u00e0 intellettuale o industriale, o di qualsiasi altro tipo, \u00e8 tenuto a comunicarlo immediatamente a Mon tramite l&#8217;indirizzo e-mail info@mongonzalez.es affinch\u00e9 quest&#8217;ultima possa procedere ad adottare le misure del caso.<\/p><p>Allo stesso modo, nel caso in cui un Utente o una terza parte ritenga che uno qualsiasi dei contenuti del Sito Web di propriet\u00e0 di Mon violi i propri diritti di propriet\u00e0 intellettuale o industriale, o di qualsiasi altra natura, dovr\u00e0 inviare una comunicazione a info@mongonzalez.es con le seguenti informazioni:<\/p><p>Dati identificativi e recapiti del richiedente o del suo rappresentante legale;<\/p><p>documentazione che attesti il loro status di Mon dei diritti presumibilmente violati;<\/p><p>resoconto dettagliato dei diritti presumibilmente violati da Mon, nonch\u00e9 la loro esatta ubicazione sul Sito Web;<\/p><p>Dichiarazione esplicita del ricorrente che l&#8217;uso del contenuto \u00e8 stato fatto senza il consenso del titolare dei diritti presumibilmente violati.<\/p><p><strong>LINK<\/strong><\/p><p><strong>LINK AD ALTRI SITI WEB<\/strong><\/p><p>Nel caso in cui sul Sito Web vengano visualizzati collegamenti ad altre pagine web tramite diversi pulsanti, link, banner o contenuti incorporati, Mon informa che questi sono gestiti da terzi e Mon non ha n\u00e9 i mezzi umani n\u00e9 quelli tecnici per conoscere in anticipo e\/o controllare e\/o approvare tutte le informazioni, i contenuti, i prodotti o i servizi forniti da altre piattaforme verso le quali \u00e8 possibile stabilire collegamenti dal Sito Web.<\/p><p>Di conseguenza, Mon non pu\u00f2 assumersi alcun tipo di responsabilit\u00e0 per qualsiasi aspetto relativo al Sito web o alla pagina web a cui si pu\u00f2 stabilire un collegamento dal Sito web, in particolare, ma non solo, il suo funzionamento, l&#8217;accesso, i dati, le informazioni, i file, la qualit\u00e0 e l&#8217;affidabilit\u00e0 dei suoi prodotti e servizi, i suoi stessi collegamenti e\/o qualsiasi suo contenuto, in generale.<\/p><p>In questo senso, se gli Utenti sono effettivamente a conoscenza del fatto che le attivit\u00e0 svolte attraverso questi siti web di terzi sono illegali o contravvengono alla morale e\/o all&#8217;ordine pubblico, devono informare immediatamente Mon affinch\u00e9 il collegamento per accedervi possa essere disabilitato, azione che verr\u00e0 eseguita il prima possibile.<\/p><p>In ogni caso, la creazione di qualsiasi tipo di collegamento dal Sito Web a un altro sito esterno non implica l&#8217;esistenza di alcun tipo di rapporto, collaborazione o dipendenza tra Mon e il responsabile di tale sito esterno.<\/p><p><strong>LINK AL CANALE DEL PROPRIETARIO SU ALTRE PIATTAFORME E SOCIAL NETWORK<\/strong><\/p><p>Mon mette a disposizione degli Utenti, attraverso diversi strumenti e applicazioni, mezzi di collegamento che consentono agli Utenti di accedere ai canali e alle pagine del Sito Web che mantiene su diverse piattaforme e reti sociali appartenenti e\/o gestite da terzi (ad esempio, X, LinkedIn , YouTube, ecc.). L&#8217;inserimento di questi link sul Sito Web ha il solo scopo di fornire agli Utenti l&#8217;accesso a questi canali sulle diverse piattaforme e reti sociali.<\/p><p>La creazione di queste applicazioni non implica l&#8217;esistenza di alcun rapporto tra Mon e il proprietario, il produttore o il distributore del sito Web collegato, n\u00e9 l&#8217;accettazione e l&#8217;approvazione da parte di Mon dei suoi contenuti e\/o servizi, di cui il proprietario, il produttore o il distributore sono gli unici responsabili.<\/p><p>L&#8217;attivazione e l&#8217;uso di queste applicazioni possono comportare l&#8217;identificazione e l&#8217;autenticazione dell&#8217;Utente (login\/password) sulle piattaforme corrispondenti, che sono completamente esterne al Sito Web e fuori dal controllo di Mon. Accedendo a tali reti esterne, l&#8217;Utente entra in un ambiente non controllato da Mon, che non si assume alcuna responsabilit\u00e0 per le impostazioni di sicurezza di tali ambienti.<\/p><p>Poich\u00e9 Mon pu\u00f2 avere un controllo limitato sul contenuto ospitato su tali canali, l&#8217;Utente riconosce e accetta che Mon non si assume alcuna responsabilit\u00e0 per il contenuto o i servizi a cui l&#8217;Utente pu\u00f2 accedere su tali siti, o per qualsiasi contenuto, prodotto, servizio, pubblicit\u00e0 o altro materiale disponibile su tali siti.<\/p><p><strong>COLLEGAMENTI AL SITO WEB DA PARTE DI ALTRE PAGINE WEB<\/strong><\/p><p>Mon non autorizza la creazione di un link al Sito Web da quelle pagine che contengono materiali, informazioni o contenuti illeciti, illegali, degradanti, osceni e, in generale, che contravvengono alla legge, alla morale o all&#8217;ordine pubblico, o alle norme sociali generalmente accettate.<\/p><p>In ogni caso, gli Utenti possono stabilire collegamenti al Sito Web, a condizione che rispettino le seguenti condizioni:<\/p><p>Il link non pu\u00f2 riprodurre il contenuto del Sito o parti di esso in alcuna forma;<\/p><p>Non \u00e8 consentito creare un browser o un ambiente di confine su sezioni del Sito web, n\u00e9 modificare il Sito web in alcun altro modo;<\/p><p>Non \u00e8 consentito fare dichiarazioni o indicazioni false, imprecise o errate sul Sito web e\/o, in particolare, affermare o dare l&#8217;impressione che Mon abbia autorizzato il collegamento o che abbia supervisionato o assunto in qualsiasi modo i contenuti o i servizi offerti o resi disponibili sulla pagina web in cui viene stabilito il collegamento;<\/p><p>La pagina web su cui viene stabilito il link al Sito web non deve contenere informazioni o contenuti illeciti, contrari alla morale e ai buoni costumi generalmente accettati e all&#8217;ordine pubblico, n\u00e9 contenuti contrari a qualsiasi diritto di terzi, compresi i diritti di propriet\u00e0 intellettuale o industriale e\/o il diritto all&#8217;onore, alla privacy personale o familiare o alla propria immagine o qualsiasi altro diritto, o contenuti contrari alle norme che regolano la protezione dei dati personali.<\/p><p>Mon non ha il potere n\u00e9 i mezzi umani o tecnici per conoscere, controllare o approvare tutte le informazioni, i contenuti, i prodotti o i servizi forniti da altri siti web che hanno stabilito dei link al Sito. Mon non si assume alcun tipo di responsabilit\u00e0 per qualsiasi aspetto relativo alla pagina web che stabilisce il collegamento al Sito web; in particolare, ma non solo, il suo funzionamento, l&#8217;accesso, i dati, le informazioni, i file, la qualit\u00e0 e l&#8217;affidabilit\u00e0 dei suoi prodotti e servizi, i suoi stessi link e\/o qualsiasi suo contenuto, in generale.<\/p><p><strong>REGOLE PER L&#8217;UTILIZZO DEL SITO WEB<\/strong><\/p><p>L&#8217;accesso o l&#8217;utilizzo del Sito Web per scopi illegali o non autorizzati, a scopo di lucro o meno, non \u00e8 consentito e, pertanto, le relative conseguenze saranno di esclusiva responsabilit\u00e0 dell&#8217;Utente. In particolare, e senza che il seguente elenco abbia carattere restrittivo, \u00e8 vietato<\/p><p>Utilizzare il Sito in qualsiasi modo che possa causare danni, interruzioni, inefficienze o difetti nel suo funzionamento o nelle apparecchiature informatiche di terzi;<\/p><p>utilizzare il Sito per trasmettere, installare o pubblicare virus, codici maligni o altri programmi o file dannosi;<\/p><p>Utilizzare il Sito web per raccogliere dati personali di altri Utenti;<\/p><p>utilizzare il Sito web in modo illegale, contro la buona fede, la morale e l&#8217;ordine pubblico;<\/p><p>Registrarsi attraverso il Sito web sotto falsa identit\u00e0, impersonare una terza parte o utilizzare un profilo o compiere qualsiasi altra azione che possa trarre in inganno gli altri Utenti circa l&#8217;identit\u00e0 dell&#8217;Utente;<\/p><p>Accesso non autorizzato a qualsiasi sezione del Sito web, ad altri sistemi o reti collegati al Sito web, ai server di Mon o ai servizi offerti attraverso il Sito web, mediante hacking o contraffazione, estrazione di password o qualsiasi altro mezzo illegittimo;<\/p><p>Violare, o tentare di violare, le misure di sicurezza o di autenticazione del Sito web o di qualsiasi rete collegata al Sito web, o le misure di sicurezza o di protezione inerenti al contenuto offerto sul Sito web;<\/p><p>intraprendere qualsiasi azione che provochi una pressione sproporzionata o non necessaria sull&#8217;infrastruttura del Sito web o sui sistemi o sulle reti di Mon, nonch\u00e9 sui sistemi e sulle reti collegati al Sito web; oppure<\/p><p>Impedire il normale svolgimento di un evento, di un concorso, di una promozione o di qualsiasi altra attivit\u00e0 disponibile attraverso il Sito web o una qualsiasi delle sue funzionalit\u00e0, alterando o tentando di alterare, illegalmente o in qualsiasi altro modo, l&#8217;accesso, la partecipazione o il funzionamento dello stesso, o falsificando il risultato dello stesso e\/o utilizzando metodi di partecipazione fraudolenti, attraverso qualsiasi procedura e\/o pratica che violi o infranga il presente Avviso legale.<\/p><p>La violazione di uno qualsiasi degli obblighi di cui sopra da parte dell&#8217;Utente pu\u00f2 portare all&#8217;adozione da parte di Mon delle misure appropriate tutelate dalla Legge e nell&#8217;esercizio dei suoi diritti o obblighi, che possono portare all&#8217;eliminazione o al blocco dell&#8217;account dell&#8217;Utente trasgressore, senza la possibilit\u00e0 di alcun risarcimento per i danni causati.<\/p><p><strong>RESPONSABILIT\u00c0 E GARANZIE<\/strong><\/p><p>Mon non pu\u00f2 garantire l&#8217;affidabilit\u00e0, l&#8217;utilit\u00e0 o la veridicit\u00e0 di tutte le informazioni e\/o dei servizi e dei contenuti del Sito web, n\u00e9 l&#8217;utilit\u00e0 o la veridicit\u00e0 della documentazione resa disponibile attraverso lo stesso.<\/p><p>Di conseguenza, Mon non garantisce e non si assume alcuna responsabilit\u00e0 per:<\/p><p>La continuit\u00e0 dei contenuti e dei servizi del Sito web;<\/p><p>L&#8217;assenza di errori in tali contenuti e servizi;<\/p><p>L&#8217;assenza di virus e\/o altri componenti dannosi sul Sito web o sul server che lo fornisce;<\/p><p>L&#8217;invulnerabilit\u00e0 del Sito e\/o l&#8217;impossibilit\u00e0 di violare le misure di sicurezza adottate;<\/p><p>La mancanza di utilit\u00e0 o di prestazioni dei contenuti e dei servizi del Sito web; e il danno o il pregiudizio causato, a se stesso o a terzi, da qualsiasi persona che violi le condizioni, le regole e le istruzioni che Mon stabilisce sul Sito web o attraverso la violazione dei sistemi di sicurezza del Sito web.<\/p><p>Ciononostante, Mon dichiara di aver adottato tutte le misure necessarie, nell&#8217;ambito delle proprie possibilit\u00e0 e dello stato dell&#8217;arte, per garantire il funzionamento del Sito web e ridurre al minimo gli errori di sistema, sia dal punto di vista tecnico che per quanto riguarda i contenuti pubblicati sul Sito web.<\/p><p>Mon non garantisce la legalit\u00e0, l&#8217;affidabilit\u00e0 o l&#8217;utilit\u00e0 dei contenuti forniti da terzi attraverso il Sito web. Se l&#8217;Utente viene a conoscenza dell&#8217;esistenza di contenuti illeciti, illegali, contrari alla legge o che potrebbero violare i diritti di terzi, \u00e8 tenuto a comunicarlo immediatamente a Mon affinch\u00e9 quest&#8217;ultima possa adottare le misure del caso.<\/p><p>Mon non \u00e8 responsabile della veridicit\u00e0, dell&#8217;integrit\u00e0 o dell&#8217;aggiornamento delle informazioni pubblicate sul Sito da fonti esterne, n\u00e9 di quelle contenute in altre piattaforme a cui si accede dal Sito. Mon non sar\u00e0 responsabile di eventuali danni ipotetici che potrebbero derivare dall&#8217;uso delle suddette informazioni.<\/p><p>Mon non sar\u00e0 responsabile per cause al di fuori del suo controllo, tra cui, a titolo esemplificativo e non esaustivo: forza maggiore, problemi di accesso a Internet, problemi tecnologici al di fuori della gestione diligente e ragionevole di Mon, azioni o omissioni di terzi, ecc. In tutti i casi summenzionati, al di fuori del controllo e della diligenza di Mon, non vi sar\u00e0 alcun risarcimento da parte di Mon all&#8217;Utente per danni o perdite, nella misura consentita dalla legislazione vigente.<\/p><p><strong>SOSPENSIONE DEL SITO WEB<\/strong><\/p><p>Mon si riserva il diritto di sospendere, modificare, limitare o interrompere, temporaneamente o permanentemente, l&#8217;accesso, la navigazione, l&#8217;uso, l&#8217;hosting e\/o il download del contenuto e\/o l&#8217;uso dei servizi del Sito web, con o senza preavviso, agli Utenti che contravvengono a una qualsiasi delle disposizioni dettagliate nel presente Avviso legale, senza che l&#8217;Utente possa richiedere alcun risarcimento per questo motivo.<\/p><p><strong>RISERVATEZZA E PROTEZIONE DEI DATI<\/strong><\/p><p>In conformit\u00e0 con le disposizioni della Legge Organica 15\/1999, del 13 dicembre, sulla Protezione dei Dati Personali, tutti i dati personali raccolti durante l&#8217;utilizzo del Sito Web saranno trattati in conformit\u00e0 con le disposizioni della Politica sulla Privacy, che tutti gli Utenti devono accettare espressamente per poter utilizzare e registrarsi nel sistema.<\/p><p><strong>GENERALE<\/strong><\/p><p>I titoli delle diverse clausole sono solo a scopo informativo e non influiscono, qualificano o estendono l&#8217;interpretazione del presente Avviso legale. Allo stesso modo, Mon potr\u00e0 modificare i termini e le condizioni qui stipulate, in tutto o in parte, pubblicando qualsiasi cambiamento nella stessa forma in cui appare questo Avviso Legale o attraverso qualsiasi tipo di comunicazione rivolta agli Utenti.<\/p><p>La validit\u00e0 temporanea del presente Avviso Legale coincide, pertanto, con il momento della sua pubblicazione, fino alla sua modifica totale o parziale, momento in cui entrer\u00e0 in vigore l&#8217;Avviso Legale modificato.<\/p><p>Mon pu\u00f2 terminare, sospendere o interrompere, in qualsiasi momento e senza necessit\u00e0 di preavviso, l&#8217;accesso ai contenuti del Sito Web, senza che l&#8217;Utente possa pretendere alcun risarcimento. Dopo tale cessazione, rimarranno in vigore i divieti di utilizzo dei contenuti indicati in precedenza nel presente Avviso Legale.<\/p><p>Nel caso in cui una qualsiasi disposizione del presente Avviso legale sia dichiarata nulla o inapplicabile, in tutto o in parte, da una Corte, un Tribunale o un organo amministrativo competente, tale nullit\u00e0 o inapplicabilit\u00e0 non influir\u00e0 sulle restanti disposizioni del presente Avviso legale.<\/p><p>Il mancato esercizio o la mancata applicazione da parte di Mon di qualsiasi diritto o disposizione contenuta nel presente Avviso legale non costituisce una rinuncia allo stesso, a meno che non sia riconosciuto e concordato per iscritto da Mon.<\/p><p><strong>LEGGE APPLICABILE E GIURISDIZIONE COMPETENTE<\/strong><\/p><p>Questo Sito web \u00e8 regolato dalle leggi vigenti in Spagna.<\/p><p>Per qualsiasi controversia che possa sorgere nell&#8217;interpretazione e nell&#8217;applicazione del presente Avviso legale, e nella misura consentita dalla legislazione vigente, sia Mon che gli Utenti si sottomettono espressamente alla giurisdizione delle Corti e dei Tribunali della citt\u00e0 di Madrid, rinunciando alla propria eventuale giurisdizione.<\/p>\t\t\t\t\t\t\t\t<\/div>\n\t\t\t\t<\/div>\n\t\t\t\t\t<\/div>\n\t\t<\/div>\n\t\t\t\t\t<\/div>\n\t\t<\/section>\n\t\t\t\t<\/div>\n\t\t","protected":false},"excerpt":{"rendered":"<p>AVVISO LEGALE L&#8217;accesso, la navigazione e l&#8217;utilizzo del sito web www.mongonzalez.es (di seguito, il &#8220;Sito web&#8221;) implica l&#8217;accettazione espressa e senza riserve di tutti i termini del presente Avviso legale. La sua osservanza e il suo rispetto saranno validi per qualsiasi persona che acceda, navighi o utilizzi il sito web. IDENTIFICAZIONE Proprietario: Mon Gonz\u00e1lez (di [&hellip;]<\/p>\n","protected":false},"author":1,"featured_media":0,"parent":0,"menu_order":200,"comment_status":"closed","ping_status":"closed","template":"elementor_header_footer","meta":{"footnotes":""},"class_list":["post-6540","page","type-page","status-publish","hentry"],"_links":{"self":[{"href":"https:\/\/mongonzalez.es\/it\/wp-json\/wp\/v2\/pages\/6540","targetHints":{"allow":["GET"]}}],"collection":[{"href":"https:\/\/mongonzalez.es\/it\/wp-json\/wp\/v2\/pages"}],"about":[{"href":"https:\/\/mongonzalez.es\/it\/wp-json\/wp\/v2\/types\/page"}],"author":[{"embeddable":true,"href":"https:\/\/mongonzalez.es\/it\/wp-json\/wp\/v2\/users\/1"}],"replies":[{"embeddable":true,"href":"https:\/\/mongonzalez.es\/it\/wp-json\/wp\/v2\/comments?post=6540"}],"version-history":[{"count":0,"href":"https:\/\/mongonzalez.es\/it\/wp-json\/wp\/v2\/pages\/6540\/revisions"}],"wp:attachment":[{"href":"https:\/\/mongonzalez.es\/it\/wp-json\/wp\/v2\/media?parent=6540"}],"curies":[{"name":"wp","href":"https:\/\/api.w.org\/{rel}","templated":true}]}}