{"id":6651,"date":"2021-01-21T21:20:08","date_gmt":"2021-01-21T21:20:08","guid":{"rendered":"https:\/\/mongonzalez.es\/?page_id=6651"},"modified":"2024-06-14T19:13:01","modified_gmt":"2024-06-14T19:13:01","slug":"aviso-legal","status":"publish","type":"page","link":"https:\/\/mongonzalez.es\/pt-pt\/aviso-legal\/","title":{"rendered":"Legal notice"},"content":{"rendered":"\t\t<div data-elementor-type=\"wp-page\" data-elementor-id=\"6651\" class=\"elementor elementor-6651 elementor-5569\" data-elementor-post-type=\"page\">\n\t\t\t\t\t\t<section class=\"elementor-section elementor-top-section elementor-element elementor-element-4c7c9f16 elementor-section-boxed elementor-section-height-default elementor-section-height-default\" data-id=\"4c7c9f16\" data-element_type=\"section\" data-e-type=\"section\">\n\t\t\t\t\t\t<div class=\"elementor-container elementor-column-gap-default\">\n\t\t\t\t\t<div class=\"elementor-column elementor-col-100 elementor-top-column elementor-element elementor-element-5d68221e\" data-id=\"5d68221e\" data-element_type=\"column\" data-e-type=\"column\">\n\t\t\t<div class=\"elementor-widget-wrap elementor-element-populated\">\n\t\t\t\t\t\t<div class=\"elementor-element elementor-element-342eb220 elementor-widget elementor-widget-text-editor\" data-id=\"342eb220\" data-element_type=\"widget\" data-e-type=\"widget\" data-widget_type=\"text-editor.default\">\n\t\t\t\t<div class=\"elementor-widget-container\">\n\t\t\t\t\t\t\t\t\t<p><strong>AVISO LEGAL<\/strong><\/p><p>O acesso, navega\u00e7\u00e3o e utiliza\u00e7\u00e3o do s\u00edtio Web www.mongonzalez.es (doravante, o &#8220;S\u00edtio Web&#8221;) implica a aceita\u00e7\u00e3o expressa e sem reservas de todos os termos do presente Aviso Legal. A sua observ\u00e2ncia e cumprimento ser\u00e3o obrigat\u00f3rios para qualquer pessoa que aceda, navegue ou utilize o s\u00edtio Web.<\/p><p><strong>IDENTIFICA\u00c7\u00c3O<\/strong><\/p><p>Propriet\u00e1rio: Mon Gonz\u00e1lez (doravante, &#8220;Mon&#8221;)<\/p><p>Correio eletr\u00f3nico: <a href=\"mailto:info@mongonzalez.es\" target=\"_blank\" rel=\"noopener\">info@mongonzalez.es<\/a><\/p><p><strong>OBJECTO<\/strong><\/p><p>O presente Aviso Legal regula o acesso, a navega\u00e7\u00e3o e a utiliza\u00e7\u00e3o do Website, sem preju\u00edzo do facto de a Mon se reservar o direito de modificar a apresenta\u00e7\u00e3o, a configura\u00e7\u00e3o e o conte\u00fado do Website, bem como as condi\u00e7\u00f5es exigidas para o seu acesso e\/ou utiliza\u00e7\u00e3o. O acesso e\/ou a utiliza\u00e7\u00e3o do Website ap\u00f3s a entrada em vigor das suas modifica\u00e7\u00f5es ou altera\u00e7\u00f5es implica a aceita\u00e7\u00e3o das mesmas.<\/p><p>No entanto, o acesso a determinados conte\u00fados e a utiliza\u00e7\u00e3o de determinados servi\u00e7os podem estar sujeitos a determinadas condi\u00e7\u00f5es espec\u00edficas, que ser\u00e3o, em qualquer caso, claramente indicadas e que devem ser expressamente aceites pelos Utilizadores. Estas condi\u00e7\u00f5es particulares podem substituir, completar ou, se for o caso, modificar as estabelecidas no presente Aviso Legal.<\/p><p>Para efeitos de interpreta\u00e7\u00e3o do presente Aviso Legal, entende-se que uma pessoa se converte em utilizador (doravante, &#8220;Utilizador&#8221; ou &#8220;Utilizadores&#8221;) no momento em que aceita o presente Aviso Legal e a Pol\u00edtica de Privacidade que consta no S\u00edtio Web.<\/p><p><strong>ACESSO E REGISTO<\/strong><\/p><p>O acesso e a utiliza\u00e7\u00e3o do s\u00edtio Web n\u00e3o requerem registo. No entanto, ao aceder e navegar no S\u00edtio Web, o Utilizador aceita na \u00edntegra e compromete-se a cumprir integralmente o presente Aviso Legal, bem como as instru\u00e7\u00f5es ou recomenda\u00e7\u00f5es que possam ser indicadas em cada caso concreto atrav\u00e9s do S\u00edtio Web.<\/p><p>Em qualquer caso, \u00e9 proibido o acesso e a navega\u00e7\u00e3o no S\u00edtio Web por parte de menores de dezoito (18) anos, exceto se tiverem a autoriza\u00e7\u00e3o pr\u00e9via e expressa dos pais, tutores ou representantes legais, que ser\u00e3o respons\u00e1veis pelos actos praticados pelos menores a seu cargo, de acordo com a legisla\u00e7\u00e3o em vigor. Em qualquer caso, presume-se que o acesso de um menor ao S\u00edtio Web foi efectuado com a autoriza\u00e7\u00e3o pr\u00e9via e expressa dos seus pais, tutores ou representantes legais.<\/p><p><strong>DIREITOS DE PROPRIEDADE INTELECTUAL E INDUSTRIAL<\/strong><\/p><p>A Mon \u00e9 titular ou, se for o caso, disp\u00f5e das licen\u00e7as correspondentes aos direitos de explora\u00e7\u00e3o da propriedade intelectual e industrial necess\u00e1rios para a explora\u00e7\u00e3o do Website, bem como de todos os conte\u00fados oferecidos no Website, incluindo o pr\u00f3prio Website, textos, fotografias ou ilustra\u00e7\u00f5es, log\u00f3tipos, marcas, gr\u00e1ficos, desenhos, interfaces ou qualquer outra informa\u00e7\u00e3o ou conte\u00fado, e os servi\u00e7os dispon\u00edveis atrav\u00e9s do Website.<\/p><p>Em caso algum poder\u00e1 ser entendido que o acesso, navega\u00e7\u00e3o e utiliza\u00e7\u00e3o do Website pelo Utilizador implica uma ren\u00fancia, transmiss\u00e3o, licen\u00e7a ou transfer\u00eancia total ou parcial dos referidos direitos pela Mon. O Utilizador tem o direito de utilizar os conte\u00fados e\/ou servi\u00e7os do Website num contexto estritamente nacional e apenas com o objetivo de usufruir dos servi\u00e7os prestados de acordo com o presente Aviso Legal.<\/p><p>As refer\u00eancias a marcas registadas ou nomes comerciais, ou outros sinais distintivos, quer sejam propriedade da Mon ou de terceiros, implicam a proibi\u00e7\u00e3o da sua utiliza\u00e7\u00e3o sem o consentimento da Mon ou dos seus leg\u00edtimos propriet\u00e1rios. Em nenhum momento o acesso, navega\u00e7\u00e3o ou utiliza\u00e7\u00e3o do Website e\/ou dos seus conte\u00fados confere ao Utilizador qualquer direito sobre os sinais distintivos nele inclu\u00eddos, salvo disposi\u00e7\u00e3o em contr\u00e1rio no presente Aviso Legal.<\/p><p>Ficam reservados todos os direitos de propriedade intelectual e industrial sobre os conte\u00fados e\/ou servi\u00e7os do Website e, em particular, \u00e9 proibido modificar, copiar, reproduzir, comunicar publicamente, transformar ou distribuir, por qualquer meio e sob qualquer forma, a totalidade ou parte dos conte\u00fados inclu\u00eddos no Website, para qualquer fim, sem a autoriza\u00e7\u00e3o pr\u00e9via, expressa e escrita da Mon ou, se for o caso, da Mon dos direitos correspondentes.<\/p><p>Da mesma forma, \u00e9 proibido remover ou manipular as indica\u00e7\u00f5es de direitos de autor ou outros cr\u00e9ditos que identifiquem os titulares dos direitos dos conte\u00fados que o Utilizador encontra no Website, bem como os dispositivos t\u00e9cnicos de prote\u00e7\u00e3o, impress\u00f5es digitais ou qualquer mecanismo de prote\u00e7\u00e3o ou informa\u00e7\u00e3o incorporada nos conte\u00fados oferecidos no Website.<\/p><p>No caso de o Utilizador enviar informa\u00e7\u00f5es ou conte\u00fados de qualquer tipo \u00e0 Mon atrav\u00e9s de qualquer um dos canais disponibilizados para o efeito, o Utilizador declara, garante e aceita que tem o direito de o fazer livremente, que essas informa\u00e7\u00f5es n\u00e3o infringem quaisquer direitos de propriedade intelectual ou industrial, segredos comerciais ou quaisquer outros direitos de terceiros e que essas informa\u00e7\u00f5es n\u00e3o s\u00e3o confidenciais ou prejudiciais a terceiros.<\/p><p>O Utilizador reconhece que assume a responsabilidade, deixando a Mon ilesa, por qualquer comunica\u00e7\u00e3o ou conte\u00fado que envie pessoalmente ou em seu nome.<\/p><p>Se o Utilizador tiver conhecimento da exist\u00eancia de qualquer conte\u00fado il\u00edcito, ilegal, contr\u00e1rio \u00e0 lei ou que possa implicar uma viola\u00e7\u00e3o de direitos de propriedade intelectual ou industrial, ou de qualquer outra natureza, dever\u00e1 notificar imediatamente a Mon atrav\u00e9s do endere\u00e7o de correio eletr\u00f3nico info@mongonzalez.es para que esta possa proceder \u00e0 ado\u00e7\u00e3o das medidas adequadas.<\/p><p>Da mesma forma, no caso de qualquer Utilizador ou terceiro considerar que qualquer conte\u00fado do Website propriedade da Mon infringe os seus direitos de propriedade intelectual ou industrial, ou de qualquer outra natureza, dever\u00e1 enviar uma comunica\u00e7\u00e3o para info@mongonzalez.es com as seguintes informa\u00e7\u00f5es:<\/p><p>Dados de identifica\u00e7\u00e3o e contacto do reclamante ou do seu representante legal;<\/p><p>Documenta\u00e7\u00e3o que comprove a sua qualidade de Mon dos direitos alegadamente infringidos;<\/p><p>Descri\u00e7\u00e3o detalhada dos direitos alegadamente infringidos pela Mon, bem como a sua localiza\u00e7\u00e3o exacta no Website;<\/p><p>Declara\u00e7\u00e3o expressa do reclamante de que a utiliza\u00e7\u00e3o do conte\u00fado foi efectuada sem o consentimento do propriet\u00e1rio dos direitos alegadamente infringidos.<\/p><p><strong>LIGA\u00c7\u00d5ES<\/strong><\/p><p><strong>LIGA\u00c7\u00d5ES A OUTROS S\u00cdTIOS WEB<\/strong><\/p><p>No caso de serem apresentadas liga\u00e7\u00f5es a outras p\u00e1ginas Web no Website atrav\u00e9s de diferentes bot\u00f5es, liga\u00e7\u00f5es, banners ou conte\u00fados incorporados, a Mon informa que estes s\u00e3o geridos por terceiros e que a Mon n\u00e3o disp\u00f5e de meios humanos nem t\u00e9cnicos para conhecer antecipadamente e\/ou controlar e\/ou aprovar todas as informa\u00e7\u00f5es, conte\u00fados, produtos ou servi\u00e7os fornecidos por outras plataformas para as quais podem ser estabelecidas liga\u00e7\u00f5es a partir do Website.<\/p><p>Consequentemente, a Mon n\u00e3o pode assumir qualquer tipo de responsabilidade por qualquer aspeto relacionado com o Website ou p\u00e1gina web para a qual possa ser estabelecida uma liga\u00e7\u00e3o a partir do Website, nomeadamente, mas n\u00e3o exclusivamente, o seu funcionamento, acesso, dados, informa\u00e7\u00f5es, ficheiros, qualidade e fiabilidade dos seus produtos e servi\u00e7os, as suas pr\u00f3prias liga\u00e7\u00f5es e\/ou qualquer dos seus conte\u00fados, em geral.<\/p><p>Neste sentido, se os Utilizadores tiverem conhecimento efetivo de que as actividades realizadas atrav\u00e9s destes websites de terceiros s\u00e3o ilegais ou contr\u00e1rias \u00e0 moral e\/ou \u00e0 ordem p\u00fablica, dever\u00e3o informar imediatamente a Mon para que a liga\u00e7\u00e3o de acesso aos mesmos possa ser desactivada, a\u00e7\u00e3o que ser\u00e1 levada a cabo o mais rapidamente poss\u00edvel.<\/p><p>Em qualquer caso, o estabelecimento de qualquer tipo de liga\u00e7\u00e3o do Website para outro website externo n\u00e3o implica a exist\u00eancia de qualquer tipo de rela\u00e7\u00e3o, colabora\u00e7\u00e3o ou depend\u00eancia entre a Mon e a parte respons\u00e1vel pelo referido website externo.<\/p><p><strong>LIGA\u00c7\u00d5ES PARA O CANAL DO PROPRIET\u00c1RIO NOUTRAS PLATAFORMAS E REDES SOCIAIS<\/strong><\/p><p>A Mon coloca \u00e0 disposi\u00e7\u00e3o dos Utilizadores, atrav\u00e9s de diferentes ferramentas e aplica\u00e7\u00f5es, meios de liga\u00e7\u00e3o que permitem aos Utilizadores aceder aos canais e p\u00e1ginas do Website que mant\u00e9m em diferentes plataformas e redes sociais pertencentes e\/ou geridas por terceiros (por exemplo, X, LinkedIn , YouTube, etc.). A inclus\u00e3o destas liga\u00e7\u00f5es no S\u00edtio Web tem como \u00fanico objetivo proporcionar aos Utilizadores o acesso a estes canais nas diferentes plataformas e redes sociais.<\/p><p>O estabelecimento destas aplica\u00e7\u00f5es n\u00e3o implica a exist\u00eancia de qualquer rela\u00e7\u00e3o entre a Mon e o propriet\u00e1rio, fabricante ou distribuidor do Website ligado, nem a aceita\u00e7\u00e3o e aprova\u00e7\u00e3o pela Mon dos seus conte\u00fados e\/ou servi\u00e7os, sendo o propriet\u00e1rio, fabricante ou distribuidor o \u00fanico respons\u00e1vel pelos mesmos.<\/p><p>A ativa\u00e7\u00e3o e utiliza\u00e7\u00e3o destas aplica\u00e7\u00f5es poder\u00e1 implicar a identifica\u00e7\u00e3o e autentica\u00e7\u00e3o do Utilizador (login\/palavra-passe) nas plataformas correspondentes, que s\u00e3o completamente externas ao Website e fora do controlo da Mon. Ao aceder a essas redes externas, o Utilizador entra num ambiente que n\u00e3o \u00e9 controlado pela Mon e a Mon n\u00e3o assume qualquer responsabilidade pelas defini\u00e7\u00f5es de seguran\u00e7a desses ambientes.<\/p><p>Uma vez que a Mon pode ter um controlo limitado sobre o conte\u00fado alojado nesses canais, o Utilizador reconhece e concorda que a Mon n\u00e3o assume qualquer responsabilidade ou obriga\u00e7\u00e3o pelo conte\u00fado ou servi\u00e7os a que o Utilizador possa aceder nesses sites, ou por qualquer conte\u00fado, produtos, servi\u00e7os, publicidade ou outros materiais dispon\u00edveis nesses sites.<\/p><p><strong>LIGA\u00c7\u00d5ES NOUTRAS P\u00c1GINAS WEB PARA O WEBSITE<\/strong><\/p><p>A Mon n\u00e3o autoriza o estabelecimento de uma liga\u00e7\u00e3o para o Website a partir de p\u00e1ginas que contenham materiais, informa\u00e7\u00f5es ou conte\u00fados il\u00edcitos, ilegais, degradantes, obscenos e, em geral, que violem a lei, a moral ou a ordem p\u00fablica, ou as normas sociais geralmente aceites.<\/p><p>Em qualquer caso, os Utilizadores podem estabelecer liga\u00e7\u00f5es para o S\u00edtio Web, desde que cumpram as seguintes condi\u00e7\u00f5es:<\/p><p>A liga\u00e7\u00e3o n\u00e3o pode reproduzir o conte\u00fado do s\u00edtio Web ou partes do mesmo sob qualquer forma;<\/p><p>N\u00e3o \u00e9 permitido criar um ambiente de browser ou de fronteira sobre sec\u00e7\u00f5es do S\u00edtio Web, nem modificar o S\u00edtio Web de qualquer outra forma;<\/p><p>N\u00e3o \u00e9 permitido fazer declara\u00e7\u00f5es ou indica\u00e7\u00f5es falsas, imprecisas ou incorrectas sobre o Web site e\/ou, em particular, afirmar ou dar a impress\u00e3o de que a Mon autorizou a liga\u00e7\u00e3o ou que supervisionou ou assumiu de qualquer forma os conte\u00fados ou servi\u00e7os oferecidos ou disponibilizados na p\u00e1gina Web em que a liga\u00e7\u00e3o \u00e9 estabelecida;<\/p><p>A p\u00e1gina web onde se estabelece a liga\u00e7\u00e3o ao Website n\u00e3o dever\u00e1 conter informa\u00e7\u00f5es ou conte\u00fados il\u00edcitos, contr\u00e1rios \u00e0 moral e aos bons costumes geralmente aceites e \u00e0 ordem p\u00fablica, nem conte\u00fados contr\u00e1rios a quaisquer direitos de terceiros, incluindo os direitos de propriedade intelectual ou industrial e\/ou o direito \u00e0 honra, \u00e0 intimidade pessoal ou familiar ou \u00e0 pr\u00f3pria imagem ou qualquer outro direito, ou conte\u00fados contr\u00e1rios \u00e0s normas que regem a prote\u00e7\u00e3o de dados pessoais.<\/p><p>A Mon n\u00e3o tem o poder nem os meios humanos ou t\u00e9cnicos para conhecer, controlar ou aprovar todas as informa\u00e7\u00f5es, conte\u00fados, produtos ou servi\u00e7os fornecidos por outros websites que tenham estabelecido liga\u00e7\u00f5es para o Website. A Mon n\u00e3o assume qualquer tipo de responsabilidade por qualquer aspeto relacionado com a p\u00e1gina web que estabelece a liga\u00e7\u00e3o ao Website; designadamente, mas sem limitar, o seu funcionamento, acesso, dados, informa\u00e7\u00f5es, ficheiros, qualidade e fiabilidade dos seus produtos e servi\u00e7os, as suas pr\u00f3prias liga\u00e7\u00f5es e\/ou qualquer dos seus conte\u00fados, em geral.<\/p><p><strong>REGRAS DE UTILIZA\u00c7\u00c3O DO S\u00cdTIO WEB<\/strong><\/p><p>O acesso ou a utiliza\u00e7\u00e3o do Site para fins ilegais ou n\u00e3o autorizados, com ou sem fins lucrativos, n\u00e3o \u00e9 permitido e, portanto, as suas consequ\u00eancias ser\u00e3o da exclusiva responsabilidade do Utilizador. Em particular, e sem que a lista seguinte tenha um car\u00e1cter restritivo, \u00e9 proibido<\/p><p>Utilizar o Site de qualquer forma que possa causar danos, interrup\u00e7\u00f5es, inefici\u00eancias ou defeitos no seu funcionamento ou no equipamento inform\u00e1tico de terceiros;<\/p><p>Utilizar o Website para a transmiss\u00e3o, instala\u00e7\u00e3o ou publica\u00e7\u00e3o de quaisquer v\u00edrus, c\u00f3digos maliciosos ou outros programas ou ficheiros nocivos;<\/p><p>Utilizar o Site para recolher dados pessoais de outros Utilizadores;<\/p><p>Utilizar o Site de forma ilegal, contra a boa f\u00e9, a moral e a ordem p\u00fablica;<\/p><p>Registar-se atrav\u00e9s do Website com uma identidade falsa, fazer-se passar por um terceiro ou utilizar um perfil ou realizar qualquer outra a\u00e7\u00e3o que possa induzir em erro outros Utilizadores quanto \u00e0 identidade do Utilizador;<\/p><p>Acesso n\u00e3o autorizado a qualquer sec\u00e7\u00e3o do Website, a outros sistemas ou redes ligados ao Website, aos servidores da Mon ou aos servi\u00e7os oferecidos atrav\u00e9s do Website, atrav\u00e9s de pirataria inform\u00e1tica ou falsifica\u00e7\u00e3o, extra\u00e7\u00e3o de palavras-passe ou quaisquer outros meios ileg\u00edtimos;<\/p><p>Violar, ou tentar violar, as medidas de seguran\u00e7a ou autentica\u00e7\u00e3o do Website ou de qualquer rede ligada ao Website, ou as medidas de seguran\u00e7a ou prote\u00e7\u00e3o inerentes ao conte\u00fado oferecido no Website;<\/p><p>Tomar qualquer medida que cause uma press\u00e3o desproporcionada ou desnecess\u00e1ria sobre a infraestrutura do Website ou dos sistemas ou redes da Mon, bem como dos sistemas e redes ligados ao Website; ou<\/p><p>Impedir o normal desenvolvimento de um evento, concurso, promo\u00e7\u00e3o ou qualquer outra atividade dispon\u00edvel atrav\u00e9s do Website ou de qualquer uma das suas funcionalidades, quer alterando ou tentando alterar, ilegalmente ou de qualquer outra forma, o acesso, a participa\u00e7\u00e3o ou o funcionamento do mesmo, quer falsificando o resultado do mesmo e\/ou utilizando m\u00e9todos de participa\u00e7\u00e3o fraudulentos, atrav\u00e9s de qualquer procedimento e\/ou atrav\u00e9s de qualquer pr\u00e1tica que viole ou infrinja o presente Aviso Legal.<\/p><p>O incumprimento de qualquer uma das obriga\u00e7\u00f5es acima referidas por parte do Utilizador pode levar \u00e0 ado\u00e7\u00e3o pela Mon das medidas adequadas protegidas pela Lei e no exerc\u00edcio dos seus direitos ou obriga\u00e7\u00f5es, o que pode levar \u00e0 elimina\u00e7\u00e3o ou bloqueio da conta do Utilizador infrator, sem possibilidade de qualquer indemniza\u00e7\u00e3o pelos danos causados.<\/p><p><strong>RESPONSABILIDADES E GARANTIAS<\/strong><\/p><p>A Mon n\u00e3o pode garantir a fiabilidade, utilidade ou veracidade de todas as informa\u00e7\u00f5es e\/ou servi\u00e7os e conte\u00fados do Website, nem a utilidade ou veracidade da documenta\u00e7\u00e3o disponibilizada atrav\u00e9s do mesmo.<\/p><p>Consequentemente, a Mon n\u00e3o garante e n\u00e3o assume qualquer responsabilidade por:<\/p><p>A continuidade dos conte\u00fados e servi\u00e7os do S\u00edtio Web;<\/p><p>A aus\u00eancia de erros nos referidos conte\u00fados e servi\u00e7os;<\/p><p>A aus\u00eancia de v\u00edrus e\/ou outros componentes nocivos no Website ou no servidor que o fornece;<\/p><p>A invulnerabilidade do s\u00edtio Web e\/ou a impossibilidade de violar as medidas de seguran\u00e7a nele adoptadas;<\/p><p>A falta de utilidade ou desempenho dos conte\u00fados e servi\u00e7os do Website; e os danos ou preju\u00edzos causados, a si pr\u00f3prio ou a terceiros, por qualquer pessoa que infrinja as condi\u00e7\u00f5es, regras e instru\u00e7\u00f5es que a Mon estabelece no Website ou atrav\u00e9s da viola\u00e7\u00e3o dos sistemas de seguran\u00e7a do Website.<\/p><p>N\u00e3o obstante, a Mon declara que adoptou todas as medidas necess\u00e1rias, dentro das suas possibilidades e do estado da arte, para garantir o funcionamento do Website e minimizar os erros do sistema, tanto do ponto de vista t\u00e9cnico como em termos do conte\u00fado publicado no Website.<\/p><p>A Mon n\u00e3o garante a legalidade, fiabilidade ou utilidade dos conte\u00fados fornecidos por terceiros atrav\u00e9s do Website. Se o Utilizador tiver conhecimento da exist\u00eancia de qualquer conte\u00fado il\u00edcito, ilegal, contr\u00e1rio \u00e0 lei ou que possa violar os direitos de terceiros, dever\u00e1 notificar imediatamente a Mon para que esta possa adotar as medidas adequadas.<\/p><p>A Mon n\u00e3o se responsabiliza pela veracidade, integridade ou atualiza\u00e7\u00e3o das informa\u00e7\u00f5es publicadas no Website a partir de fontes externas, nem pelas contidas noutras plataformas para as quais sejam feitas liga\u00e7\u00f5es a partir do Website. A Mon n\u00e3o se responsabiliza por quaisquer danos hipot\u00e9ticos que possam advir da utiliza\u00e7\u00e3o das referidas informa\u00e7\u00f5es.<\/p><p>A Mon n\u00e3o poder\u00e1 ser responsabilizada por causas fora do seu controlo, incluindo, mas n\u00e3o se limitando a: for\u00e7a maior, problemas de acesso \u00e0 Internet, problemas tecnol\u00f3gicos fora da gest\u00e3o diligente e razo\u00e1vel da Mon, ac\u00e7\u00f5es ou omiss\u00f5es de terceiros, etc. Em todos os casos acima referidos, fora do controlo e da dilig\u00eancia da Mon, n\u00e3o haver\u00e1 lugar a qualquer indemniza\u00e7\u00e3o por parte da Mon ao Utilizador por danos ou preju\u00edzos, na medida do permitido pela legisla\u00e7\u00e3o em vigor.<\/p><p><strong>SUSPENS\u00c3O DO S\u00cdTIO WEB<\/strong><\/p><p>A Mon reserva-se o direito de suspender, modificar, restringir ou interromper, tempor\u00e1ria ou permanentemente, o acesso, a navega\u00e7\u00e3o, a utiliza\u00e7\u00e3o, o alojamento e\/ou a transfer\u00eancia dos conte\u00fados e\/ou a utiliza\u00e7\u00e3o dos servi\u00e7os do Website, com ou sem aviso pr\u00e9vio, aos Utilizadores que infrinjam qualquer uma das disposi\u00e7\u00f5es detalhadas no presente Aviso Legal, sem que o Utilizador possa reclamar qualquer indemniza\u00e7\u00e3o por esse motivo.<\/p><p><strong>CONFIDENCIALIDADE E PROTEC\u00c7\u00c3O DE DADOS<\/strong><\/p><p>Em conformidade com o disposto na Lei Org\u00e2nica 15\/1999, de 13 de dezembro, de Prote\u00e7\u00e3o de Dados de Car\u00e1cter Pessoal, todos os dados pessoais recolhidos durante a utiliza\u00e7\u00e3o do S\u00edtio Web ser\u00e3o tratados em conformidade com o disposto na Pol\u00edtica de Privacidade, que todos os Utilizadores devem aceitar expressamente para poderem utilizar e registar-se no sistema.<\/p><p><strong>GERAL<\/strong><\/p><p>Os t\u00edtulos das diferentes cl\u00e1usulas t\u00eam car\u00e1cter meramente informativo e n\u00e3o afectam, qualificam ou alargam a interpreta\u00e7\u00e3o do presente Aviso Legal. Da mesma forma, a Mon poder\u00e1 modificar os termos e condi\u00e7\u00f5es aqui estipulados, total ou parcialmente, publicando qualquer altera\u00e7\u00e3o no mesmo formul\u00e1rio em que aparece este Aviso Legal ou atrav\u00e9s de qualquer tipo de comunica\u00e7\u00e3o dirigida aos Utilizadores.<\/p><p>A validade tempor\u00e1ria do presente Aviso Legal coincide, portanto, com o momento da sua publica\u00e7\u00e3o, at\u00e9 que seja total ou parcialmente modificado, altura em que o Aviso Legal modificado entrar\u00e1 em vigor.<\/p><p>A Mon poder\u00e1 dar por terminado, suspender ou interromper, em qualquer momento e sem necessidade de aviso pr\u00e9vio, o acesso ao conte\u00fado do Website, sem que o Utilizador possa exigir qualquer indemniza\u00e7\u00e3o. Ap\u00f3s tal cessa\u00e7\u00e3o, as proibi\u00e7\u00f5es de utiliza\u00e7\u00e3o dos conte\u00fados acima referidas no presente Aviso Legal manter-se-\u00e3o em vigor.<\/p><p>No caso de qualquer disposi\u00e7\u00e3o do presente Aviso Legal ser declarada nula ou inaplic\u00e1vel, no todo ou em parte, por qualquer tribunal ou \u00f3rg\u00e3o administrativo competente, essa nulidade ou inaplicabilidade n\u00e3o afectar\u00e1 as restantes disposi\u00e7\u00f5es do presente Aviso Legal.<\/p><p>O n\u00e3o exerc\u00edcio ou a n\u00e3o aplica\u00e7\u00e3o pela Mon de qualquer direito ou disposi\u00e7\u00e3o contida no presente Aviso Legal n\u00e3o constituir\u00e1 uma ren\u00fancia ao mesmo, exceto se reconhecido e acordado por escrito pela Mon.<\/p><p><strong>LEI APLIC\u00c1VEL E JURISDI\u00c7\u00c3O COMPETENTE<\/strong><\/p><p>Este Website \u00e9 regido pelas leis em vigor em Espanha.<\/p><p>Para qualquer lit\u00edgio que possa surgir na interpreta\u00e7\u00e3o e aplica\u00e7\u00e3o do presente Aviso Legal, e na medida do permitido pela legisla\u00e7\u00e3o em vigor, tanto a Mon como os Utilizadores submetem-se expressamente \u00e0 jurisdi\u00e7\u00e3o dos Tribunais da cidade de Madrid, renunciando \u00e0 sua pr\u00f3pria jurisdi\u00e7\u00e3o, caso exista.<\/p>\t\t\t\t\t\t\t\t<\/div>\n\t\t\t\t<\/div>\n\t\t\t\t\t<\/div>\n\t\t<\/div>\n\t\t\t\t\t<\/div>\n\t\t<\/section>\n\t\t\t\t<\/div>\n\t\t","protected":false},"excerpt":{"rendered":"<p>AVISO LEGAL O acesso, navega\u00e7\u00e3o e utiliza\u00e7\u00e3o do s\u00edtio Web www.mongonzalez.es (doravante, o &#8220;S\u00edtio Web&#8221;) implica a aceita\u00e7\u00e3o expressa e sem reservas de todos os termos do presente Aviso Legal. A sua observ\u00e2ncia e cumprimento ser\u00e3o obrigat\u00f3rios para qualquer pessoa que aceda, navegue ou utilize o s\u00edtio Web. IDENTIFICA\u00c7\u00c3O Propriet\u00e1rio: Mon Gonz\u00e1lez (doravante, &#8220;Mon&#8221;) Correio [&hellip;]<\/p>\n","protected":false},"author":1,"featured_media":0,"parent":0,"menu_order":200,"comment_status":"closed","ping_status":"closed","template":"elementor_header_footer","meta":{"footnotes":""},"class_list":["post-6651","page","type-page","status-publish","hentry"],"_links":{"self":[{"href":"https:\/\/mongonzalez.es\/pt-pt\/wp-json\/wp\/v2\/pages\/6651","targetHints":{"allow":["GET"]}}],"collection":[{"href":"https:\/\/mongonzalez.es\/pt-pt\/wp-json\/wp\/v2\/pages"}],"about":[{"href":"https:\/\/mongonzalez.es\/pt-pt\/wp-json\/wp\/v2\/types\/page"}],"author":[{"embeddable":true,"href":"https:\/\/mongonzalez.es\/pt-pt\/wp-json\/wp\/v2\/users\/1"}],"replies":[{"embeddable":true,"href":"https:\/\/mongonzalez.es\/pt-pt\/wp-json\/wp\/v2\/comments?post=6651"}],"version-history":[{"count":0,"href":"https:\/\/mongonzalez.es\/pt-pt\/wp-json\/wp\/v2\/pages\/6651\/revisions"}],"wp:attachment":[{"href":"https:\/\/mongonzalez.es\/pt-pt\/wp-json\/wp\/v2\/media?parent=6651"}],"curies":[{"name":"wp","href":"https:\/\/api.w.org\/{rel}","templated":true}]}}